{"id":11,"date":"2024-08-05T07:51:25","date_gmt":"2024-08-05T07:51:25","guid":{"rendered":"https:\/\/www.covermanager.com\/?page_id=11"},"modified":"2025-10-24T14:18:30","modified_gmt":"2025-10-24T12:18:30","slug":"solicita-una-demo","status":"publish","type":"page","link":"https:\/\/www.covermanager.com\/co\/solicita-una-demo\/","title":{"rendered":"Solicita una demo"},"content":{"rendered":"\n\n<div id=\"block_e33f03be0a89e3ea33fdfd5bc61ed855\" class=\"bisiesto-block b-landing-formulario  is-style-dark is-layout-constrained alignfull\">\n    <div class=\"b-landing-formulario__wrapper alignwide\">\n        <div class=\"b-landing-formulario__heading\" data-aos=\"fade-up\">\n                        <h2 class=\"b-landing-formulario__heading\">Conoce c\u00f3mo funciona CoverManager<\/h2>        <\/div>\n        <div class=\"b-landing-formulario__form u_text-positive\" data-aos=\"fade-up\">\n                                    <div class='_form_69'><\/div><script type='text\/javascript' src='https:\/\/covermanager.activehosted.com\/f\/embed.php?static=0&#038;id=69&#038;69F31BC235611&#038;nostyles=1&#038;preview=0'><\/script>        <\/div>\n        <div class=\"b-landing-formulario__content\" data-aos=\"fade-up\">\n            <div class=\"is-prose\">\n\n<p class=\"is-style-h5\">Solicita una demo de nuestro software de gesti\u00f3n de reservas para conocer c\u00f3mo las herramientas de CoverManager pueden ayudarte a aumentar la rentabilidad de tu restaurante. Durante la demo, uno de nuestros expertos te mostrar\u00e1 todas las funcionalidades de nuestro software y resolver\u00e1 todas tus dudas.<\/p>\n\n\n\n<ul class=\"bisiesto-block b-icon-list  alignfull\" id=\"block_31de973ff413fa1945c7a11b05648446\">\n            <li class=\"b-icon-list__item\">\n                                    <img decoding=\"async\" src=\"https:\/\/www.covermanager.com\/co\/wp-content\/uploads\/sites\/13\/2024\/08\/Check.svg\" class=\"attachment-full size-full\" alt=\"\" \/>                        <div class=\"content\">Rellena el formulario y uno de nuestros expertos se pondr\u00e1 en contacto contigo en las pr\u00f3ximas 24 horas para agendar una demo.<\/div>\n        <\/li>\n            <li class=\"b-icon-list__item\">\n                                    <img decoding=\"async\" src=\"https:\/\/www.covermanager.com\/co\/wp-content\/uploads\/sites\/13\/2024\/08\/Check.svg\" class=\"attachment-full size-full\" alt=\"\" \/>                        <div class=\"content\">Demostraci\u00f3n en vivo de la soluci\u00f3n que mejor se adapte a tu negocio<\/div>\n        <\/li>\n            <li class=\"b-icon-list__item\">\n                                    <img decoding=\"async\" src=\"https:\/\/www.covermanager.com\/co\/wp-content\/uploads\/sites\/13\/2024\/08\/Check.svg\" class=\"attachment-full size-full\" alt=\"\" \/>                        <div class=\"content\">Toda la informaci\u00f3n necesaria para empezar a utilizar CoverManager.<\/div>\n        <\/li>\n    <\/ul>\n\n\n\n\n<div id=\"block_872539d4fef6f74917d384bc5587d492'\" class=\"bisiesto-block b-contact-box \">\n    <div class=\"b-contact-box__content\">\n        <h4 class=\"b-contact-box__text\">\u00bfTienes dudas? Habla ahora con un consultor comercial<\/h4>\n        <div class=\"b-contact-box__phone\">\n            <img decoding=\"async\" src=\"https:\/\/www.covermanager.com\/co\/wp-content\/uploads\/sites\/13\/2024\/08\/icon-phone.svg\" class=\"b-contact-box__icon\" alt=\"\" \/>            <a href=\"tel:+576015898509\" class=\"b-contact-box__phone-link\">+57 601 5898509<\/a>\n        <\/div>\n    <\/div>\n\n<\/div>\n\n\n\n\n<p class=\"is-style-h5\"><strong>Con la confianza de m\u00e1s de 16.000 clientes en todo el mundo<\/strong><\/p>\n\n\n\n<figure class=\"wp-block-gallery has-nested-images columns-4 is-cropped wp-block-gallery-1 is-layout-flex wp-block-gallery-is-layout-flex\">\n<figure class=\"wp-block-image size-full\"><img loading=\"lazy\" decoding=\"async\" width=\"664\" height=\"205\" data-id=\"7367\" src=\"https:\/\/www.covermanager.com\/co\/wp-content\/uploads\/sites\/13\/2024\/10\/storia-damore.webp\" alt=\"logo storia damore (blanco)\" class=\"wp-image-7367\" srcset=\"https:\/\/www.covermanager.com\/co\/wp-content\/uploads\/sites\/13\/2024\/10\/storia-damore.webp 664w, https:\/\/www.covermanager.com\/co\/wp-content\/uploads\/sites\/13\/2024\/10\/storia-damore-300x93.webp 300w\" sizes=\"auto, (max-width: 664px) 100vw, 664px\" \/><\/figure>\n\n\n\n<figure class=\"wp-block-image size-full\"><img loading=\"lazy\" decoding=\"async\" width=\"225\" height=\"225\" data-id=\"7357\" src=\"https:\/\/www.covermanager.com\/co\/wp-content\/uploads\/sites\/13\/2024\/10\/dondoh.webp\" alt=\"logo dondoh (blanco)\" class=\"wp-image-7357\" srcset=\"https:\/\/www.covermanager.com\/co\/wp-content\/uploads\/sites\/13\/2024\/10\/dondoh.webp 225w, https:\/\/www.covermanager.com\/co\/wp-content\/uploads\/sites\/13\/2024\/10\/dondoh-150x150.webp 150w\" sizes=\"auto, (max-width: 225px) 100vw, 225px\" \/><\/figure>\n\n\n\n<figure class=\"wp-block-image size-full\"><img loading=\"lazy\" decoding=\"async\" width=\"300\" height=\"58\" data-id=\"7361\" src=\"https:\/\/www.covermanager.com\/co\/wp-content\/uploads\/sites\/13\/2024\/10\/la-cantina.webp\" alt=\"logola cantina (blanco)\" class=\"wp-image-7361\"\/><\/figure>\n\n\n\n<figure class=\"wp-block-image size-full\"><img loading=\"lazy\" decoding=\"async\" width=\"290\" height=\"250\" data-id=\"7365\" src=\"https:\/\/www.covermanager.com\/co\/wp-content\/uploads\/sites\/13\/2024\/10\/sambombi.webp\" alt=\"logo sambombi (blanco)\" class=\"wp-image-7365\"\/><\/figure>\n\n\n\n<figure class=\"wp-block-image size-full\"><img loading=\"lazy\" decoding=\"async\" width=\"808\" height=\"288\" data-id=\"7360\" src=\"https:\/\/www.covermanager.com\/co\/wp-content\/uploads\/sites\/13\/2024\/10\/juan-del-mar.webp\" alt=\"logo juan del mar (blanco)\" class=\"wp-image-7360\" srcset=\"https:\/\/www.covermanager.com\/co\/wp-content\/uploads\/sites\/13\/2024\/10\/juan-del-mar.webp 808w, https:\/\/www.covermanager.com\/co\/wp-content\/uploads\/sites\/13\/2024\/10\/juan-del-mar-300x107.webp 300w, https:\/\/www.covermanager.com\/co\/wp-content\/uploads\/sites\/13\/2024\/10\/juan-del-mar-768x274.webp 768w\" sizes=\"auto, (max-width: 808px) 100vw, 808px\" \/><\/figure>\n\n\n\n<figure class=\"wp-block-image size-large\"><img loading=\"lazy\" decoding=\"async\" width=\"1024\" height=\"1024\" data-id=\"7356\" src=\"https:\/\/www.covermanager.com\/co\/wp-content\/uploads\/sites\/13\/2024\/10\/astoria-1024x1024.webp\" alt=\"logo astoria (blanco)\" class=\"wp-image-7356\" srcset=\"https:\/\/www.covermanager.com\/co\/wp-content\/uploads\/sites\/13\/2024\/10\/astoria-1024x1024.webp 1024w, https:\/\/www.covermanager.com\/co\/wp-content\/uploads\/sites\/13\/2024\/10\/astoria-300x300.webp 300w, https:\/\/www.covermanager.com\/co\/wp-content\/uploads\/sites\/13\/2024\/10\/astoria-150x150.webp 150w, https:\/\/www.covermanager.com\/co\/wp-content\/uploads\/sites\/13\/2024\/10\/astoria-768x768.webp 768w, https:\/\/www.covermanager.com\/co\/wp-content\/uploads\/sites\/13\/2024\/10\/astoria-1536x1536.webp 1536w, https:\/\/www.covermanager.com\/co\/wp-content\/uploads\/sites\/13\/2024\/10\/astoria-2048x2048.webp 2048w\" sizes=\"auto, (max-width: 1024px) 100vw, 1024px\" \/><\/figure>\n\n\n\n<figure class=\"wp-block-image size-full\"><img loading=\"lazy\" decoding=\"async\" width=\"372\" height=\"167\" data-id=\"7363\" src=\"https:\/\/www.covermanager.com\/co\/wp-content\/uploads\/sites\/13\/2024\/10\/monserrate.webp\" alt=\"logo monserrate (blanco)\" class=\"wp-image-7363\" srcset=\"https:\/\/www.covermanager.com\/co\/wp-content\/uploads\/sites\/13\/2024\/10\/monserrate.webp 372w, https:\/\/www.covermanager.com\/co\/wp-content\/uploads\/sites\/13\/2024\/10\/monserrate-300x135.webp 300w\" sizes=\"auto, (max-width: 372px) 100vw, 372px\" \/><\/figure>\n\n\n\n<figure class=\"wp-block-image size-large\"><img loading=\"lazy\" decoding=\"async\" width=\"1024\" height=\"1024\" data-id=\"7364\" src=\"https:\/\/www.covermanager.com\/co\/wp-content\/uploads\/sites\/13\/2024\/10\/ranchomx-1024x1024.webp\" alt=\"logo rancho mx (blanco)\" class=\"wp-image-7364\" srcset=\"https:\/\/www.covermanager.com\/co\/wp-content\/uploads\/sites\/13\/2024\/10\/ranchomx-1024x1024.webp 1024w, https:\/\/www.covermanager.com\/co\/wp-content\/uploads\/sites\/13\/2024\/10\/ranchomx-300x300.webp 300w, https:\/\/www.covermanager.com\/co\/wp-content\/uploads\/sites\/13\/2024\/10\/ranchomx-150x150.webp 150w, https:\/\/www.covermanager.com\/co\/wp-content\/uploads\/sites\/13\/2024\/10\/ranchomx-768x768.webp 768w, https:\/\/www.covermanager.com\/co\/wp-content\/uploads\/sites\/13\/2024\/10\/ranchomx.webp 1080w\" sizes=\"auto, (max-width: 1024px) 100vw, 1024px\" \/><\/figure>\n<\/figure>\n\n<\/div>\n        <\/div>\n    <\/div>\n<\/div>\n\n\n\n\n\n\n\n<div class=\"wp-block-group alignfull has-black-background-color has-background is-layout-constrained wp-block-group-is-layout-constrained\" style=\"padding-top:var(--wp--preset--spacing--50);padding-bottom:var(--wp--preset--spacing--50)\">\n<p class=\"is-style-caption has-white-color has-text-color has-link-color wp-elements-9c3a5feaefa593e5a4ff7a3f9d8b6b35\">Restaurant Booking &amp; Distribution Services S.L ser\u00e1 el Responsable del tratamiento de tus datos personales con la finalidad de gestionar el env\u00edo de informaci\u00f3n y prospecci\u00f3n comercial relacionada con nuestros servicios y\/o productos. Podr\u00e1s ejercer tus derechos as\u00ed como retirar el consentimiento prestado para el tratamiento a trav\u00e9s de dpo@covermanager.com. M\u00e1s info sobre Protecci\u00f3n de Datos en https:\/\/www.covermanager.com\/politica-privacidad<\/p>\n<\/div>\n","protected":false},"excerpt":{"rendered":"<p>Restaurant Booking &amp; Distribution Services S.L ser\u00e1 el Responsable del tratamiento de tus datos personales con la finalidad de gestionar el env\u00edo de informaci\u00f3n y prospecci\u00f3n comercial relacionada con nuestros servicios y\/o productos. Podr\u00e1s ejercer tus derechos as\u00ed como retirar el consentimiento prestado para el tratamiento a trav\u00e9s de dpo@covermanager.com. M\u00e1s info sobre Protecci\u00f3n de [&hellip;]<\/p>\n","protected":false},"author":1,"featured_media":0,"parent":0,"menu_order":0,"comment_status":"closed","ping_status":"closed","template":"page-landing.php","meta":{"_acf_changed":false,"footnotes":""},"class_list":["post-11","page","type-page","status-publish","hentry"],"acf":[],"_links":{"self":[{"href":"https:\/\/www.covermanager.com\/co\/wp-json\/wp\/v2\/pages\/11","targetHints":{"allow":["GET"]}}],"collection":[{"href":"https:\/\/www.covermanager.com\/co\/wp-json\/wp\/v2\/pages"}],"about":[{"href":"https:\/\/www.covermanager.com\/co\/wp-json\/wp\/v2\/types\/page"}],"author":[{"embeddable":true,"href":"https:\/\/www.covermanager.com\/co\/wp-json\/wp\/v2\/users\/1"}],"replies":[{"embeddable":true,"href":"https:\/\/www.covermanager.com\/co\/wp-json\/wp\/v2\/comments?post=11"}],"version-history":[{"count":33,"href":"https:\/\/www.covermanager.com\/co\/wp-json\/wp\/v2\/pages\/11\/revisions"}],"predecessor-version":[{"id":7448,"href":"https:\/\/www.covermanager.com\/co\/wp-json\/wp\/v2\/pages\/11\/revisions\/7448"}],"wp:attachment":[{"href":"https:\/\/www.covermanager.com\/co\/wp-json\/wp\/v2\/media?parent=11"}],"curies":[{"name":"wp","href":"https:\/\/api.w.org\/{rel}","templated":true}]}}