{"id":414,"date":"2024-08-12T14:53:45","date_gmt":"2024-08-12T12:53:45","guid":{"rendered":"https:\/\/www.covermanager.com\/co\/?page_id=414"},"modified":"2025-08-29T12:53:36","modified_gmt":"2025-08-29T10:53:36","slug":"politica-de-privacidad","status":"publish","type":"page","link":"https:\/\/www.covermanager.com\/co\/politica-de-privacidad\/","title":{"rendered":"Pol\u00edtica de privacidad"},"content":{"rendered":"\n\n\n\n\n<h1 class=\"wp-block-heading\">Pol\u00edtica de privacidad<\/h1>\n\n\n\n<h2 class=\"wp-block-heading\">Informaci\u00f3n b\u00e1sica de privacidad<\/h2>\n\n\n\n<figure class=\"wp-block-table alignwide is-style-stripes\"><table><tbody><tr><td>Responsable<\/td><td>Restaurant Booking &amp; Distribution Services S.L.<br>Avenida de la Constituci\u00f3n n\u00ba 24 4\u00aa planta (41001, Sevilla)<br>B90227976<\/td><\/tr><tr><td>Finalidad<\/td><td>Gesti\u00f3n y control de las relaciones contractuales, as\u00ed como para la actividad de publicidad (en caso de aceptaci\u00f3n) o de prospecci\u00f3n comercial sobre nuestros productos y servicios, y las actividades propias de aquellos procesos de selecci\u00f3n para reclutamiento de candidatos a puestos de trabajo.<\/td><\/tr><tr><td>Legitimaci\u00f3n<\/td><td>Consentimiento inequ\u00edvoco a trav\u00e9s del acceso web, ejecuci\u00f3n de un contrato o medidas precontractuales (tanto contratos con clientes y proveedores, como aquellos de gesti\u00f3n de candidatos), inter\u00e9s leg\u00edtimo (contactos comerciales, ejecuci\u00f3n de medidas de seguridad sobre la compa\u00f1\u00eda), obligaci\u00f3n legal (obligaciones societarias de la compa\u00f1\u00eda).<\/td><\/tr><tr><td>Destinatarios<\/td><td>Organismos u autoridades p\u00fablicasProveedores de servicios<\/td><\/tr><tr><td>Conservaci\u00f3n de los datos<\/td><td>Mientras sean necesarios para alcanzar los fines de la contrataci\u00f3n y en funci\u00f3n de las circunstancias que apliquen en cada caso por obligaci\u00f3n legal, siendo en cualquier caso, el m\u00ednimo necesario.<\/td><\/tr><tr><td>Derechos de los interesados<\/td><td>Podr\u00e1 ejercitar los derechos de acceso, rectificaci\u00f3n, supresi\u00f3n, oposici\u00f3n, portabilidad, limitaci\u00f3n, y en su caso, retirada del consentimiento de sus datos personales en la direcci\u00f3n de correo electr\u00f3nico dpo@covermanager.com.<\/td><\/tr><\/tbody><\/table><\/figure>\n\n\n\n<h2 class=\"wp-block-heading\">Informaci\u00f3n desarrollada de privacidad<\/h2>\n\n\n\n<p>Desde CoverManager nos preocupamos por tu privacidad. Por ello, y en cumplimiento del Reglamento (UE) 2016\/679 del Parlamento Europeo y del Consejo de 27 de abril de 2016, sobre protecci\u00f3n de datos de las personas f\u00edsicas y de la Ley Org\u00e1nica 3\/2018, de 5 de diciembre de Protecci\u00f3n de Datos Personales y Garant\u00edas de los Derechos Digitales, queremos ofrecerte m\u00e1s informaci\u00f3n sobre el tratamiento de los datos que realizamos.<\/p>\n\n\n\n<h4 class=\"wp-block-heading\">1. \u00bfQui\u00e9n es el Responsable del Tratamiento de sus datos personales?<\/h4>\n\n\n\n<p><strong>Nombre del dominio:<\/strong>&nbsp;covermanager.com<\/p>\n\n\n\n<p><strong>Denominaci\u00f3n Social:<\/strong>&nbsp;Restaurant Booking &amp; Distribution Services S.L.<\/p>\n\n\n\n<p><strong>Nombre Comercial:<\/strong>&nbsp;CoverManager<\/p>\n\n\n\n<p><strong>Domicilio Social:<\/strong>&nbsp;Avenida de la Constituci\u00f3n no24 cuarta planta (41001, Sevilla)<\/p>\n\n\n\n<p><strong>NIF:<\/strong>B90227976<\/p>\n\n\n\n<p><strong>Correo electr\u00f3nico:<\/strong>&nbsp;dpo@covermanager.com<\/p>\n\n\n\n<p><strong>Delegado de protecci\u00f3n de datos:<\/strong>\u00a0Adriana Ranchal<\/p>\n\n\n\n<div id=\"block_566401a1512cfa79be06db48273b9958\" class=\"bisiesto-block b-spacer \" style=\"width:100%; height: clamp(12px, 1.7142857142857vw + 3.4285714285714px, 24px);\">\n\n<\/div>\n\n\n\n\n<h4 class=\"wp-block-heading\">2. \u00bfCon qu\u00e9 finalidad tratamos sus datos personales?<\/h4>\n\n\n\n<p>Como Responsable de sus datos \u00fanicamente los trataremos con la finalidad de gestionar y controlar las relaciones contractuales, para la atenci\u00f3n de consultas realizadas a trav\u00e9s de nuestro correo de contacto, para la actividad de prospecci\u00f3n comercial sobre nuestros productos y servicios, y para las actividades propias de aquellos procesos de selecci\u00f3n para reclutamiento de candidatos a puestos de trabajo. Respetamos en todo caso el principio de minimizaci\u00f3n de datos, por lo que el tratamiento ser\u00e1 siempre adecuado, pertinente y limit\u00e1ndose a lo estrictamente necesario. No se realizar\u00e1n perfiles para llevar a cabo decisiones automatizadas.<\/p>\n\n\n\n<p>Durante el proceso de reservas en las webs de nuestros clientes, CoverManager recibe datos personales en virtud de un contrato de encargado de tratamiento. Para evitar duplicidades en las reservas, nuestros clientes nos autorizan a realizar un cruce de datos (exclusivamente email con el que se efectu\u00f3 la reserva)<\/p>\n\n\n\n<div id=\"block_566401a1512cfa79be06db48273b9958\" class=\"bisiesto-block b-spacer \" style=\"width:100%; height: clamp(12px, 1.7142857142857vw + 3.4285714285714px, 24px);\">\n\n<\/div>\n\n\n\n\n<h4 class=\"wp-block-heading\">3. \u00bfPor cu\u00e1nto tiempo conservaremos sus datos?<\/h4>\n\n\n\n<p>Los datos personales proporcionados se conservar\u00e1n durante la vigencia de la relaci\u00f3n contractual o en su caso durante los a\u00f1os necesarios y m\u00ednimos para cumplir con aquellas obligaciones legales de la compa\u00f1\u00eda, y siempre durante el tiempo estrictamente necesario para la finalidad para la que han sido recabados. Todo ello mientras no se ejerza el derecho de supresi\u00f3n, limitaci\u00f3n o cancelaci\u00f3n de los mismos.<\/p>\n\n\n\n<div id=\"block_566401a1512cfa79be06db48273b9958\" class=\"bisiesto-block b-spacer \" style=\"width:100%; height: clamp(12px, 1.7142857142857vw + 3.4285714285714px, 24px);\">\n\n<\/div>\n\n\n\n\n<h4 class=\"wp-block-heading\">4. \u00bfCu\u00e1l es la legitimaci\u00f3n para el tratamiento de sus datos personales?<\/h4>\n\n\n\n<p>La base legal sobre la que se fundamenta el tratamiento de los datos es el consentimiento inequ\u00edvoco y expreso.<\/p>\n\n\n\n<div id=\"block_566401a1512cfa79be06db48273b9958\" class=\"bisiesto-block b-spacer \" style=\"width:100%; height: clamp(12px, 1.7142857142857vw + 3.4285714285714px, 24px);\">\n\n<\/div>\n\n\n\n\n<h4 class=\"wp-block-heading\">5. \u00bfQui\u00e9nes son los destinatarios de sus datos personales?<\/h4>\n\n\n\n<p>Salvo obligaci\u00f3n legal y en los casos previstos por la normativa de protecci\u00f3n de datos vigente en cada momento, en ning\u00fan caso cederemos sus datos a terceros para su tratamiento sin informarle previamente y requerir su consentimiento.<\/p>\n\n\n\n<p>Para poder prestar sus servicios, CoverManager cuenta con una serie de proveedores (asistencia jur\u00eddica, auditores, destrucci\u00f3n de documentaci\u00f3n, gestor de correo electr\u00f3nico, etc) que facilitan su labor. Por eficiencia del servicio, algunos de los prestadores mencionados est\u00e1n ubicados en territorios situados fuera del Espacio Econ\u00f3mico Europeo que no proporcionan un nivel de protecci\u00f3n de datos equiparable al de la Uni\u00f3n Europea. En tales casos, te informamos de que transferimos tus datos con garant\u00edas adecuadas y siempre manteniendo la seguridad de tus datos, ya que utilizamos las herramientas m\u00e1s apropiadas para la transferencia internacional de datos, como las Cl\u00e1usulas Contractuales Tipo de protecci\u00f3n de datos adoptadas por la Comisi\u00f3n Europea para transferencias internacionales, o cualquier otra medida complementaria pertinente. Concretamente utilizamos los siguientes proveedores fuera del EEE:<\/p>\n\n\n\n<ul class=\"wp-block-list\">\n<li>Gmail como proveedor de servicios de correo electr\u00f3nico. Puedes acceder a la pol\u00edtica de privacidad de Google&nbsp;<a href=\"https:\/\/policies.google.com\/privacy\" target=\"_blank\" rel=\"noreferrer noopener\">aqu\u00ed<\/a>.<\/li>\n\n\n\n<li>Para facilitar el contacto con nuestro equipo de Hospitality utilizamos la herramienta de gesti\u00f3n de tickets Freshdesk (Freshworks, Inc.), transfiriendo \u00fanica y exclusivamente los estrictamente datos necesarios para la resoluci\u00f3n de la incidencia. Pol\u00edtica de privacidad disponible&nbsp;<a href=\"https:\/\/freshdesk.com\/es\/gdpr\/\" target=\"_blank\" rel=\"noreferrer noopener\">aqu\u00ed<\/a>.<\/li>\n\n\n\n<li>Utilizamos Twilio Inc como proveedor de servicios de email, accede a su privacy policy en&nbsp;<a href=\"https:\/\/www.twilio.com\/legal\/privacy\" target=\"_blank\" rel=\"noreferrer noopener\">este<\/a>&nbsp;enlace.<\/li>\n\n\n\n<li>Jotform para el env\u00edo de formularios web. Informaci\u00f3n sobre su pol\u00edtica de privacidad&nbsp;<a href=\"https:\/\/www.jotform.com\/privacy\/\" target=\"_blank\" rel=\"noreferrer noopener\">aqu\u00ed<\/a>.<\/li>\n\n\n\n<li>Ocasionalmente, si as\u00ed nos autorizas, nos pondremos en contacto contigo a trav\u00e9s de WhatsApp, cuya pol\u00edtica de privacidad puede revisarse&nbsp;<a href=\"https:\/\/www.whatsapp.com\/legal\/privacy-policy\/\" target=\"_blank\" rel=\"noreferrer noopener\">aqu\u00ed<\/a>.<\/li>\n<\/ul>\n\n\n\n<p>Para gestionar reservas, CoverManager recibe datos personales de sus clientes en virtud de un contrato de encargado de tratamiento; en determinadas ocasiones, nuestros clientes, como Responsables del tratamiento, nos autorizar\u00e1n a ceder sus datos a otras empresas de su grupo, u otras compa\u00f1\u00edas con las que colaboren. En esos casos, en virtud del art\u00edculo 28.3 RGPD, \u00fanicamente cederemos estos datos previa confirmaci\u00f3n de haber obtenido el consentimiento del interesado para dicha cesi\u00f3n. Adem\u00e1s, si en el proceso de reserva se requiere alg\u00fan tipo de pago, cederemos para ello tus datos por indicaci\u00f3n del Responsable directamente al Proveedor de Servicios de pago, generalmente Stripe Inc (consulta su pol\u00edtica de privacidad aqu\u00ed). CoverManager no obtiene en ning\u00fan caso el n\u00famero de tarjeta ni datos de pago.<\/p>\n\n\n\n<div id=\"block_566401a1512cfa79be06db48273b9958\" class=\"bisiesto-block b-spacer \" style=\"width:100%; height: clamp(12px, 1.7142857142857vw + 3.4285714285714px, 24px);\">\n\n<\/div>\n\n\n\n\n<h4 class=\"wp-block-heading\">6. Tabla Resumen de los Tratamientos realizados a trav\u00e9s de la web por CoverManager como Responsable del tratamiento.<\/h4>\n\n\n\n<figure class=\"wp-block-table\"><table class=\"has-fixed-layout\"><thead><tr><th>Finalidad del tratamiento<\/th><th>Interesados<\/th><th>Categor\u00eda de datos<\/th><th>Base legal<\/th><\/tr><\/thead><tbody><tr><td>Gesti\u00f3n de prospecci\u00f3n comercial a trav\u00e9s de la Newsletter<\/td><td>Empresarios actuando como representantes de Persona Jur\u00eddica<\/td><td>-Nombre<br>-Email<\/td><td>a) para nuevas altas, el consentimiento del interesado, que podr\u00e1 revocar en cualquier momento; b) para ya clientes, la excepci\u00f3n prevista en el art\u00edculo 21 de la LSSI.<\/td><\/tr><tr><td>Gesti\u00f3n de solicitudes de informaci\u00f3n comercial a trav\u00e9s del apartado Solicita una DEMO<\/td><td>Empresarios actuando como representantes de Persona Jur\u00eddica<\/td><td>-Nombre<br>-Email<\/td><td>Consentimiento expreso del interesado<\/td><\/tr><tr><td>Gesti\u00f3n de procesos de selecci\u00f3n para reclutamiento de candidatos a puestos de trabajo<\/td><td>Persona f\u00edsica que tiene inter\u00e9s en participar en un proceso de selecci\u00f3n de CoverManager<\/td><td>-Nombre<br>-Datos de contacto<br>-Informaci\u00f3n profesional<\/td><td>Consentimiento expreso del interesado<\/td><\/tr><tr><td>Gesti\u00f3n de informaci\u00f3n de clientes<\/td><td>Empresarios actuando como representantes de Persona Jur\u00eddica<\/td><td>-Nombre y DNI<br>-Datos societarios<\/td><td>Ejecuci\u00f3n de la relaci\u00f3n contractual o precontractual<\/td><\/tr><tr><td>Detectar duplicidades en reservas.<\/td><td>Persona f\u00edsica que realiza una reserva a trav\u00e9s del Portal de reserva de alguno de los clientes de CoverManager<\/td><td>N\u00famero de tel\u00e9fono<\/td><td>Consentimiento expreso del interesado<\/td><\/tr><\/tbody><\/table><\/figure>\n\n\n\n<p>Adem\u00e1s de los tratamientos descritos anteriormente, CoverManager, como Encargado del tratamiento, gestiona por cuenta del Responsable del Tratamiento la gesti\u00f3n de reservas y la creaci\u00f3n de bases de datos de clientes, siguiendo en todo momento las instrucciones determinadas por el Responsable y plasmadas en un Contrato de Encargado de Tratamiento. En el caso de que se env\u00ede una solicitud de ejercicio de derechos de alg\u00fan usuario cuyos datos CoverManager trate como Encargado del Tratamiento, en su deber de asistencia al Responsable de los datos, CoverManager remitir\u00e1 dicha solicitud en un plazo m\u00e1ximo de 48 horas al Responsable. Asimismo, responder\u00e1 a la solicitud recibida confirmando que se ha trasladado la informaci\u00f3n al Responsable del Tratamiento e indicando los datos de contacto de \u00e9ste en materia de protecci\u00f3n de datos a fin de que el usuario pueda dirigir sus dudas directamente al Responsable. Desde CoverManager se prestar\u00e1 asistencia y soporte en todo momento tanto al Responsable como al usuario cuando as\u00ed lo requiera.<\/p>\n\n\n\n<div id=\"block_566401a1512cfa79be06db48273b9958\" class=\"bisiesto-block b-spacer \" style=\"width:100%; height: clamp(12px, 1.7142857142857vw + 3.4285714285714px, 24px);\">\n\n<\/div>\n\n\n\n\n\n\n\n\n<h4 class=\"wp-block-heading\">7. \u00bfCu\u00e1les son sus derechos de protecci\u00f3n de datos y c\u00f3mo se pueden ejercitar?<\/h4>\n\n\n\n<p>En cualquier momento, si el interesado considera que sus datos no est\u00e1n siendo tratados de la forma adecuada o seg\u00fan requiera el interesado, \u00e9ste podr\u00e1 presentar una reclamaci\u00f3n ante el Delegado de Protecci\u00f3n de Datos de CoverManager o ante la Agencia Espa\u00f1ola de Protecci\u00f3n de Datos (www.agpd.es).<\/p>\n\n\n\n<p>En base a la normativa vigente de protecci\u00f3n de datos, los derechos que puede ejercer ante CoverManager son:<\/p>\n\n\n\n<ul class=\"wp-block-list\">\n<li>Derecho a solicitar el acceso a los datos personales para obtener m\u00e1s informaci\u00f3n de los datos que tratamos.<\/li>\n\n\n\n<li>Derecho a solicitar la rectificaci\u00f3n de los datos inexactos o incompletos<\/li>\n\n\n\n<li>Derecho a solicitar su supresi\u00f3n cuando, entre otros motivos, los datos ya no sean necesarios para los fines que fueron recogidos<\/li>\n\n\n\n<li>Derecho a oponerse al tratamiento, en cuyo caso, CoverManager dejar\u00e1 de tratar los datos, salvo por motivos leg\u00edtimos imperiosos o que en el ejercicio o la defensa de posibles reclamaciones se tengan que seguir tratando.<\/li>\n\n\n\n<li>Derecho a la portabilidad de los datos: en caso de que quiera que sus datos sean tratados por otra entidad, CoverManager le facilitar\u00e1 la portabilidad de sus datos al nuevo responsable en caso de que ello resulte aplicable.<\/li>\n\n\n\n<li>Derecho a la limitaci\u00f3n de su tratamiento, en determinadas circunstancias previstas en el art\u00edculo 18 RGPD, en cuyo caso \u00fanicamente ser\u00e1n conservados por CoverManager para la defensa de posibles reclamaciones.<\/li>\n\n\n\n<li>Derecho a retirar el consentimiento prestado: en el caso de que se haya otorgado el consentimiento para alguna finalidad espec\u00edfica, usted tiene derecho a retirar el consentimiento en cualquier momento, sin que ello afecte a la licitud del tratamiento basado en el consentimiento previo a su retirada.<\/li>\n<\/ul>\n\n\n\n<p>En cualquier momento, si el interesado considera que sus datos no est\u00e1n siendo tratados de la forma adecuada o seg\u00fan requiera el interesado, \u00e9ste podr\u00e1 presentar una reclamaci\u00f3n ante el Delegado de Protecci\u00f3n de Datos de CoverManager o ante la Agencia Espa\u00f1ola de Protecci\u00f3n de Datos (www.agpd.es).<\/p>\n\n\n\n<p>Todos los datos solicitados a trav\u00e9s del sitio web son obligatorios, ya que son necesarios para la prestaci\u00f3n de un servicio \u00f3ptimo al usuario. En caso de que no sean facilitados todos los datos, el prestador no garantiza que la informaci\u00f3n y servicios facilitados sean completamente ajustados a sus necesidades.<\/p>\n\n\n\n<p>Del mismo modo, el usuario podr\u00e1 darse de baja de cualquiera de los servicios de suscripci\u00f3n facilitados haciendo clic en el apartado darse de baja de todos los correos electr\u00f3nicos remitidos por parte del prestador.<\/p>\n\n\n\n<p>El prestador ha adoptado todas las medidas t\u00e9cnicas y organizativas necesarias para garantizar la seguridad e integridad de los datos de car\u00e1cter personal que trate, as\u00ed como para evitar su p\u00e9rdida, alteraci\u00f3n y\/o acceso por parte de terceros no autorizados.<\/p>\n\n\n\n<div id=\"block_566401a1512cfa79be06db48273b9958\" class=\"bisiesto-block b-spacer \" style=\"width:100%; height: clamp(12px, 1.7142857142857vw + 3.4285714285714px, 24px);\">\n\n<\/div>\n\n\n\n\n<h4 class=\"wp-block-heading\">8. \u00bfQu\u00e9 medidas de seguridad aplicamos?<\/h4>\n\n\n\n<p>CoverManager mantiene los m\u00e1s altos niveles de seguridad para proteger sus datos de car\u00e1cter personal frente a p\u00e9rdidas, destrucci\u00f3n, da\u00f1o accidental y accesos, tratamientos o revelaciones no autorizados o il\u00edcitos, tales como firewalls, procedimientos de control de acceso y mecanismos criptogr\u00e1ficos. Para lograr estos fines, el usuario\/cliente acepta que el prestador obtenga datos para efectos de la correspondiente autenticaci\u00f3n de los controles de acceso.<\/p>\n\n\n\n<p>CoverManager realizar\u00e1 una evaluaci\u00f3n de riesgos del tratamiento, en funci\u00f3n del estado de la t\u00e9cnica, los costes de aplicaci\u00f3n, y la naturaleza, el alcance, el contexto y los fines del tratamiento, as\u00ed como los riesgos de probabilidad y gravedad variables para los derechos y libertades de las personas.<\/p>\n\n\n\n<p>Para garantizar un nivel de seguridad adecuado, en base a la evaluaci\u00f3n realizada, se aplicar\u00e1n, en su caso y entre otras las siguientes medidas de seguridad:<\/p>\n\n\n\n<ul class=\"wp-block-list\">\n<li>Seudonimizaci\u00f3n y el cifrado de datos personales, cuando proceda.<\/li>\n\n\n\n<li>Capacidad de garantizar la confidencialidad, integridad, disponibilidad y resiliencia permanentes de los sistemas y servicios de tratamiento.<\/li>\n\n\n\n<li>Capacidad de restaurar la disponibilidad y el acceso a los datos personales de forma r\u00e1pida en caso de incidente f\u00edsico o t\u00e9cnico.<\/li>\n\n\n\n<li>Existencia de un proceso de verificaci\u00f3n, evaluaci\u00f3n y valoraci\u00f3n regulares de la eficacia de las medidas t\u00e9cnicas y organizativas para garantizar la seguridad del tratamiento.<\/li>\n\n\n\n<li>Evaluaci\u00f3n peri\u00f3dica del riesgo de destrucci\u00f3n, p\u00e9rdida o alteraci\u00f3n accidental o il\u00edcita de datos personales transmitidos, conservados o tratados de otra forma, o la comunicaci\u00f3n o acceso no autorizados a dichos datos.<\/li>\n\n\n\n<li>Medidas para garantizar que cualquier persona que act\u00fae bajo la autoridad de CoverManager tenga acceso a datos personales s\u00f3lo pueda tratar dichos datos siguiendo instrucciones de la propia compa\u00f1\u00eda.<\/li>\n\n\n\n<li><\/li>\n<\/ul>\n\n\n\n<div id=\"block_566401a1512cfa79be06db48273b9958\" class=\"bisiesto-block b-spacer \" style=\"width:100%; height: clamp(12px, 1.7142857142857vw + 3.4285714285714px, 24px);\">\n\n<\/div>\n\n\n\n\n<h4 class=\"wp-block-heading\">9. Confidencialidad<\/h4>\n\n\n\n<p>CoverManager se compromete a tratar los datos personales que puedan ser recogidos con absoluta confidencialidad, comprometi\u00e9ndose a guardar secreto respecto de los mismos y garantizando el deber de guardarlos adoptando todas las medidas necesarias que eviten su alteraci\u00f3n, p\u00e9rdida y tratamiento o acceso no autorizado, de acuerdo con lo establecido en la legislaci\u00f3n aplicable.<\/p>\n\n\n\n<div id=\"block_566401a1512cfa79be06db48273b9958\" class=\"bisiesto-block b-spacer \" style=\"width:100%; height: clamp(12px, 1.7142857142857vw + 3.4285714285714px, 24px);\">\n\n<\/div>\n\n\n\n\n<h4 class=\"wp-block-heading\">10. Uso de Cookies<\/h4>\n\n\n\n<p>CoverManager utiliza cookies propias y de terceros, recabando informaci\u00f3n sobre la utilizaci\u00f3n del Sitio Web para optimizar su funcionamiento. Puede obtener toda la informaci\u00f3n detallada sobre el uso de cookies que realiza CoverManager consultando nuestra Pol\u00edtica de Cookies.<\/p>\n\n\n\n<div id=\"block_566401a1512cfa79be06db48273b9958\" class=\"bisiesto-block b-spacer \" style=\"width:100%; height: clamp(12px, 1.7142857142857vw + 3.4285714285714px, 24px);\">\n\n<\/div>\n\n\n\n\n<h4 class=\"wp-block-heading\">11. Responsabilidad<\/h4>\n\n\n\n<p>El \u00fanico responsable a causa de la cumplimentaci\u00f3n de los formularios con datos falsos, inexactos, incompletos o no actualizados ser\u00e1 el propio usuario que los introduzca.<\/p>\n\n\n\n<div id=\"block_566401a1512cfa79be06db48273b9958\" class=\"bisiesto-block b-spacer \" style=\"width:100%; height: clamp(12px, 1.7142857142857vw + 3.4285714285714px, 24px);\">\n\n<\/div>\n\n\n\n\n<h4 class=\"wp-block-heading\">12. Actualizaciones<\/h4>\n\n\n\n<p>CoverManager se reserva la facultad de modificar y\/o actualizar la informaci\u00f3n sobre protecci\u00f3n de datos cuando sea necesario para el correcto cumplimiento normativo. En el caso de que se produjera alguna modificaci\u00f3n, se publicar\u00e1 el nuevo texto en esta p\u00e1gina donde podr\u00e1 consultar la versi\u00f3n m\u00e1s reciente de nuestra Pol\u00edtica de Privacidad.<\/p>\n\n\n\n<div id=\"block_566401a1512cfa79be06db48273b9958\" class=\"bisiesto-block b-spacer \" style=\"width:100%; height: clamp(12px, 1.7142857142857vw + 3.4285714285714px, 24px);\">\n\n<\/div>\n\n","protected":false},"excerpt":{"rendered":"<p>Pol\u00edtica de privacidad Informaci\u00f3n b\u00e1sica de privacidad Responsable Restaurant Booking &amp; Distribution Services S.L.Avenida de la Constituci\u00f3n n\u00ba 24 4\u00aa planta (41001, Sevilla)B90227976 Finalidad Gesti\u00f3n y control de las relaciones contractuales, as\u00ed como para la actividad de publicidad (en caso de aceptaci\u00f3n) o de prospecci\u00f3n comercial sobre nuestros productos y servicios, y las actividades propias [&hellip;]<\/p>\n","protected":false},"author":1,"featured_media":0,"parent":0,"menu_order":0,"comment_status":"closed","ping_status":"closed","template":"page-legal.php","meta":{"_acf_changed":false,"footnotes":""},"class_list":["post-414","page","type-page","status-publish","hentry"],"acf":[],"_links":{"self":[{"href":"https:\/\/www.covermanager.com\/co\/wp-json\/wp\/v2\/pages\/414","targetHints":{"allow":["GET"]}}],"collection":[{"href":"https:\/\/www.covermanager.com\/co\/wp-json\/wp\/v2\/pages"}],"about":[{"href":"https:\/\/www.covermanager.com\/co\/wp-json\/wp\/v2\/types\/page"}],"author":[{"embeddable":true,"href":"https:\/\/www.covermanager.com\/co\/wp-json\/wp\/v2\/users\/1"}],"replies":[{"embeddable":true,"href":"https:\/\/www.covermanager.com\/co\/wp-json\/wp\/v2\/comments?post=414"}],"version-history":[{"count":12,"href":"https:\/\/www.covermanager.com\/co\/wp-json\/wp\/v2\/pages\/414\/revisions"}],"predecessor-version":[{"id":7439,"href":"https:\/\/www.covermanager.com\/co\/wp-json\/wp\/v2\/pages\/414\/revisions\/7439"}],"wp:attachment":[{"href":"https:\/\/www.covermanager.com\/co\/wp-json\/wp\/v2\/media?parent=414"}],"curies":[{"name":"wp","href":"https:\/\/api.w.org\/{rel}","templated":true}]}}