{"id":416,"date":"2024-08-12T15:10:34","date_gmt":"2024-08-12T13:10:34","guid":{"rendered":"https:\/\/www.covermanager.com\/co\/?page_id=416"},"modified":"2024-10-29T14:07:26","modified_gmt":"2024-10-29T13:07:26","slug":"politica-de-cookies","status":"publish","type":"page","link":"https:\/\/www.covermanager.com\/co\/politica-de-cookies\/","title":{"rendered":"Pol\u00edtica de cookies"},"content":{"rendered":"\n\n\n\n\n<h1 class=\"wp-block-heading\">Pol\u00edtica de cookies<\/h1>\n\n\n\n<h3 class=\"wp-block-heading\">1. \u00bfQu\u00e9 son las cookies?<\/h3>\n\n\n\n<p>En CoverManager utilizamos cookies y\/o tecnolog\u00edas similares que almacenan y recuperan informaci\u00f3n cuando navegas, para ofrecerte una mejor experiencia web. En general, estas tecnolog\u00edas pueden servir para finalidades muy diversas, como, por ejemplo, reconocerte como usuario, obtener informaci\u00f3n sobre tus h\u00e1bitos de navegaci\u00f3n, o personalizar la forma en que se muestra el contenido. Los usos concretos que hacemos de estas tecnolog\u00edas se describen a continuaci\u00f3n.<\/p>\n\n\n\n<h3 class=\"wp-block-heading\">2. Tipos de cookies<\/h3>\n\n\n\n<h4 class=\"wp-block-heading\">Seg\u00fan la entidad que gestione el equipo o dominio desde donde se env\u00edan las cookies y trate los datos que se obtengan, podemos distinguir:<\/h4>\n\n\n\n<ul class=\"wp-block-list\">\n<li><strong>Cookies propias:&nbsp;<\/strong>Son aqu\u00e9llas que se env\u00edan al equipo terminal del usuario desde un equipo o dominio gestionado por el propio editor y desde el que se presta el servicio solicitado por el usuario. Son llamadas tambi\u00e9n cookies de primera parte. En el cuadro de abajo podr\u00e1s consultar qu\u00e9 Cookies pertenecen directamente a CoverManager.<\/li>\n\n\n\n<li><\/li>\n\n\n\n<li><strong>Cookies de tercero:&nbsp;<\/strong>Son aqu\u00e9llas que se env\u00edan al equipo terminal del usuario desde un equipo o dominio que no es gestionado por el editor, sino por otra entidad que trata los datos obtenidos a trav\u00e9s de las cookies. Son llamadas tambi\u00e9n cookies de tercera parte.<\/li>\n<\/ul>\n\n\n\n<p>En el caso de que las cookies sean instaladas desde un equipo o dominio gestionado por el propio editor pero la informaci\u00f3n que se recoja mediante \u00e9stas sea gestionada por un tercero, son consideradas como cookies de tercero.<br>Concretamente en CoverManager utilizamos Cookies de Stripe, Tidio y Google entre otros. Puedes comprobar el cuadro completo de cookies m\u00e1s abajo. CoverManager \u00fanicamente utilizar\u00e1 las Cookies de terceros con fines de Marketing.<\/p>\n\n\n\n<p>Seg\u00fan el plazo de tiempo que permanecen activadas en el equipo terminal podemos distinguir:<\/p>\n\n\n\n<ul class=\"wp-block-list\">\n<li><strong>Cookies de sesi\u00f3n:<\/strong>&nbsp;Son un tipo de cookies dise\u00f1adas para recabar y almacenar datos mientras el usuario accede a una p\u00e1gina web. Se suelen emplear para almacenar informaci\u00f3n que solo interesa conservar para la prestaci\u00f3n del servicio solicitado por el usuario en una sola ocasi\u00f3n (por ejemplo: una lista de productos adquiridos). Estas cookies se borran autom\u00e1ticamente cuando el usuario cierra su navegador.En el cuadro de Cookies encontrar\u00e1s especificadas cuales son las Cookies de sesi\u00f3n.<\/li>\n\n\n\n<li>Cookies persistentes:&nbsp;Son un tipo de cookies en el que los datos siguen almacenados en el terminal y pueden ser accedidos y tratados durante un per\u00edodo definido por el responsable de la cookie, y que puede ir desde unos minutos a varios a\u00f1os.<\/li>\n<\/ul>\n\n\n\n<h4 class=\"wp-block-heading\">Seg\u00fan la finalidad para la que se traten los datos obtenidos a trav\u00e9s de las cookies, podemos distinguir entre:<\/h4>\n\n\n\n<p><strong>Cookies t\u00e9cnicas:&nbsp;<\/strong>Son aquellas que permiten al usuario la navegaci\u00f3n a trav\u00e9s de una p\u00e1gina web, plataforma o aplicaci\u00f3n y la utilizaci\u00f3n de las diferentes opciones o servicios que en ella existan como, por ejemplo, controlar el tr\u00e1fico y la comunicaci\u00f3n de datos, identificar la sesi\u00f3n, acceder a partes de acceso restringido, recordar los elementos que integran un pedido, utilizar elementos de seguridad durante la navegaci\u00f3n o compartir contenidos a trav\u00e9s de redes sociales. Por ejemplo utilizamos las siguientes Cookies t\u00e9cnicas:<\/p>\n\n\n\n<figure class=\"wp-block-table\"><table><tbody><tr><td class=\"has-text-align-center\" data-align=\"center\">duser<br>initialTab<br>initialView<br>lastDate<br>order<br>status<br>viewByTab<\/td><\/tr><\/tbody><\/table><\/figure>\n\n\n\n\n\n\n\n<ul class=\"wp-block-list\">\n<li><strong>Cookies de personalizaci\u00f3n:&nbsp;<\/strong>Son aqu\u00e9llas que permiten al usuario acceder al servicio con algunas caracter\u00edsticas de car\u00e1cter general predefinidas en funci\u00f3n de una serie de criterios en el terminal del usuario como por ejemplo ser\u00edan el idioma, el tipo de navegador a trav\u00e9s del cual accede al servicio, la configuraci\u00f3n regional desde donde accede al servicio, etc. Un ejemplo de estas cookies es CookieConsent.<\/li>\n\n\n\n<li><\/li>\n\n\n\n<li><strong>Cookies de an\u00e1lisis:<\/strong>&nbsp;Son aquellas que permiten al responsable de las mismas, el seguimiento y an\u00e1lisis del comportamiento de los usuarios de los sitios web a los que est\u00e1n vinculadas. La informaci\u00f3n recogida mediante este tipo de cookies se utiliza en la medici\u00f3n de la actividad de los sitios web, aplicaci\u00f3n o plataforma y para la elaboraci\u00f3n de perfiles de navegaci\u00f3n de los usuarios de dichos sitios, aplicaciones y plataformas, con el fin de introducir mejoras en funci\u00f3n del an\u00e1lisis de los datos de uso que hacen los usuarios del servicio. Utilizamos las siguientes cookies de esta categor\u00eda:_ga<\/li>\n<\/ul>\n\n\n\n<figure class=\"wp-block-table\"><table class=\"has-fixed-layout\"><tbody><tr><td class=\"has-text-align-center\" data-align=\"center\">_gid<br>_fbp<br>_gcl_ua<br>_gat_UA-156208528-1<\/td><\/tr><\/tbody><\/table><\/figure>\n\n\n\n<ul class=\"wp-block-list\">\n<li><strong>Cookies publicitarias:&nbsp;<\/strong>Son aqu\u00e9llas que permiten la gesti\u00f3n, de la forma m\u00e1s eficaz posible, de los espacios publicitarios que, en su caso, el editor haya incluido en una p\u00e1gina web, aplicaci\u00f3n o plataforma desde la que presta el servicio solicitado en base a criterios como el contenido editado o la frecuencia en la que se muestran los anuncios.<\/li>\n\n\n\n<li>Cookies de publicidad comportamental:&nbsp;Son aqu\u00e9llas que permiten la gesti\u00f3n, de la forma m\u00e1s eficaz posible, de los espacios publicitarios que, en su caso, el editor haya incluido en una p\u00e1gina web, aplicaci\u00f3n o plataforma desde la que presta el servicio solicitado. Estas cookies almacenan informaci\u00f3n del comportamiento de los usuarios obtenida a trav\u00e9s de la observaci\u00f3n continuada de sus h\u00e1bitos de navegaci\u00f3n, lo que permite desarrollar un perfil espec\u00edfico para mostrar publicidad en funci\u00f3n de ello.<\/li>\n<\/ul>\n\n\n\n<p>Encontrar\u00e1s el listado de Cookies relacionadas con Publicidad en el apartado Marketing del panel de Cookies.<br>En lo referente a las Transferencias Internacionales, puedes informarte de las transferencias a terceros pa\u00edses que, en su caso, realizan los terceros identificados en esta pol\u00edtica de cookies en sus correspondientes pol\u00edticas (ver los enlaces facilitados en el Panel de Cookies).<\/p>\n\n\n\n<p>Necesario (12)<\/p>\n\n\n\n<p>Las cookies necesarias ayudan a hacer una p\u00e1gina web utilizable activando funciones b\u00e1sicas como la navegaci\u00f3n en la p\u00e1gina y el acceso a \u00e1reas seguras de la p\u00e1gina web. La p\u00e1gina web no puede funcionar adecuadamente sin estas cookies.<\/p>\n\n\n\n<figure class=\"wp-block-table\"><table class=\"has-fixed-layout\"><thead><tr><th>Nombre<\/th><th>Proveedor<\/th><th>Prop\u00f3sito<\/th><th>Caducidad<\/th><th>Tipo<\/th><\/tr><\/thead><tbody><tr><td>__cfduid [x3]<\/td><td>maxcdn.bootstrapcdn.com<br><a target=\"_blank\" rel=\"noreferrer noopener\" href=\"http:\/\/tidio.co\/en\">Tidio<\/a><\/td><td>Utilizada por la red de contenido, Cloudflare, para identificar tr\u00e1fico web de confianza.<\/td><td>30 d\u00edas<\/td><td>HTTP Cookie<\/td><\/tr><tr><td>__stripe_mid<\/td><td><a target=\"_blank\" rel=\"noreferrer noopener\" href=\"https:\/\/www.covermanager.com\/images\/ppcovermanager.pdf\">Cover Manager<\/a><\/td><td>Esta cookie es necesaria para realizar transacciones con tarjetas de cr\u00e9dito en la web. Servicio provisto por Stripe.com, permite realizar transacciones online sin almacenar ninguna informaci\u00f3n de la tarjeta de cr\u00e9dito.<\/td><td>1 a\u00f1o<\/td><td>HTTP Cookie<\/td><\/tr><tr><td>__stripe_sid<\/td><td><a target=\"_blank\" rel=\"noreferrer noopener\" href=\"https:\/\/www.covermanager.com\/images\/ppcovermanager.pdf\">Cover Manager<\/a><\/td><td>Esta cookie es necesaria para realizar transacciones con tarjetas de cr\u00e9dito en la web. Servicio provisto por Stripe.com, permite realizar transacciones online sin almacenar ninguna informaci\u00f3n de la tarjeta de cr\u00e9dito.<\/td><td>1 d\u00eda<\/td><td>HTTP Cookie<\/td><\/tr><tr><td>ci_session<\/td><td><a target=\"_blank\" rel=\"noreferrer noopener\" href=\"https:\/\/www.covermanager.com\/images\/ppcovermanager.pdf\">Cover Manager<\/a><\/td><td>Conserva los estados de los usuarios en todas las peticiones de la p\u00e1gina.<\/td><td>13 d\u00edas<\/td><td>HTTP Cookie<\/td><\/tr><tr><td>CookieConsent<\/td><td><a target=\"_blank\" rel=\"noreferrer noopener\" href=\"https:\/\/www.cookiebot.com\/goto\/privacy-policy\/\">Cookiebot<\/a><\/td><td>Almacena el estado de consentimiento de cookies del usuario para el dominio actual<\/td><td>1 a\u00f1o<\/td><td>HTTP Cookie<\/td><\/tr><tr><td>https:\/\/q.stripe.com\/<\/td><td><a target=\"_blank\" rel=\"noreferrer noopener\" href=\"https:\/\/stripe.com\/en-nl\/privacy\">Stripe<\/a><\/td><td>Esta cookie es necesaria para realizar transacciones con tarjetas de cr\u00e9dito en la web. Servicio provisto por Stripe.com, permite realizar transacciones online sin almacenar ninguna informaci\u00f3n de la tarjeta de cr\u00e9dito.<\/td><td>Session<\/td><td>Pixel Tracker<\/td><\/tr><tr><td>JSESSIONID<\/td><td><a target=\"_blank\" rel=\"noreferrer noopener\" href=\"https:\/\/newrelic.com\/privacy\">New Relic<\/a><\/td><td>Conserva los estados de los usuarios en todas las peticiones de la p\u00e1gina.<\/td><td>Session<\/td><td>HTTP Cookie<\/td><\/tr><tr><td>m<\/td><td><a target=\"_blank\" rel=\"noreferrer noopener\" href=\"https:\/\/stripe.com\/dk\/privacy\">Stripe<\/a><\/td><td>Determina el dispositivo utilizado para acceder a la web. Esto permite a la web presentarse en el formato adecuado.<\/td><td>2 a\u00f1os<\/td><td>HTTP Cookie<\/td><\/tr><tr><td>tidio_state_vx6nktmgxwc3hsfvt04r92njpsvrzhvi<\/td><td><a target=\"_blank\" rel=\"noreferrer noopener\" href=\"http:\/\/tidio.co\/en\">Tidio<\/a><\/td><td>Pendiente<\/td><td>Persistent<\/td><td>HTML Local Storage<\/td><\/tr><tr><td>tidio_state_vx6nktmgxwc3hsfvt04r92njpsvrzhvi_widget_position<\/td><td><a target=\"_blank\" rel=\"noreferrer noopener\" href=\"http:\/\/tidio.co\/en\">Tidio<\/a><\/td><td>Pendiente<\/td><td>Persistent<\/td><td>HTML Local Storage<\/td><\/tr><\/tbody><\/table><\/figure>\n\n\n\n<p>Estad\u00edstica (6)<\/p>\n\n\n\n<p>Las cookies estad\u00edsticas ayudan a los propietarios de p\u00e1ginas web a comprender c\u00f3mo interact\u00faan los visitantes con las p\u00e1ginas web reuniendo y proporcionando informaci\u00f3n de forma an\u00f3nima.<\/p>\n\n\n\n<figure class=\"wp-block-table\"><table class=\"has-fixed-layout\"><thead><tr><th>Nombre<\/th><th>Proveedor<\/th><th>Prop\u00f3sito<\/th><th>Caducidad<\/th><th>Tipo<\/th><\/tr><\/thead><tbody><tr><td>_ga<\/td><td><a target=\"_blank\" rel=\"noreferrer noopener\" href=\"https:\/\/policies.google.com\/privacy\">Google<\/a><\/td><td>Registra una identificaci\u00f3n \u00fanica que se utiliza para generar datos estad\u00edsticos acerca de c\u00f3mo utiliza el visitante el sitio web.<\/td><td>2 a\u00f1os<\/td><td>HTTP Cookie<\/td><\/tr><tr><td>_ga_#<\/td><td><a target=\"_blank\" rel=\"noreferrer noopener\" href=\"https:\/\/www.covermanager.com\/images\/ppcovermanager.pdf\">Cover Manager<\/a><\/td><td>Recopila datos sobre el n\u00famero de veces que un usuario ha visitado el sitio web adem\u00e1s de las fechas de la primera visita y de la m\u00e1s reciente. Utilizada por Google Analytics.<\/td><td>2 a\u00f1os<\/td><td>HTTP Cookie<\/td><\/tr><tr><td>_gat<\/td><td><a target=\"_blank\" rel=\"noreferrer noopener\" href=\"https:\/\/policies.google.com\/privacy\">Google<\/a><\/td><td>Utilizado por Google Analytics para controlar la tasa de peticiones<\/td><td>1 d\u00eda<\/td><td>HTTP Cookie<\/td><\/tr><tr><td>_gid<\/td><td><a target=\"_blank\" rel=\"noreferrer noopener\" href=\"https:\/\/policies.google.com\/privacy\">Google<\/a><\/td><td>Registra una identificaci\u00f3n \u00fanica que se utiliza para generar datos estad\u00edsticos acerca de c\u00f3mo utiliza el visitante el sitio web.<\/td><td>1 d\u00eda<\/td><td>HTTP Cookie<\/td><\/tr><tr><td>events\/1\/c55b4e89ce<\/td><td><a target=\"_blank\" rel=\"noreferrer noopener\" href=\"https:\/\/newrelic.com\/privacy\">New Relic<\/a><\/td><td>Pendiente<\/td><td>Session<\/td><td>Pixel Tracker<\/td><\/tr><tr><td>jserrors\/1\/#<\/td><td><a target=\"_blank\" rel=\"noreferrer noopener\" href=\"https:\/\/newrelic.com\/privacy\">New Relic<\/a><\/td><td>Pendiente<\/td><td>Session<\/td><td>Pixel Tracker<\/td><\/tr><\/tbody><\/table><\/figure>\n\n\n\n<p>Marketing (9)<\/p>\n\n\n\n<p>Las cookies de marketing se utilizan para rastrear a los visitantes en las p\u00e1ginas web. La intenci\u00f3n es mostrar anuncios relevantes y atractivos para el usuario individual, y por lo tanto, m\u00e1s valiosos para los editores y terceros anunciantes.<\/p>\n\n\n\n<figure class=\"wp-block-table\"><table class=\"has-fixed-layout\"><thead><tr><th>Nombre<\/th><th>Proveedor<\/th><th>Prop\u00f3sito<\/th><th>Caducidad<\/th><th>Tipo<\/th><\/tr><\/thead><tbody><tr><td>_fbp<\/td><td><a target=\"_blank\" rel=\"noreferrer noopener\" href=\"https:\/\/www.facebook.com\/policy.php\">Facebook<\/a><\/td><td>Utilizada por Facebook para proporcionar una serie de productos publicitarios como pujas en tiempo real de terceros anunciantes.<\/td><td>3 meses<\/td><td>HTTP Cookie<\/td><\/tr><tr><td>_gcl_au<\/td><td><a target=\"_blank\" rel=\"noreferrer noopener\" href=\"https:\/\/policies.google.com\/privacy\">Google Tag Manager<\/a><\/td><td>Utilizada por Google AdSense para experimentar con la eficiencia publicitaria a trav\u00e9s de las webs usando sus servicios.<\/td><td>3 meses<\/td><td>HTTP Cookie<\/td><\/tr><tr><td>fr<\/td><td><a target=\"_blank\" rel=\"noreferrer noopener\" href=\"https:\/\/www.facebook.com\/policies\/cookies\/\">Facebook<\/a><\/td><td>Utilizada por Facebook para proporcionar una serie de productos publicitarios como pujas en tiempo real de terceros anunciantes.<\/td><td>3 meses<\/td><td>HTTP Cookie<\/td><\/tr><tr><td>IDE<\/td><td><a target=\"_blank\" rel=\"noreferrer noopener\" href=\"https:\/\/policies.google.com\/privacy\">Google<\/a><\/td><td>Utilizada por Google DoubleClick para registrar e informar sobre las acciones del usuario en el sitio web tras visualizar o hacer clic en uno de los anuncios del anunciante con el prop\u00f3sito de medir la eficacia de un anuncio y presentar anuncios espec\u00edficos para el usuario.<\/td><td>1 a\u00f1o<\/td><td>HTTP Cookie<\/td><\/tr><tr><td>pagead\/1p-user-list\/#<\/td><td><a target=\"_blank\" rel=\"noreferrer noopener\" href=\"https:\/\/policies.google.com\/privacy\">Google<\/a><\/td><td>Utilizada para rastrear si el visitante ha mostrado un inter\u00e9s espec\u00edfico em productos o eventos a trav\u00e9s de m\u00faltiples webs y detectar como el visitante navega entre webs &#8211; Esto se utiliza para la medida de los esfuerzos publicitarios y facilitar la tasa de emisi\u00f3n entre sitios.<\/td><td>Session<\/td><td>Pixel Tracker<\/td><\/tr><tr><td>pagead\/landing [x2]<\/td><td><a target=\"_blank\" rel=\"noreferrer noopener\" href=\"https:\/\/policies.google.com\/privacy\">Google<\/a><\/td><td>Recoge informaci\u00f3n del comportamiento del usuario en diferentes webs para mostrar publicidad m\u00e1s relevante &#8211; Tambi\u00e9n le permite a la web limitar el n\u00famero de veces que el usuario est\u00e1 expuesto a un mismo anuncio.<\/td><td>Session<\/td><td>Pixel Tracker<\/td><\/tr><tr><td>test_cookie<\/td><td><a target=\"_blank\" rel=\"noreferrer noopener\" href=\"https:\/\/policies.google.com\/privacy\">Google<\/a><\/td><td>Utilizada para comprobar si el navegador del usuario admite cookies.<\/td><td>1 d\u00eda<\/td><td>HTTP Cookie<\/td><\/tr><tr><td>tr<\/td><td><a target=\"_blank\" rel=\"noreferrer noopener\" href=\"https:\/\/www.facebook.com\/policies\/cookies\/\">Facebook<\/a><\/td><td>Utilizada por Facebook para proporcionar una serie de productos publicitarios como pujas en tiempo real de terceros anunciantes.<\/td><td>Session<\/td><td>Pixel Tracker<\/td><\/tr><\/tbody><\/table><\/figure>\n\n\n\n<h3 class=\"wp-block-heading\">3. Forma de aceptar, denegar, revocar el consentimiento o eliminar las cookies.<\/h3>\n\n\n\n<p>Cuando el usuario accede a este sitio web por primera vez, se le ofrece la posibilidad de otorgar o denegar su consentimiento al uso de cookies a trav\u00e9s del mensaje informativo que aparece en su pantalla. El mensaje informativo se mantendr\u00e1 hasta que otorgue el consentimiento, lo deniegue, o configure las cookies seg\u00fan sus preferencias personales.<\/p>\n\n\n\n<p>El usuario podr\u00e1 retirar el consentimiento previamente otorgado o configurar las cookies en cualquier momento, cuando lo desee, desde el widget de consentimiento o desde en el apartado final de esta p\u00e1gina.<\/p>\n\n\n\n<h3 class=\"wp-block-heading\">4. Informaci\u00f3n sobre cookies proporcionadas por el navegador.<\/h3>\n\n\n\n<p>Las cookies instaladas en su equipo las puede permitir, bloquear o eliminar mediante la configuraci\u00f3n de las opciones del navegador instalado en su equipo. El navegador se puede configurar para que avise en pantalla la recepci\u00f3n de nuevas cookies y para impedir su instalaci\u00f3n. El usuario puede revocar el consentimiento prestado cuando se instalaron las cookies y eliminarlas. Al eliminar las cookies, en alg\u00fan sitio web puede verse limitado parcial o totalmente alg\u00fan servicio o funcionalidad. Cada navegador se puede configurar aceptando o rechazando todas las cookies, o bien seleccionado aquellas cuya instalaci\u00f3n admite y cu\u00e1les no. Los enlaces a las p\u00e1ginas en las que se informa c\u00f3mo configurar los principales navegadores son los siguientes:<\/p>\n\n\n\n<ul class=\"wp-block-list\">\n<li>Microsoft Explorer:<br><a>http:\/\/windows.microsoft.com\/es-es\/internet-explorer\/ie-security-privacy-settings#ie=ie-11<\/a><\/li>\n\n\n\n<li>Mozilla Firefox:<br><a>http:\/\/support.mozilla.org\/es\/kb\/cookies-informacion-que-los-sitios-web-guardan-en-?redirectlocale=en-US&amp;redirectslug=Cookies<\/a><\/li>\n\n\n\n<li>Google Chrome:<br><a>https:\/\/support.google.com\/chrome\/answer\/95647?hl=es<\/a><\/li>\n\n\n\n<li>Safari:<br><a>http:\/\/support.apple.com\/kb\/HT1677?viewlocale=es_ES&amp;locale=es_ES<\/a><\/li>\n<\/ul>\n\n\n\n<p>El \u201cComplemento de inhabilitaci\u00f3n para navegadores de Google Analytics\u201d a trav\u00e9s de cuyas instrucciones pueden rechazarse las cookies anal\u00edticas de dicho servicio en todos los navegadores, se puede obtener a trav\u00e9s del enlace<a>https:\/\/tools.google.com\/dlpage\/gaoptout<\/a><\/p>\n\n\n\n<p>En la siguiente p\u00e1gina se puede consultar la pol\u00edtica de privacidad de Google: <a>http:\/\/www.google.es\/intl\/es\/policies\/privacy<\/a><\/p>\n\n\n\n<p>En la siguiente p\u00e1gina se puede consultar c\u00f3mo utiliza Google las cookies:<a>http:\/\/www.google.com\/intl\/es\/policies\/technologies\/cookies\/<\/a><\/p>\n\n\n\n<p>En la siguiente p\u00e1gina se puede consultar qu\u00e9 tipos de cookies utiliza Google: <a>http:\/\/www.google.com\/intl\/es\/policies\/technologies\/types\/<\/a><\/p>\n\n\n\n<h3 class=\"wp-block-heading\">5. Cambios en la pol\u00edtica de cookies:<\/h3>\n\n\n\n<p>CoverManager puede realizar modificaciones en la Pol\u00edtica de Cookies a consecuencia de cambios en los fines de uso de las cookies o en los terceros que hacen uso de ellas, a tal fin se solicitar\u00e1 al usuario la renovaci\u00f3n del consentimiento y tomar una nueva decisi\u00f3n sobre las cookies.<\/p>\n\n\n\n<h3 class=\"wp-block-heading\">6. Otra informaci\u00f3n del art\u00edculo 13 del RGPD<\/h3>\n\n\n\n<p>En relaci\u00f3n con la informaci\u00f3n exigida por el art\u00edculo 13 del RGPD que no se refiere de forma espec\u00edfica a las cookies est\u00e1 disponible para el usuario en la pol\u00edtica de privacidad del sitio web.<\/p>\n\n\n\n<p>Si tiene dudas sobre esta pol\u00edtica de cookies, puede contactar con Restaurant Booking &amp; Distribution Services S.L. Avenida de la Constituci\u00f3n n\u00ba24 cuarta planta (41001, Sevilla), titular del portal accesible en la direcci\u00f3n URL\u00a0<a>https:\/\/www.covermanager.com\/<\/a>co\/.<\/p>\n\n\n\n<div id=\"block_839bcac24ba7067d9d975a3dd70a9463\" class=\"bisiesto-block b-spacer \" style=\"width:100%; height: clamp(40px, 3.4285714285714vw + 22.857142857143px, 64px);\">\n\n<\/div>\n\n","protected":false},"excerpt":{"rendered":"<p>Pol\u00edtica de cookies 1. \u00bfQu\u00e9 son las cookies? En CoverManager utilizamos cookies y\/o tecnolog\u00edas similares que almacenan y recuperan informaci\u00f3n cuando navegas, para ofrecerte una mejor experiencia web. En general, estas tecnolog\u00edas pueden servir para finalidades muy diversas, como, por ejemplo, reconocerte como usuario, obtener informaci\u00f3n sobre tus h\u00e1bitos de navegaci\u00f3n, o personalizar la forma [&hellip;]<\/p>\n","protected":false},"author":1,"featured_media":0,"parent":0,"menu_order":0,"comment_status":"closed","ping_status":"closed","template":"page-legal.php","meta":{"_acf_changed":false,"footnotes":""},"class_list":["post-416","page","type-page","status-publish","hentry"],"acf":[],"_links":{"self":[{"href":"https:\/\/www.covermanager.com\/co\/wp-json\/wp\/v2\/pages\/416","targetHints":{"allow":["GET"]}}],"collection":[{"href":"https:\/\/www.covermanager.com\/co\/wp-json\/wp\/v2\/pages"}],"about":[{"href":"https:\/\/www.covermanager.com\/co\/wp-json\/wp\/v2\/types\/page"}],"author":[{"embeddable":true,"href":"https:\/\/www.covermanager.com\/co\/wp-json\/wp\/v2\/users\/1"}],"replies":[{"embeddable":true,"href":"https:\/\/www.covermanager.com\/co\/wp-json\/wp\/v2\/comments?post=416"}],"version-history":[{"count":15,"href":"https:\/\/www.covermanager.com\/co\/wp-json\/wp\/v2\/pages\/416\/revisions"}],"predecessor-version":[{"id":7376,"href":"https:\/\/www.covermanager.com\/co\/wp-json\/wp\/v2\/pages\/416\/revisions\/7376"}],"wp:attachment":[{"href":"https:\/\/www.covermanager.com\/co\/wp-json\/wp\/v2\/media?parent=416"}],"curies":[{"name":"wp","href":"https:\/\/api.w.org\/{rel}","templated":true}]}}