{"id":11,"date":"2024-08-05T07:51:25","date_gmt":"2024-08-05T07:51:25","guid":{"rendered":"https:\/\/www.covermanager.com\/?page_id=11"},"modified":"2025-10-09T19:35:57","modified_gmt":"2025-10-09T17:35:57","slug":"solicita-demo","status":"publish","type":"page","link":"https:\/\/www.covermanager.com\/es\/solicita-demo\/","title":{"rendered":"Solicita una demo"},"content":{"rendered":"\n\n<div id=\"block_aaa31b9b5a765915c738e493eefc2d8c\" class=\"bisiesto-block b-landing-formulario  is-style-dark is-layout-constrained alignfull\">\n    <div class=\"b-landing-formulario__wrapper alignwide\">\n        <div class=\"b-landing-formulario__heading\" data-aos=\"fade-up\">\n                        <h2 class=\"b-landing-formulario__heading\">Conoce c\u00f3mo funciona CoverManager<\/h2>        <\/div>\n        <div class=\"b-landing-formulario__form u_text-positive\" data-aos=\"fade-up\">\n                                    <div class='_form_7'><\/div><script type='text\/javascript' src='https:\/\/covermanager.activehosted.com\/f\/embed.php?static=0&#038;id=7&#038;69F9B0E8ABF5B&#038;nostyles=1&#038;preview=0'><\/script>        <\/div>\n        <div class=\"b-landing-formulario__content\" data-aos=\"fade-up\">\n            <div class=\"is-prose\">\n\n<p class=\"is-style-h5\">Solicita una demo de nuestro software de gesti\u00f3n de reservas para conocer c\u00f3mo las herramientas de CoverManager pueden ayudarte a aumentar la rentabilidad de tu restaurante. Durante la demo, uno de nuestros expertos te mostrar\u00e1 todas las funcionalidades de nuestro software y resolver\u00e1 todas tus dudas.<\/p>\n\n\n\n<ul class=\"bisiesto-block b-icon-list  alignfull\" id=\"block_31de973ff413fa1945c7a11b05648446\">\n            <li class=\"b-icon-list__item\">\n                                    <img decoding=\"async\" src=\"https:\/\/www.covermanager.com\/es\/wp-content\/uploads\/sites\/2\/2024\/08\/Check.svg\" class=\"attachment-full size-full\" alt=\"Logo de Check\" title=\"\">                        <div class=\"content\">Rellena el formulario y uno de nuestros expertos se pondr\u00e1 en contacto contigo en las pr\u00f3ximas 24 horas para agendar una demo.<\/div>\n        <\/li>\n            <li class=\"b-icon-list__item\">\n                                    <img decoding=\"async\" src=\"https:\/\/www.covermanager.com\/es\/wp-content\/uploads\/sites\/2\/2024\/08\/Check.svg\" class=\"attachment-full size-full\" alt=\"Logo de Check\" title=\"\">                        <div class=\"content\">Demostraci\u00f3n en vivo de la soluci\u00f3n que mejor se adapte a tu negocio<\/div>\n        <\/li>\n            <li class=\"b-icon-list__item\">\n                                    <img decoding=\"async\" src=\"https:\/\/www.covermanager.com\/es\/wp-content\/uploads\/sites\/2\/2024\/08\/Check.svg\" class=\"attachment-full size-full\" alt=\"Logo de Check\" title=\"\">                        <div class=\"content\">Toda la informaci\u00f3n necesaria para empezar a utilizar CoverManager.<\/div>\n        <\/li>\n    <\/ul>\n\n\n\n\n<div id=\"block_fc902aa343808063d55c456041ca85b7'\" class=\"bisiesto-block b-contact-box \">\n    <div class=\"b-contact-box__content\">\n        <h4 class=\"b-contact-box__text\">\u00bfTienes dudas? Habla ahora con un consultor comercial<\/h4>\n        <div class=\"b-contact-box__phone\">\n            <img decoding=\"async\" src=\"https:\/\/www.covermanager.com\/es\/wp-content\/uploads\/sites\/2\/2024\/08\/icon-phone.svg\" class=\"b-contact-box__icon\" alt=\"Logo Phone tel\u00e9fono\" title=\"\">            <a href=\"tel:+34954054518\" class=\"b-contact-box__phone-link\">+34 954 05 45 18<\/a>\n        <\/div>\n    <\/div>\n\n<\/div>\n\n\n\n\n<p class=\"is-style-h5\"><strong>Con la confianza de m\u00e1s de 17.000 clientes en todo el mundo<\/strong><\/p>\n\n\n\n<figure class=\"wp-block-gallery has-nested-images columns-4 is-cropped wp-block-gallery-1 is-layout-flex wp-block-gallery-is-layout-flex\">\n<figure class=\"wp-block-image size-large\"><img loading=\"lazy\" decoding=\"async\" width=\"127\" height=\"60\" data-id=\"7661\" src=\"https:\/\/www.covermanager.com\/es\/wp-content\/uploads\/sites\/2\/2024\/10\/goiko-1.webp\" alt=\"Logo de Goiko cliente de CoverManager\" class=\"wp-image-7661\" title=\"\"><\/figure>\n\n\n\n<figure class=\"wp-block-image size-large\"><img loading=\"lazy\" decoding=\"async\" width=\"127\" height=\"60\" data-id=\"7663\" src=\"https:\/\/www.covermanager.com\/es\/wp-content\/uploads\/sites\/2\/2024\/10\/Logo-clientes-1.webp\" alt=\"\" class=\"wp-image-7663\" title=\"\"><\/figure>\n\n\n\n<figure class=\"wp-block-image size-large\"><img loading=\"lazy\" decoding=\"async\" width=\"151\" height=\"60\" data-id=\"7666\" src=\"https:\/\/www.covermanager.com\/es\/wp-content\/uploads\/sites\/2\/2024\/10\/Logo-clientes-5.webp\" alt=\"Logo de Clientes de CoverManager La Rrumba\" class=\"wp-image-7666\" title=\"\"><\/figure>\n\n\n\n<figure class=\"wp-block-image size-large\"><img loading=\"lazy\" decoding=\"async\" width=\"127\" height=\"60\" data-id=\"7667\" src=\"https:\/\/www.covermanager.com\/es\/wp-content\/uploads\/sites\/2\/2024\/10\/Logo-clientes-2.webp\" alt=\"Logo de Clientes de CoverManager Quique Dacosta\" class=\"wp-image-7667\" title=\"\"><\/figure>\n\n\n\n<figure class=\"wp-block-image size-large\"><img loading=\"lazy\" decoding=\"async\" width=\"127\" height=\"60\" data-id=\"7668\" src=\"https:\/\/www.covermanager.com\/es\/wp-content\/uploads\/sites\/2\/2024\/10\/Logo-clientes-4-_1_.webp\" alt=\"Logo de Clientes para CoverManager Disfrutar\" class=\"wp-image-7668\" title=\"\"><\/figure>\n\n\n\n<figure class=\"wp-block-image size-large\"><img loading=\"lazy\" decoding=\"async\" width=\"151\" height=\"60\" data-id=\"7673\" src=\"https:\/\/www.covermanager.com\/es\/wp-content\/uploads\/sites\/2\/2024\/10\/Logo-clientes-6.webp\" alt=\"Logo de Clientes de CoverManager\" class=\"wp-image-7673\" title=\"\"><\/figure>\n\n\n\n<figure class=\"wp-block-image size-large\"><img loading=\"lazy\" decoding=\"async\" width=\"151\" height=\"60\" data-id=\"7675\" src=\"https:\/\/www.covermanager.com\/es\/wp-content\/uploads\/sites\/2\/2024\/10\/Logo-clientes-7.webp\" alt=\"Logo de Clientes de CoverManager Starlite\" class=\"wp-image-7675\" title=\"\"><\/figure>\n\n\n\n<figure class=\"wp-block-image size-large\"><img loading=\"lazy\" decoding=\"async\" width=\"127\" height=\"60\" data-id=\"7680\" src=\"https:\/\/www.covermanager.com\/es\/wp-content\/uploads\/sites\/2\/2024\/10\/Logo-clientes-3.webp\" alt=\"Logo de Clientes de CoverManager Diverxo\" class=\"wp-image-7680\" title=\"\"><\/figure>\n<\/figure>\n\n<\/div>\n        <\/div>\n    <\/div>\n<\/div>\n\n\n\n\n\n\n\n<div class=\"wp-block-group alignfull has-black-background-color has-background is-layout-constrained wp-block-group-is-layout-constrained\" style=\"padding-top:var(--wp--preset--spacing--50);padding-bottom:var(--wp--preset--spacing--50)\">\n<p class=\"is-style-caption has-white-color has-text-color has-link-color wp-elements-9c3a5feaefa593e5a4ff7a3f9d8b6b35\">Restaurant Booking &amp; Distribution Services S.L ser\u00e1 el Responsable del tratamiento de tus datos personales con la finalidad de gestionar el env\u00edo de informaci\u00f3n y prospecci\u00f3n comercial relacionada con nuestros servicios y\/o productos. Podr\u00e1s ejercer tus derechos as\u00ed como retirar el consentimiento prestado para el tratamiento a trav\u00e9s de dpo@covermanager.com. M\u00e1s info sobre Protecci\u00f3n de Datos en https:\/\/www.covermanager.com\/politica-privacidad<\/p>\n<\/div>\n","protected":false},"excerpt":{"rendered":"<p>Restaurant Booking &amp; Distribution Services S.L ser\u00e1 el Responsable del tratamiento de tus datos personales con la finalidad de gestionar el env\u00edo de informaci\u00f3n y prospecci\u00f3n comercial relacionada con nuestros servicios y\/o productos. Podr\u00e1s ejercer tus derechos as\u00ed como retirar el consentimiento prestado para el tratamiento a trav\u00e9s de dpo@covermanager.com. M\u00e1s info sobre Protecci\u00f3n de [&hellip;]<\/p>\n","protected":false},"author":1,"featured_media":0,"parent":0,"menu_order":0,"comment_status":"closed","ping_status":"closed","template":"page-landing.php","meta":{"_acf_changed":false,"footnotes":""},"class_list":["post-11","page","type-page","status-publish","hentry"],"acf":[],"_links":{"self":[{"href":"https:\/\/www.covermanager.com\/es\/wp-json\/wp\/v2\/pages\/11","targetHints":{"allow":["GET"]}}],"collection":[{"href":"https:\/\/www.covermanager.com\/es\/wp-json\/wp\/v2\/pages"}],"about":[{"href":"https:\/\/www.covermanager.com\/es\/wp-json\/wp\/v2\/types\/page"}],"author":[{"embeddable":true,"href":"https:\/\/www.covermanager.com\/es\/wp-json\/wp\/v2\/users\/1"}],"replies":[{"embeddable":true,"href":"https:\/\/www.covermanager.com\/es\/wp-json\/wp\/v2\/comments?post=11"}],"version-history":[{"count":36,"href":"https:\/\/www.covermanager.com\/es\/wp-json\/wp\/v2\/pages\/11\/revisions"}],"predecessor-version":[{"id":12084,"href":"https:\/\/www.covermanager.com\/es\/wp-json\/wp\/v2\/pages\/11\/revisions\/12084"}],"wp:attachment":[{"href":"https:\/\/www.covermanager.com\/es\/wp-json\/wp\/v2\/media?parent=11"}],"curies":[{"name":"wp","href":"https:\/\/api.w.org\/{rel}","templated":true}]}}