{"id":11887,"date":"2025-09-25T13:39:42","date_gmt":"2025-09-25T11:39:42","guid":{"rendered":"https:\/\/www.covermanager.com\/es\/?page_id=11887"},"modified":"2025-11-04T18:03:48","modified_gmt":"2025-11-04T17:03:48","slug":"calculadora-de-rentabilidad","status":"publish","type":"page","link":"https:\/\/www.covermanager.com\/es\/calculadora-de-rentabilidad\/","title":{"rendered":"Calculadora de Rentabilidad CoverManager"},"content":{"rendered":"<div id=\"calculadora-restaurante-container\">\r\n\r\n    <div id=\"calculator-screen\" class=\"container mx-auto p-4 md:p-8 max-w-4xl\">\r\n        <header class=\"text-center mb-12\">\r\n            <h1 class=\"text-3xl md:text-4xl font-bold text-gold\">Calcula cu\u00e1nto ganar\u00edas con CoverManager<\/h1>\r\n            <p class=\"mt-2 text-lg text-silver\">Responde al formulario para descubrir el impacto que tendr\u00eda CoverManager en tu restaurante: m\u00e1s reservas, m\u00e1s ingresos y mejores rese\u00f1as<\/p>\r\n        <\/header>\r\n\r\n        <form id=\"calculator-form\" class=\"space-y-10\">\r\n            <div class=\"space-y-8\">\r\n                <div>\r\n                    <label class=\"font-medium block mb-4 text-ghost-white\">\u00bfUtilizas un sistema de reservas online?<\/label>\r\n                    <div class=\"flex space-x-6\">\r\n                        <label class=\"flex items-center custom-radio text-lg\"><input type=\"radio\" name=\"digitalSystem\" value=\"yes\" checked><span><\/span>S\u00cd<\/label>\r\n                        <label class=\"flex items-center custom-radio text-lg\"><input type=\"radio\" name=\"digitalSystem\" value=\"no\"><span><\/span>NO<\/label>\r\n                    <\/div>\r\n                <\/div>\r\n                 <div>\r\n                    <label class=\"font-medium block mb-4 text-ghost-white\">\u00bfCobra comisiones?<\/label>\r\n                    <div class=\"flex space-x-6\">\r\n                        <label class=\"flex items-center custom-radio text-lg\"><input type=\"radio\" name=\"takesCommissions\" value=\"yes\"><span><\/span>S\u00cd<\/label>\r\n                        <label class=\"flex items-center custom-radio text-lg\"><input type=\"radio\" name=\"takesCommissions\" value=\"no\" checked><span><\/span>NO<\/label>\r\n                    <\/div>\r\n                <\/div>\r\n                <div id=\"commission-input-container\" class=\"hidden\">\r\n                    <label for=\"commissionPerPerson\" class=\"font-medium text-silver\">Comisiones por persona (\u20ac)<\/label>\r\n                    <input type=\"number\" id=\"commissionPerPerson\" value=\"2\" step=\"any\" class=\"bg-transparent border-b-2 border-silver w-full p-2 text-ghost-white text-lg focus:outline-none focus:border-gold mt-2\">\r\n                <\/div>\r\n            <\/div>\r\n            <hr class=\"border-silver\/20\">\r\n            <div class=\"space-y-10\">\r\n                <h2 class=\"text-2xl font-bold text-ghost-white\">Turno de mediod\u00eda<\/h2>\r\n                <div class=\"grid md:grid-cols-2 gap-x-8 gap-y-10\">\r\n                    <div>\r\n                        <label for=\"lunchGuests\" class=\"font-medium text-silver\">N\u00ba de comensales en este turno<\/label>\r\n                        <input type=\"number\" id=\"lunchGuests\" value=\"50\" class=\"bg-transparent border-b-2 border-silver w-full p-2 text-ghost-white text-lg focus:outline-none focus:border-gold mt-2\">\r\n                    <\/div>\r\n                    <div>\r\n                        <label for=\"lunchTicket\" class=\"font-medium text-silver\">Ticket medio por comensal (\u20ac)<\/label>\r\n                        <input type=\"number\" id=\"lunchTicket\" value=\"25\" class=\"bg-transparent border-b-2 border-silver w-full p-2 text-ghost-white text-lg focus:outline-none focus:border-gold mt-2\">\r\n                    <\/div>\r\n                    <div>\r\n                        <label for=\"lunchBookings\" class=\"font-medium text-silver\">% comensales que reservan<\/label>\r\n                        <input type=\"number\" id=\"lunchBookings\" value=\"50\" class=\"bg-transparent border-b-2 border-silver w-full p-2 text-ghost-white text-lg focus:outline-none focus:border-gold mt-2\">\r\n                    <\/div>\r\n                     <div>\r\n                        <label for=\"lunchNoShows\" class=\"font-medium text-silver\">N\u00ba de comensales que no se presentan (No Shows)<\/label>\r\n                        <input type=\"number\" id=\"lunchNoShows\" value=\"4\" class=\"bg-transparent border-b-2 border-silver w-full p-2 text-ghost-white text-lg focus:outline-none focus:border-gold mt-2\">\r\n                    <\/div>\r\n                <\/div>\r\n                <div>\r\n                    <label class=\"font-medium text-ghost-white\">\u00bfQu\u00e9 d\u00edas abres al mediod\u00eda?<\/label>\r\n                    <div class=\"flex flex-wrap gap-4 mt-4\">\r\n                        <label class=\"flex items-center custom-checkbox\"><input type=\"checkbox\" name=\"lunch-days\" value=\"1\"><span class=\"box\"><\/span>LUN<\/label>\r\n                        <label class=\"flex items-center custom-checkbox\"><input type=\"checkbox\" name=\"lunch-days\" value=\"1\" checked><span class=\"box\"><\/span>MAR<\/label>\r\n                        <label class=\"flex items-center custom-checkbox\"><input type=\"checkbox\" name=\"lunch-days\" value=\"1\" checked><span class=\"box\"><\/span>MI\u00c9<\/label>\r\n                        <label class=\"flex items-center custom-checkbox\"><input type=\"checkbox\" name=\"lunch-days\" value=\"1\" checked><span class=\"box\"><\/span>JUE<\/label>\r\n                        <label class=\"flex items-center custom-checkbox\"><input type=\"checkbox\" name=\"lunch-days\" value=\"1\" checked><span class=\"box\"><\/span>VIE<\/label>\r\n                        <label class=\"flex items-center custom-checkbox\"><input type=\"checkbox\" name=\"lunch-days\" value=\"1\"><span class=\"box\"><\/span>S\u00c1B<\/label>\r\n                        <label class=\"flex items-center custom-checkbox\"><input type=\"checkbox\" name=\"lunch-days\" value=\"1\"><span class=\"box\"><\/span>DOM<\/label>\r\n                    <\/div>\r\n                <\/div>\r\n            <\/div>\r\n            <hr class=\"border-silver\/20\">\r\n            <div class=\"space-y-10\">\r\n                <h2 class=\"text-2xl font-bold text-ghost-white\">Turno de noche<\/h2>\r\n                <div class=\"grid md:grid-cols-2 gap-x-8 gap-y-10\">\r\n                    <div>\r\n                        <label for=\"dinnerGuests\" class=\"font-medium text-silver\">N\u00ba de comensales en este turno<\/label>\r\n                        <input type=\"number\" id=\"dinnerGuests\" value=\"80\" class=\"bg-transparent border-b-2 border-silver w-full p-2 text-ghost-white text-lg focus:outline-none focus:border-gold mt-2\">\r\n                    <\/div>\r\n                    <div>\r\n                        <label for=\"dinnerTicket\" class=\"font-medium text-silver\">Ticket medio por comensal (\u20ac)<\/label>\r\n                        <input type=\"number\" id=\"dinnerTicket\" value=\"45\" class=\"bg-transparent border-b-2 border-silver w-full p-2 text-ghost-white text-lg focus:outline-none focus:border-gold mt-2\">\r\n                    <\/div>\r\n                    <div>\r\n                        <label for=\"dinnerBookings\" class=\"font-medium text-silver\">% comensales que reservan<\/label>\r\n                        <input type=\"number\" id=\"dinnerBookings\" value=\"80\" class=\"bg-transparent border-b-2 border-silver w-full p-2 text-ghost-white text-lg focus:outline-none focus:border-gold mt-2\">\r\n                    <\/div>\r\n                     <div>\r\n                        <label for=\"dinnerNoShows\" class=\"font-medium text-silver\">N\u00ba de comensales que no se presentan (No Shows)<\/label>\r\n                        <input type=\"number\" id=\"dinnerNoShows\" value=\"6\" class=\"bg-transparent border-b-2 border-silver w-full p-2 text-ghost-white text-lg focus:outline-none focus:border-gold mt-2\">\r\n                    <\/div>\r\n                <\/div>\r\n                <div>\r\n                    <label class=\"font-medium text-ghost-white\">\u00bfQu\u00e9 d\u00edas abres por la noche?<\/label>\r\n                    <div class=\"flex flex-wrap gap-4 mt-4\">\r\n                        <label class=\"flex items-center custom-checkbox\"><input type=\"checkbox\" name=\"dinner-days\" value=\"1\"><span class=\"box\"><\/span>LUN<\/label>\r\n                        <label class=\"flex items-center custom-checkbox\"><input type=\"checkbox\" name=\"dinner-days\" value=\"1\" checked><span class=\"box\"><\/span>MAR<\/label>\r\n                        <label class=\"flex items-center custom-checkbox\"><input type=\"checkbox\" name=\"dinner-days\" value=\"1\" checked><span class=\"box\"><\/span>MI\u00c9<\/label>\r\n                        <label class=\"flex items-center custom-checkbox\"><input type=\"checkbox\" name=\"dinner-days\" value=\"1\" checked><span class=\"box\"><\/span>JUE<\/label>\r\n                        <label class=\"flex items-center custom-checkbox\"><input type=\"checkbox\" name=\"dinner-days\" value=\"1\" checked><span class=\"box\"><\/span>VIE<\/label>\r\n                        <label class=\"flex items-center custom-checkbox\"><input type=\"checkbox\" name=\"dinner-days\" value=\"1\" checked><span class=\"box\"><\/span>S\u00c1B<\/label>\r\n                        <label class=\"flex items-center custom-checkbox\"><input type=\"checkbox\" name=\"dinner-days\" value=\"1\" checked><span class=\"box\"><\/span>DOM<\/label>\r\n                    <\/div>\r\n                <\/div>\r\n            <\/div>\r\n            <hr class=\"border-silver\/20\">\r\n            <div class=\"grid md:grid-cols-2 gap-x-8 gap-y-10\">\r\n                <div>\r\n                    <label for=\"googleRating\" class=\"font-medium text-silver\">Nota media de tu restaurante en Google<\/label>\r\n                    <input type=\"number\" id=\"googleRating\" value=\"4.5\" step=\"0.1\" min=\"1.0\" max=\"5.0\" class=\"bg-transparent border-b-2 border-silver w-full p-2 text-ghost-white text-lg focus:outline-none focus:border-gold mt-2\">\r\n                <\/div>\r\n                <div>\r\n                    <label for=\"country\" class=\"font-medium text-silver\">Pa\u00eds<\/label>\r\n                     <select id=\"country\" name=\"Pa\u00eds\" class=\"w-full p-2.5 bg-dark-slate-gray border-b-2 border-silver text-ghost-white text-lg focus:outline-none focus:border-gold mt-2\">\r\n                         <option>Espa\u00f1a<\/option><option>Francia<\/option><option>Italia<\/option><option>Portugal<\/option><option>Reino Unido<\/option><option>Otro<\/option>\r\n                    <\/select>\r\n                <\/div>\r\n            <\/div>\r\n            <div class=\"text-center pt-6\">\r\n                <button type=\"submit\" class=\"bg-gold text-dark-slate-gray font-bold py-3 px-12 rounded-full text-lg hover:bg-navajo-white transition-colors duration-300\">Calcular mi Rendimiento<\/button>\r\n            <\/div>\r\n        <\/form>\r\n    <\/div>\r\n\r\n    <div id=\"loading-screen\" class=\"hidden fixed inset-0 flex flex-col items-center justify-center bg-dark-slate-gray z-50\">\r\n        <div class=\"w-16 h-16 border-4 border-t-gold border-r-gold border-silver\/30 border-b-silver\/30 rounded-full animate-spin\"><\/div>\r\n        <p class=\"text-silver mt-4 text-lg\">Calculando tus beneficios...<\/p>\r\n    <\/div>\r\n\r\n    <div id=\"results-screen\" class=\"hidden container mx-auto p-4 md:p-8 max-w-5xl\">\r\n        <div id=\"results-content\" class=\"transition-all duration-300\">\r\n            <h2 class=\"text-2xl md:text-3xl font-bold text-center mb-12 text-gold\">Tus beneficios con CoverManager<\/h2>\r\n            <div class=\"grid md:grid-cols-3 gap-8\">\r\n                <div class=\"bg-silver\/10 p-6 rounded-lg flex flex-col justify-between items-center text-center\">\r\n                    <div class=\"space-y-6 w-full\">\r\n                        <h3 class=\"text-lg font-bold text-ghost-white uppercase tracking-wider\">OPTIMIZA LA OCUPACI\u00d3N<\/h3>\r\n                        <div class=\"w-full\">\r\n                            <p id=\"offlineBookings\" class=\"text-5xl font-bold text-gold\">0<\/p>\r\n                            <p class=\"text-silver\">Reservas confirmadas al d\u00eda<\/p>\r\n                        <\/div>\r\n                        <div class=\"w-full\">\r\n                            <p id=\"timeSaved\" class=\"text-5xl font-bold text-gold\">0<\/p>\r\n                            <p class=\"text-silver\">Minutos ahorrados al d\u00eda en gesti\u00f3n<\/p>\r\n                        <\/div>\r\n                    <\/div>\r\n                    <div class=\"mt-6 bg-dark-slate-gray p-4 rounded-md w-full\">\r\n                        <p class=\"text-sm text-ghost-white\">M\u00e1s mesas llenas y m\u00e1s tiempo para tus clientes sin preocuparte de llamadas ni ausencias.<\/p>\r\n                    <\/div>\r\n                <\/div>\r\n\r\n                <div class=\"bg-silver\/10 p-6 rounded-lg flex flex-col justify-between items-center text-center\">\r\n                    <div class=\"space-y-6 w-full\">\r\n                        <h3 class=\"text-lg font-bold text-ghost-white uppercase tracking-wider\">AUMENTA TUS INGRESOS<\/h3>\r\n                        <div class=\"w-full\">\r\n                            <p id=\"noShowEarnings\" class=\"text-5xl font-bold text-gold\">0\u20ac<\/p>\r\n                            <p class=\"text-silver\">Recuperados al evitar No Shows<\/p>\r\n                        <\/div>\r\n                         <div id=\"commissionSavings-container\" class=\"w-full\">\r\n                            <p id=\"commissionSavings\" class=\"text-5xl font-bold text-gold\">0\u20ac<\/p>\r\n                            <p class=\"text-silver\">Ahorrados al no pagar comisiones<\/p>\r\n                        <\/div>\r\n                    <\/div>\r\n                     <div class=\"mt-6 bg-dark-slate-gray p-4 rounded-md w-full\">\r\n                        <p class=\"text-sm text-ghost-white\">Recupera ingresos que antes perd\u00edas en mesas vac\u00edas y comisiones que no te corresponden.<\/p>\r\n                    <\/div>\r\n                <\/div>\r\n\r\n                <div class=\"bg-silver\/10 p-6 rounded-lg flex flex-col justify-between items-center text-center\">\r\n                    <div class=\"space-y-6 w-full\">\r\n                        <h3 class=\"text-lg font-bold text-ghost-white uppercase tracking-wider\">MEJORA TUS RESE\u00d1AS<\/h3>\r\n                         <div class=\"w-full\">\r\n                            <p id=\"newReviews\" class=\"text-5xl font-bold text-gold\">0<\/p>\r\n                            <p class=\"text-silver\">Rese\u00f1as nuevas cada mes<\/p>\r\n                        <\/div>\r\n                        <div class=\"w-full\">\r\n                            <p id=\"newRating\" class=\"text-5xl font-bold text-gold\">0\/5<\/p>\r\n                            <p class=\"text-silver\">Tu nueva nota media en Google<\/p>\r\n                        <\/div>\r\n                    <\/div>\r\n                    <div class=\"mt-6 bg-dark-slate-gray p-4 rounded-md w-full\">\r\n                        <p class=\"text-sm text-ghost-white\">Consigue m\u00e1s valoraciones positivas que inspiran confianza y atraen cada vez m\u00e1s reservas.<\/p>\r\n                    <\/div>\r\n                <\/div>\r\n            <\/div>\r\n            \r\n            <div class=\"mt-16 pt-12 pb-8 px-4 bg-ghost-white text-dark-slate-gray rounded-lg text-center\">\r\n                <h2 class=\"text-3xl md:text-4xl font-bold\">Haz que estos n\u00fameros sean reales<\/h2>\r\n                <p class=\"mt-4 text-lg max-w-3xl mx-auto text-gray-600\">\r\n                    Lo que ves ahora es una estimaci\u00f3n basada en los resultados de miles de restaurantes que usan CoverManager en su d\u00eda a d\u00eda. T\u00fa tambi\u00e9n puedes llenar m\u00e1s mesas, ahorrar dinero en comisiones y mejorar tus rese\u00f1as online. Nuestro equipo te lo muestra en una demo personalizada y sin compromiso, adaptada a tu negocio.\r\n                <\/p>\r\n                <div class=\"mt-8\">\r\n                    <a href=\"https:\/\/covermanager.activehosted.com\/f\/201?utm_source=calculadora&amp;utm_medium=awareness_organic_demo&amp;utm_campaign=lead_nurturing&amp;utm_term=calculadora_rendimiento\" target=\"_blank\" rel=\"noopener noreferrer nofollow\" class=\"bg-gold text-dark-slate-gray font-bold py-3 px-12 rounded-full text-lg hover:bg-navajo-white transition-colors duration-300 inline-block\">\r\n                        Solicita tu demo\r\n                    <\/a>\r\n                <\/div>\r\n                <div class=\"flex items-center justify-center mt-12 gap-2\">\r\n                    <p class=\"text-gray-500 text-lg\">Powered by<\/p>\r\n                    <img decoding=\"async\" src=\"https:\/\/www.covermanager.com\/es\/wp-content\/uploads\/sites\/2\/2024\/10\/CM_amarillo-y-gris_sin-claim.webp\" alt=\"CoverManager Logo\" class=\"h-7\" title=\"\">\r\n                <\/div>\r\n            <\/div>\r\n\r\n        <\/div>\r\n\r\n        <div id=\"results-modal\" class=\"hidden fixed inset-0 bg-black\/60 flex items-center justify-center p-4 z-40\">\r\n            <div class=\"bg-ghost-white text-dark-slate-gray rounded-lg shadow-xl p-8 max-w-3xl w-full max-h-[90vh] overflow-y-auto\">\r\n                <h3 class=\"text-2xl font-bold text-center mb-4\">Muestra todos los resultados<\/h3>\r\n                <form id=\"modal-form\" class=\"space-y-5\" novalidate>\r\n                    <div class=\"grid md:grid-cols-2 gap-5\">\r\n                        <input type=\"text\" name=\"nombre\" placeholder=\"Nombre*\" required class=\"w-full p-3 border-b-2 border-silver\/50 focus:outline-none focus:border-gold\">\r\n                        <input type=\"text\" name=\"apellidos\" placeholder=\"Apellidos*\" required class=\"w-full p-3 border-b-2 border-silver\/50 focus:outline-none focus:border-gold\">\r\n                        <input type=\"email\" name=\"email\" placeholder=\"Email*\" required class=\"w-full p-3 border-b-2 border-silver\/50 focus:outline-none focus:border-gold\">\r\n                        <input type=\"text\" name=\"restaurante\" placeholder=\"Nombre del restaurante*\" required class=\"w-full p-3 border-b-2 border-silver\/50 focus:outline-none focus:border-gold\">\r\n                        <input type=\"tel\" name=\"telefono\" placeholder=\"Tel\u00e9fono*\" required pattern=\"[0-9\\\\s+()-]{9,}\" title=\"Introduce un n\u00famero de tel\u00e9fono v\u00e1lido.\" class=\"w-full p-3 border-b-2 border-silver\/50 focus:outline-none focus:border-gold\">\r\n                        <input type=\"text\" name=\"codigo_postal\" placeholder=\"C\u00f3digo postal*\" required pattern=\"[0-9]{4,5}\" title=\"Introduce un c\u00f3digo postal de 4 o 5 d\u00edgitos.\" class=\"w-full p-3 border-b-2 border-silver\/50 focus:outline-none focus:border-gold\">\r\n                        \r\n                        <select name=\"\u00bfEn qu\u00e9 tipo de negocio trabajas?\" required class=\"w-full p-3 bg-white border-b-2 border-silver\/50 text-gray-500 focus:outline-none focus:border-gold focus:text-dark-slate-gray\">\r\n                            <option value=\"\" disabled selected>\u00bfEn qu\u00e9 tipo de negocio trabajas?*<\/option>\r\n                            <option value=\"Restaurante\">Restaurante<\/option>\r\n                            <option value=\"Grupo de restaurantes\">Grupo de restaurantes<\/option>\r\n                            <option value=\"Hotel\">Hotel<\/option>\r\n                            <option value=\"Otro\">Otro<\/option>\r\n                        <\/select>\r\n                        \r\n                        <select name=\"\u00bfC\u00f3mo gestionas tus reservas actualmente?\" required class=\"w-full p-3 bg-white border-b-2 border-silver\/50 text-gray-500 focus:outline-none focus:border-gold focus:text-dark-slate-gray\">\r\n                             <option value=\"\" disabled selected>\u00bfC\u00f3mo gestionas tus reservas actualmente?*<\/option>\r\n                            <option value=\"CoverManager\">CoverManager<\/option>\r\n                            <option value=\"Otro software\">Otro software<\/option>\r\n                            <option value=\"Libro de papel\/Excel\">Libro de papel\/Excel<\/option>\r\n                            <option value=\"Ninguno\">Ninguno<\/option>\r\n                        <\/select>\r\n                    <\/div>\r\n                    \r\n                    <div class=\"pt-2 space-y-4\">\r\n                        <p class=\"text-xs text-gray-500 text-center\">\r\n                            Al hacer clic en \"ENVIAR\" aceptas la \r\n                            <a href=\"https:\/\/www.covermanager.com\/es\/politica-privacidad\/\" target=\"_blank\" rel=\"noopener noreferrer\" class=\"underline hover:text-gold\">pol\u00edtica de privacidad de CoverManager<\/a>.\r\n                        <\/p>\r\n                        <label class=\"flex items-start custom-checkbox text-sm text-gray-600\">\r\n                            <input type=\"checkbox\" name=\"Aceptaci\u00f3n de env\u00edo comercial\">\r\n                            <span class=\"box mt-1\"><\/span>\r\n                            <span>Acepto recibir comunicaciones comerciales por parte de CoverManager para personalizar mi experiencia con la plataforma<\/span>\r\n                        <\/label>\r\n                    <\/div>\r\n\r\n                    <p id=\"modal-error\" class=\"text-red-500 text-sm hidden text-center -mt-2 pb-2\">Por favor, revisa los campos incorrectos.<\/p>\r\n                    <div class=\"text-center pt-4\">\r\n                        <button type=\"submit\" class=\"bg-gold text-dark-slate-gray font-bold py-3 px-12 rounded-full text-lg hover:bg-navajo-white transition-colors duration-300\">ENVIAR<\/button>\r\n                    <\/div>\r\n                <\/form>\r\n            <\/div>\r\n        <\/div>\r\n    <\/div>\r\n<\/div>\n\n\n\n\n","protected":false},"excerpt":{"rendered":"","protected":false},"author":14,"featured_media":0,"parent":0,"menu_order":0,"comment_status":"closed","ping_status":"closed","template":"","meta":{"_acf_changed":false,"footnotes":""},"class_list":["post-11887","page","type-page","status-publish","hentry"],"acf":[],"_links":{"self":[{"href":"https:\/\/www.covermanager.com\/es\/wp-json\/wp\/v2\/pages\/11887","targetHints":{"allow":["GET"]}}],"collection":[{"href":"https:\/\/www.covermanager.com\/es\/wp-json\/wp\/v2\/pages"}],"about":[{"href":"https:\/\/www.covermanager.com\/es\/wp-json\/wp\/v2\/types\/page"}],"author":[{"embeddable":true,"href":"https:\/\/www.covermanager.com\/es\/wp-json\/wp\/v2\/users\/14"}],"replies":[{"embeddable":true,"href":"https:\/\/www.covermanager.com\/es\/wp-json\/wp\/v2\/comments?post=11887"}],"version-history":[{"count":6,"href":"https:\/\/www.covermanager.com\/es\/wp-json\/wp\/v2\/pages\/11887\/revisions"}],"predecessor-version":[{"id":12227,"href":"https:\/\/www.covermanager.com\/es\/wp-json\/wp\/v2\/pages\/11887\/revisions\/12227"}],"wp:attachment":[{"href":"https:\/\/www.covermanager.com\/es\/wp-json\/wp\/v2\/media?parent=11887"}],"curies":[{"name":"wp","href":"https:\/\/api.w.org\/{rel}","templated":true}]}}