{"id":12006,"date":"2025-10-06T13:00:02","date_gmt":"2025-10-06T11:00:02","guid":{"rendered":"https:\/\/www.covermanager.com\/es\/?page_id=12006"},"modified":"2025-10-06T13:00:51","modified_gmt":"2025-10-06T11:00:51","slug":"acuerdo-encargo-de-tratamiento","status":"publish","type":"page","link":"https:\/\/www.covermanager.com\/es\/acuerdo-encargo-de-tratamiento\/","title":{"rendered":"ACUERDO ENCARGO DE TRATAMIENTO"},"content":{"rendered":"\n<div id=\"block_b13e7fce27cf3b3c702b1b6621d5c3fa\" class=\"bisiesto-block b-spacer \" style=\"width:100%; height: clamp(30px, 0vw + 30px, 30px);\">\n\n<\/div>\n\n\n\n\n<p><strong>ACUERDO ENCARGO DE TRATAMIENTO<\/strong><\/p>\n\n\n\n<p>El presente Anexo recoge el Acuerdo de Encargo de Tratamiento sobre el tratamiento de datos personales (el <strong>\u201cAcuerdo de Encargo de Tratamiento\u201d<\/strong> o el <strong>\u201cAcuerdo\u201d<\/strong>), el cual tiene por objeto determinar, de manera transparente y de mutuo acuerdo, las obligaciones y responsabilidades respectivas de las partes&nbsp; en materia de protecci\u00f3n de datos, atendiendo a las actividades que se llevan a cabo en virtud del Contrato principal por el cual el RESTAURANT BOOKING AND DISTRIBUTION SERVICES S.L.U. (en adelante, <strong>\u201cCoverManager\u201d<\/strong>), en adelante, el <strong>\u201cEncargado de Tratamiento\u201d<\/strong> o <strong>\u201cEncargado\u201d<\/strong> prestar\u00e1 determinados servicios (los <strong>\u201cServicios\u201d<\/strong>) que comportar\u00e1n el acceso a datos personales responsabilidad del Cliente, en adelante, el <strong>\u201cResponsable del Tratamiento\u201d<\/strong> o <strong>\u201cResponsable\u201d<\/strong>.&nbsp;<\/p>\n\n\n\n<p>Por ello, en cumplimiento de las obligaciones impuestas por el Reglamento (UE) 2016\/679 del Parlamento y del Consejo, de 27 de abril de 2016, relativo a la protecci\u00f3n de las personas f\u00edsicas en lo que respecta al tratamiento de datos personales ya la libre circulaci\u00f3n de estos datos y por el que se deroga la Directiva 95\/46\/CE (en adelante, <strong>\u201cRGPD\u201d<\/strong>) y la Ley org\u00e1nica 3\/2018, de 5 de diciembre, de Protecci\u00f3n de Datos Personales y garant\u00eda de los derechos digitales (en adelante, <strong>\u201cLOPDGDD\u201d<\/strong>), las Partes acuerdan la celebraci\u00f3n y firma del presente Acuerdo de Encargo de Tratamiento, que se regir\u00e1 seg\u00fan lo establecido en el art\u00edculo 28 del RGPD, y por las siguientes:<\/p>\n\n\n\n<p><strong>ESTIPULACIONES:<\/strong><\/p>\n\n\n\n<p><strong>PRIMERA.- OBJETO<\/strong><\/p>\n\n\n\n<p>El objeto de este documento es establecer las condiciones en las que CoverManager va a tratar los datos de car\u00e1cter personal a los que tenga acceso, como consecuencia de la ejecuci\u00f3n del contrato principal al que va unido el presente Acuerdo (en adelante, el Contrato Principal).&nbsp;<\/p>\n\n\n\n<p>De acuerdo con lo estipulado en el Contrato Principal, CoverManager va tener acceso a datos personales de los que el Cliente es Responsable del Tratamiento.&nbsp;<\/p>\n\n\n\n<p>Se tratar\u00e1n exclusivamente las siguientes categor\u00edas de datos:&nbsp;<\/p>\n\n\n\n<p>&#8211; Nombre y apellidos<\/p>\n\n\n\n<p>&#8211; Direcci\u00f3n de correo electr\u00f3nico<\/p>\n\n\n\n<p>&#8211; N\u00famero de tel\u00e9fono<\/p>\n\n\n\n<p>&#8211; Datos sobre la reserva facilitados por los usuarios del Cliente<\/p>\n\n\n\n<p>Los interesados ser\u00e1n:&nbsp;<\/p>\n\n\n\n<p>\u00b7 &nbsp; Aquellas personas f\u00edsicas que realicen reservas, pedidos, o en definitiva que tengan la condici\u00f3n de clientela del Cliente<\/p>\n\n\n\n<p>Concreci\u00f3n de los tratamientos a realizar:<\/p>\n\n\n\n<ul class=\"wp-block-list\">\n<li>RECOGIDA.<\/li>\n\n\n\n<li>REGISTRO.<\/li>\n\n\n\n<li>MODIFICACI\u00d3N<\/li>\n\n\n\n<li>CONSERVACI\u00d3N.<\/li>\n\n\n\n<li>CONSULTA.<\/li>\n\n\n\n<li>LIMITACI\u00d3N<\/li>\n\n\n\n<li>SUPRESI\u00d3N.<\/li>\n\n\n\n<li>DESTRUCCI\u00d3N.<\/li>\n<\/ul>\n\n\n\n<p><strong>SEGUNDA.- DURACI\u00d3N<\/strong><\/p>\n\n\n\n<p>El presente Acuerdo entrar\u00e1 en vigor en la fecha de la firma del Contrato Principal y su duraci\u00f3n estar\u00e1 vinculada a la vigencia y duraci\u00f3n de dicho Contrato Principal<\/p>\n\n\n\n<p>Los datos ser\u00e1n tratados durante la vigencia de la relaci\u00f3n contractual con esa base de legitimaci\u00f3n y, una vez concluida la misma, el Encargado del Tratamiento deber\u00e1 suprimir, y\/o devolver al Responsable del Tratamiento,&nbsp; y\/o devolver a otro encargado que designe el Responsable del Tratamiento, los datos personales y eliminar cualquier copia que est\u00e9 en su poder. Exceptuando aquellos que deban quedar bloqueados hasta que se produzca la extinci\u00f3n de cualquier responsabilidad legal que hubiera podido nacer de la relaci\u00f3n contractual entre las partes.<\/p>\n\n\n\n<p><strong>TERCERA.- OBLIGACIONES DEL RESPONSABLE DEL TRATAMIENTO&nbsp;<\/strong><\/p>\n\n\n\n<p>Corresponde al Responsable del Tratamiento, adem\u00e1s del cumplimiento de cuantas obligaciones se le atribuyan a lo largo del presente Acuerdo de Encargo de Tratamiento, la realizaci\u00f3n de las siguientes tareas:<\/p>\n\n\n\n<p>a.&nbsp; Cumplir con todas las medidas t\u00e9cnicas y organizativas necesarias para garantizar la seguridad del tratamiento, los locales, equipos, sistemas, programas y las personas que intervengan en la actividad del tratamiento de los datos de car\u00e1cter personal referidos, que se estipulen en la normativa vigente y de aplicaci\u00f3n en cada momento.<\/p>\n\n\n\n<p>b.&nbsp; Entregar o hacer accesibles al Encargado los datos detallados en la cl\u00e1usula primera de este documento, as\u00ed como las instrucciones necesarias para llevar a cabo el tratamiento de los datos.<\/p>\n\n\n\n<p>c. Responder a los derechos de los individuos afectados por el tratamiento, como son los derechos de acceso, rectificaci\u00f3n, supresi\u00f3n y oposici\u00f3n, limitaci\u00f3n al tratamiento, portabilidad de los datos y a no ser objeto de decisiones individuales automatizadas, en colaboraci\u00f3n con el Encargado.<\/p>\n\n\n\n<p>d. Realizar, en caso de que proceda, una evaluaci\u00f3n del impacto en la protecci\u00f3n de datos personales de las operaciones de tratamiento a realizar por el Encargado.<\/p>\n\n\n\n<p>e. Velar, de forma previa y durante el tratamiento, por el cumplimiento de la normativa aplicable en materia de protecci\u00f3n de datos por parte del Encargado.<\/p>\n\n\n\n<p>f. &nbsp; Supervisar el tratamiento, incluida la realizaci\u00f3n de inspecciones y auditor\u00edas.<\/p>\n\n\n\n<p>g. Comunicar al Encargado cualquier variaci\u00f3n que se produzca de los datos personales facilitados, para que se proceda a su actualizaci\u00f3n.<\/p>\n\n\n\n<p>h. Garantizar que los datos que se someten a tratamiento como consecuencia de la prestaci\u00f3n de los Servicios han sido, son y ser\u00e1n recogidos y tratados por el Responsable de acuerdo con las obligaciones estipuladas por el RGPD, teniendo en cuenta particularmente la necesidad de una base legal que legitime el tratamiento, seg\u00fan lo indicado en el art\u00edculo 6 del RGPD. En el caso de que la base legal del tratamiento sea el consentimiento del interesado, el Responsable se compromete a recogerlo cumpliendo con todos los requisitos que establece el art. 7 RGPD.<\/p>\n\n\n\n<p>i. Garantizar que ha cumplido con el deber de facilitar toda la informaci\u00f3n a los interesados en el momento de la recogida de los datos objeto del tratamiento, cumpliendo con lo previsto en el art. 13 y 14 del RGPD, seg\u00fan corresponda.&nbsp;<\/p>\n\n\n\n<p><strong>CUARTA.- OBLIGACIONES DEL ENCARGADO DEL TRATAMIENTO<\/strong><\/p>\n\n\n\n<p>El Encargado del Tratamiento, en relaci\u00f3n con los datos de car\u00e1cter personal a los que tenga acceso como consecuencia del Contrato Principal, se obliga a:<\/p>\n\n\n\n<p>a. Utilizar los datos personales objeto de tratamiento, o los que recoja para su inclusi\u00f3n, s\u00f3lo para la finalidad objeto de este encargo. En ning\u00fan caso podr\u00e1 utilizar los datos para fines propios.&nbsp;<\/p>\n\n\n\n<p>b. Tratar los datos personales \u00fanicamente conforme a las instrucciones documentadas del Responsable, inclusive con respecto a las transferencias de datos personales a un tercer pa\u00eds o una organizaci\u00f3n internacional, salvo que est\u00e9 obligado a ello en virtud del Derecho de la Uni\u00f3n o de los Estados miembros que se aplique al Encargado; en tal caso, informar\u00e1 al Responsable de esa exigencia legal previa al tratamiento, salvo que tal Derecho lo proh\u00edba por razones importantes de inter\u00e9s p\u00fablico.&nbsp;<\/p>\n\n\n\n<p>c. Garantizar que las personas autorizadas para tratar datos personales se hayan comprometido a respetar la confidencialidad o est\u00e9n sujetas a una obligaci\u00f3n de confidencialidad de naturaleza estatutaria. El cumplimiento de esta obligaci\u00f3n deber\u00e1 quedar documentado por el Encargado y a disposici\u00f3n del Responsable del Tratamiento.<\/p>\n\n\n\n<p>d. Tomar todas las medidas de seguridad necesarias de conformidad con lo establecido en el RGPD.<\/p>\n\n\n\n<p>e. Llevar, por escrito, un registro de todas las categor\u00edas de actividades de tratamiento efectuadas por cuenta del Responsable, que contenga todo lo dispuesto en el art\u00edculo 30 del RGPD.&nbsp;<\/p>\n\n\n\n<p>f.&nbsp; Mantener confidencialidad y secreto sobre los datos de car\u00e1cter personal a los que tenga acceso con motivo de la prestaci\u00f3n de los Servicios.<\/p>\n\n\n\n<p>g. No comunicar los datos personales a terceros salvo que cuente con la autorizaci\u00f3n expresa del Responsable del Tratamiento, y en los supuestos legalmente admisibles.&nbsp;<\/p>\n\n\n\n<p>h. El Encargado podr\u00e1 comunicar los datos a otros encargados del tratamiento del mismo responsable, de acuerdo con las instrucciones de este \u00faltimo. En este caso, el Responsable identificar\u00e1, de forma previa y por escrito, la entidad a la que se deben comunicar los datos, los datos a comunicar y las medidas de seguridad a aplicar para proceder a la comunicaci\u00f3n.&nbsp;<\/p>\n\n\n\n<p>i.&nbsp; Facilitar al Responsable del Tratamiento la informaci\u00f3n necesaria para evidenciar el cumplimiento de las obligaciones establecidas en el presente Acuerdo de Encargo del Tratamiento.&nbsp;<\/p>\n\n\n\n<p>j.&nbsp; Prestar la asistencia que sea requerida por el Responsable para la realizaci\u00f3n de auditor\u00edas o inspecciones, realizadas por el Responsable del Tratamiento o por otro auditor autorizado por el Responsable. Las auditor\u00edas podr\u00e1n realizarse de forma peri\u00f3dica, de forma planificada o \u201cad hoc\u201d, previa notificaci\u00f3n al Encargado con un plazo de preaviso razonable, en el horario laboral habitual del Encargado.<\/p>\n\n\n\n<p>k. Designar un delegado de protecci\u00f3n de datos (\u201cDPO\u201d) o, si su nombramiento no es obligatorio, un responsable de protecci\u00f3n de datos. Los datos de contacto de dicha persona ser\u00e1n proporcionados al Responsable del Tratamiento.<\/p>\n\n\n\n<p>l.&nbsp; Colaborar en el cumplimiento de obligaciones del Responsable, y ofrecer apoyo al mismo, cuando proceda y as\u00ed lo solicite el Responsable, en la realizaci\u00f3n de (i) evaluaciones de impacto relativas a los datos de car\u00e1cter personal que tenga acceso; (ii) consultas previas a la autoridad de control.<\/p>\n\n\n\n<p>m. Destino de los Datos: al finalizar el Contrato Principal el Encargado deber\u00e1 devolver los datos personales al Responsable o destruirlos, a elecci\u00f3n de \u00e9ste \u00faltimo. En defecto de instrucci\u00f3n expresa, los datos personales ser\u00e1n destruidos en el plazo de treinta (30) d\u00edas desde la finalizaci\u00f3n del Contrato Principal. No obstante, el Encargado del Tratamiento podr\u00e1 conservar una copia con los datos debidamente bloqueados, mientras puedan derivarse responsabilidades de la ejecuci\u00f3n de la prestaci\u00f3n de los Servicios.<\/p>\n\n\n\n<p>n. Notificaci\u00f3n de violaciones de la seguridad de los datos. El Encargado notificar\u00e1 al Responsable, sin dilaci\u00f3n indebida, y en cualquier caso antes del plazo m\u00e1ximo de 72 horas, a trav\u00e9s de la persona de contacto indicada al efecto por el Responsable, cualquier incidente relativo a la protecci\u00f3n de datos, dentro de su \u00e1rea de responsabilidad. Entre otros, deber\u00e1 comunicar al Responsable cualquier tratamiento que pueda considerarse il\u00edcito o no autorizado, cualquier p\u00e9rdida, destrucci\u00f3n o da\u00f1o en los datos y cualquier incidente considerado una vulneraci\u00f3n de seguridad de los datos. La notificaci\u00f3n deber\u00e1 ir acompa\u00f1ada de toda la informaci\u00f3n relevante para la documentaci\u00f3n y comunicaci\u00f3n de la incidencia a autoridades pertinentes o interesados afectados. El Encargado del Tratamiento, adicionalmente, prestar\u00e1 asistencia al Responsable en relaci\u00f3n a las obligaciones de notificaci\u00f3n de acuerdo con el RGPD (en particular, arts. 33 y 34 del RGPD) y a cualquier otra norma aplicable, presente o futura, que modifique o complemente dichas obligaciones.<\/p>\n\n\n\n<p>o. Ejercicios de derechos: cuando las personas afectadas ejerzan los derechos de acceso, rectificaci\u00f3n, supresi\u00f3n y oposici\u00f3n, limitaci\u00f3n al tratamiento, portabilidad de los datos y a no ser objeto de decisiones individuales automatizadas, ante el Encargado del Tratamiento, lo comunicar\u00e1 por correo electr\u00f3nico a trav\u00e9s de la persona de contacto indicada al efecto del Responsable. La comunicaci\u00f3n deber\u00e1 realizarse en un plazo m\u00e1ximo de 7 d\u00edas con objeto de atenderla en los plazos legales establecidos, y en ning\u00fan caso m\u00e1s all\u00e1 del d\u00eda laborable siguiente a la recepci\u00f3n de la solicitud, present\u00e1ndose al Responsable junto a toda informaci\u00f3n que pueda ser relevante para su resoluci\u00f3n.&nbsp;<\/p>\n\n\n\n<p>p. Medidas de seguridad: en relaci\u00f3n con las medidas t\u00e9cnicas y organizativas de seguridad, el Encargado del Tratamiento, deber\u00e1 implementar mecanismos para:&nbsp;<\/p>\n\n\n\n<p>\u00b7&nbsp; &nbsp; Garantizar la confidencialidad, integridad, disponibilidad y resiliencia permanentes de los sistemas y servicios de tratamiento.&nbsp;<\/p>\n\n\n\n<p>\u00b7&nbsp; &nbsp; Restaurar la disponibilidad y el acceso a los datos personales de forma r\u00e1pida, en caso de incidente f\u00edsico o t\u00e9cnico.&nbsp;<\/p>\n\n\n\n<p>\u00b7 &nbsp; &nbsp; Verificar, evaluar y valorar, de forma regular, la eficacia de las medidas t\u00e9cnicas y organizativas implantadas para garantizar la seguridad del tratamiento.&nbsp;<\/p>\n\n\n\n<p>\u00b7&nbsp; &nbsp; &nbsp; Seudonimizar y cifrar los datos personales, en su caso.&nbsp;<\/p>\n\n\n\n<p>En particular, las Partes han convenido una relaci\u00f3n de medidas que el Encargado del Tratamiento debe implementar, indicadas a continuaci\u00f3n:<\/p>\n\n\n\n<p>\u00b7&nbsp; Encriptaci\u00f3n robusta de contrase\u00f1as: Se utiliza el algoritmo SHA-256 para encriptar las contrase\u00f1as, protegi\u00e9ndolas contra accesos no autorizados y brechas de seguridad.<\/p>\n\n\n\n<p>\u00b7 &nbsp; Protocolos de comunicaci\u00f3n seguros: Se implementan TLS 1.3 y TLS 1.2 para cifrar la informaci\u00f3n, descartando protocolos anteriores.<\/p>\n\n\n\n<p>\u00b7&nbsp; &nbsp; Protecci\u00f3n contra fuerza bruta: Se bloquean autom\u00e1ticamente las direcciones IP despu\u00e9s de m\u00faltiples intentos fallidos de inicio de sesi\u00f3n para prevenir accesos no autorizados.<\/p>\n\n\n\n<p>\u00b7&nbsp; &nbsp; Firewall de Aplicaciones Web (WAF): Act\u00faa como una barrera de seguridad que bloquea el tr\u00e1fico malicioso y protege la aplicaci\u00f3n web frente a ataques comunes.<\/p>\n\n\n\n<p>\u00b7&nbsp; &nbsp; Registro y monitorizaci\u00f3n: Se utiliza New Relic y una base de datos dedicada para registrar accesos, acciones y errores, permitiendo el an\u00e1lisis y la detecci\u00f3n temprana de problemas de seguridad.<\/p>\n\n\n\n<p><strong>QUINTA.-&nbsp; COMUNICACI\u00d3N DE DATOS Y SUBENCARGO DEL TRATAMIENTO<\/strong><\/p>\n\n\n\n<p>El Responsable del Tratamiento concede una autorizaci\u00f3n general para que el Encargado del Tratamiento pueda subcontratar parte de los Servicios con terceras entidades o subcontratistas (el <strong>\u201cSubencargado\u201d<\/strong>). El Encargado del Tratamiento informar\u00e1 al Responsable del Tratamiento de los tratamientos que se pretenden subcontratar e identificando de forma clara e inequ\u00edvoca la empresa subcontratista y sus datos de contacto. La subcontrataci\u00f3n podr\u00e1 llevarse a cabo si el Responsable no manifiesta su oposici\u00f3n en el plazo de quince (15) d\u00edas.<\/p>\n\n\n\n<p>El Encargado del Tratamiento aplicar\u00e1 la diligencia debida para elegir solo aquellos subencargados que ofrezcan garant\u00edas suficientes para aplicar medidas t\u00e9cnicas y organizativas apropiadas, de manera que los tratamientos subcontratados sean conformes con los requisitos del RGPD y quede garantizada la protecci\u00f3n de los derechos de los interesados sujetos al tratamiento.<\/p>\n\n\n\n<p>El Subencargado, que tambi\u00e9n tendr\u00e1 la condici\u00f3n de encargado del tratamiento, estar\u00e1 obligado igualmente a cumplir las obligaciones impuestas al Encargado del Tratamiento y las instrucciones que dicte el Responsable, seg\u00fan lo dictado en el presente Acuerdo de Encargo de Tratamiento. Corresponde al Encargado del Tratamiento regular la nueva relaci\u00f3n en un contrato firmado por Encargado y Subencargado, de forma que el Subencargado quede sujeto a las mismas condiciones (instrucciones, obligaciones, medidas de seguridad\u2026) y con los mismos requisitos formales que el Encargado inicial, en lo referente al adecuado tratamiento de los datos personales y a la garant\u00eda de los derechos de las personas afectadas. En el caso de incumplimiento por parte del Subencargado, el Encargado del Tratamiento seguir\u00e1 siendo plenamente responsable ante el Responsable del Tratamiento en lo referente al cumplimiento de las obligaciones incluidas en el presente Acuerdo de Encargo de Tratamiento.<\/p>\n\n\n\n<p>De acuerdo con la autorizaci\u00f3n mencionada, el Encargado recurre a los siguientes subencargados para el tratamiento de datos regulado en el presente acuerdo: Ver ap\u00e9ndice I &nbsp; &nbsp; &nbsp; &nbsp; &nbsp;<\/p>\n\n\n\n<p><strong>SEXTA.- TRANSFERENCIAS INTERNACIONALES<\/strong><\/p>\n\n\n\n<p>El Encargado del Tratamiento no llevar\u00e1 a cabo transferencias internacionales de datos de car\u00e1cter personal a los que tenga acceso, responsabilidad del Responsable del Tratamiento, salvo que cuente con autorizaci\u00f3n previa del Responsable del Tratamiento o se encuentren debidamente regularizadas seg\u00fan lo contenido en los art\u00edculos 45, 46 o 47 del RGPD.&nbsp;<\/p>\n\n\n\n<p><strong>S\u00c9PTIMA.- RESPONSABILIDAD<\/strong><\/p>\n\n\n\n<p>El Encargado ser\u00e1 considerado responsable del tratamiento en caso de que destine los datos objeto del presente Acuerdo de Encargo de Tratamiento a otras finalidades, los comunique o los utilice incumpliendo las estipulaciones del presente Acuerdo de Encargo de Tratamiento, respondiendo de las infracciones en que hubiera incurrido personalmente.<\/p>\n\n\n\n<p><strong>OCTAVA.- INCUMPLIMIENTO&nbsp;<\/strong><\/p>\n\n\n\n<p>En el caso de que alguna de las partes incumpla el presente anexo en algunas de sus cl\u00e1usulas y\/o la legislaci\u00f3n vigente en materia de protecci\u00f3n de datos de car\u00e1cter personal, responder\u00e1 ante la Agencia de Protecci\u00f3n de Datos de las infracciones que se puedan haber cometido.<\/p>\n\n\n\n<p><strong>NOVENA.- NOTIFICACIONES<\/strong><\/p>\n\n\n\n<p>A efectos de notificaciones y requerimientos las partes se\u00f1alan como domicilio los que figuran en el Contrato Principal. Cualquier cambio de domicilio de una de las partes deber\u00e1 ser notificado a la otra de forma inmediata y por un medio que garantice la recepci\u00f3n del mensaje. Para comunicaciones electr\u00f3nicas ser\u00e1n v\u00e1lidas las enviadas a las direcciones de email de habitual uso entre las partes.&nbsp;<\/p>\n\n\n\n<p><strong>AP\u00c9NDICE I: SUBENCARGADOS DEL TRATAMIENTO<\/strong><\/p>\n\n\n\n<p>De acuerdo con lo dispuesto en el art\u00edculo 28 del RGPD, CoverManager recurre a una serie de proveedores para poder prestar sus servicios, siendo necesario que los mismos tengan acceso a los datos personales de los usuarios del Cliente (el Responsable de su Tratamiento). Dichos proveedores estar\u00e1n sujetos a las mismas condiciones, obligaciones y medidas de seguridad que CoverManager respecto al Responsable.<\/p>\n\n\n\n<p>En virtud de lo anterior, el Cliente mantiene la condici\u00f3n de Responsable, CoverManager la de Encargado del Tratamiento y el Proveedor se configura como Subencargado del Tratamiento. Consecuentemente, CoverManager seguir\u00e1 las instrucciones, en lo relativo al tratamiento, dictadas por el Responsable. A su vez, y con base exclusiva en tales instrucciones, CoverManager se las proporcionar\u00e1 a los Subencargados.<\/p>\n\n\n\n<p>Los proveedores que se constituyen como Subencargados en base a lo expuesto anteriormente son los siguientes:<\/p>\n\n\n\n<figure class=\"wp-block-table aligncenter\"><table class=\"has-fixed-layout\"><tbody><tr><td>Subencargado<\/td><td>Pol\u00edtica de Privacidad<\/td><td>Funci\u00f3n<\/td><td>Transferencias internacionales y garant\u00eda<\/td><\/tr><tr><td>DoiT International Multi-Cloud Espana S.L (DoiT International Ltd)&nbsp;<\/td><td>https:\/\/www.doit.com\/wp-content\/uploads\/2025\/04\/240719-customer-dpa-.pdf<\/td><td>Servidores para el alojamiento del software<\/td><td>S\u00ed. Israel.&nbsp;Cl\u00e1usulas Contractuales Tipo&nbsp;<\/td><\/tr><tr><td>Twilio Inc<\/td><td>https:\/\/www.twilio.com\/en-us\/legal\/privacy<\/td><td>Env\u00edo de emails transaccionalesServicio de conexi\u00f3n de la llamada<\/td><td>S\u00ed. EE. UU.&nbsp;Data Privacy Framework&nbsp;<\/td><\/tr><tr><td>NET REAL SOLUTIONS, S.L.U.<\/td><td>https:\/\/www.360nrs.com\/aviso-legal\/privacidad<\/td><td>Env\u00edo de SMS a la clientela del Cliente<\/td><td>No<\/td><\/tr><tr><td>Aviva Voice System and Services, S.L.<\/td><td>https:\/\/www.avivavoice.com\/aviso-legal.php#privacidad<\/td><td>Env\u00edo de SMS a la clientela del Cliente<\/td><td>No<\/td><\/tr><tr><td>Link Mobility Spain, S.L.<\/td><td>https:\/\/www.linkmobility.com\/es\/legal\/privacidad<\/td><td>Env\u00edo de SMS a la clientela del Cliente<\/td><td>No<\/td><\/tr><tr><td>IT DIGITAL POMELO, S.R.L.<\/td><td>https:\/\/whocalls.info\/privacy-policy\/<\/td><td>Identificador de llamada entrante<\/td><td>No<\/td><\/tr><\/tbody><\/table><\/figure>\n","protected":false},"excerpt":{"rendered":"<p>ACUERDO ENCARGO DE TRATAMIENTO El presente Anexo recoge el Acuerdo de Encargo de Tratamiento sobre el tratamiento de datos personales (el \u201cAcuerdo de Encargo de Tratamiento\u201d o el \u201cAcuerdo\u201d), el cual tiene por objeto determinar, de manera transparente y de mutuo acuerdo, las obligaciones y responsabilidades respectivas de las partes&nbsp; en materia de protecci\u00f3n de [&hellip;]<\/p>\n","protected":false},"author":3,"featured_media":0,"parent":0,"menu_order":0,"comment_status":"closed","ping_status":"closed","template":"","meta":{"_acf_changed":false,"footnotes":""},"class_list":["post-12006","page","type-page","status-publish","hentry"],"acf":[],"_links":{"self":[{"href":"https:\/\/www.covermanager.com\/es\/wp-json\/wp\/v2\/pages\/12006","targetHints":{"allow":["GET"]}}],"collection":[{"href":"https:\/\/www.covermanager.com\/es\/wp-json\/wp\/v2\/pages"}],"about":[{"href":"https:\/\/www.covermanager.com\/es\/wp-json\/wp\/v2\/types\/page"}],"author":[{"embeddable":true,"href":"https:\/\/www.covermanager.com\/es\/wp-json\/wp\/v2\/users\/3"}],"replies":[{"embeddable":true,"href":"https:\/\/www.covermanager.com\/es\/wp-json\/wp\/v2\/comments?post=12006"}],"version-history":[{"count":4,"href":"https:\/\/www.covermanager.com\/es\/wp-json\/wp\/v2\/pages\/12006\/revisions"}],"predecessor-version":[{"id":12011,"href":"https:\/\/www.covermanager.com\/es\/wp-json\/wp\/v2\/pages\/12006\/revisions\/12011"}],"wp:attachment":[{"href":"https:\/\/www.covermanager.com\/es\/wp-json\/wp\/v2\/media?parent=12006"}],"curies":[{"name":"wp","href":"https:\/\/api.w.org\/{rel}","templated":true}]}}