{"id":11,"date":"2024-08-05T07:51:25","date_gmt":"2024-08-05T07:51:25","guid":{"rendered":"https:\/\/www.covermanager.com\/?page_id=11"},"modified":"2025-02-12T13:55:56","modified_gmt":"2025-02-12T12:55:56","slug":"demander-une-demo","status":"publish","type":"page","link":"https:\/\/www.covermanager.com\/fr\/demander-une-demo\/","title":{"rendered":"Demandez une d\u00e9mo"},"content":{"rendered":"\n\n<div id=\"block_10961ea3f133e983348be8077a391e2e\" class=\"bisiesto-block b-landing-formulario  is-style-dark is-layout-constrained alignfull\">\n    <div class=\"b-landing-formulario__wrapper alignwide\">\n        <div class=\"b-landing-formulario__heading\" data-aos=\"fade-up\">\n                        <h2 class=\"b-landing-formulario__heading\">D\u00e9couvrez comment fonctionne CoverManager<\/h2>        <\/div>\n        <div class=\"b-landing-formulario__form u_text-positive\" data-aos=\"fade-up\">\n                                    <div class='_form_11'><\/div><script type='text\/javascript' src='https:\/\/covermanager.activehosted.com\/f\/embed.php?static=0&#038;id=11&#038;69F5032869053&#038;nostyles=1&#038;preview=0'><\/script>        <\/div>\n        <div class=\"b-landing-formulario__content\" data-aos=\"fade-up\">\n            <div class=\"is-prose\">\n\n<p class=\"is-style-h5\">Demandez une d\u00e9mo de notre logiciel de gestion des r\u00e9servations pour d\u00e9couvrir comment les outils de CoverManager peuvent vous aider \u00e0 augmenter la rentabilit\u00e9 de votre restaurant. Pendant la d\u00e9mo, l&rsquo;un de nos experts vous montrera toutes les fonctionnalit\u00e9s de notre logiciel et r\u00e9pondra \u00e0 toutes vos questions.<\/p>\n\n\n\n<ul class=\"bisiesto-block b-icon-list  alignfull\" id=\"block_61bbb22fb6c5edb156ea6ab99f434396\">\n            <li class=\"b-icon-list__item\">\n                                    <img decoding=\"async\" src=\"https:\/\/www.covermanager.com\/fr\/wp-content\/uploads\/sites\/3\/2024\/08\/Check.svg\" class=\"attachment-full size-full\" alt=\"\" \/>                        <div class=\"content\">Remplissez le formulaire et l&rsquo;un de nos experts vous contactera dans les 24 heures pour planifier une d\u00e9mo.<\/div>\n        <\/li>\n            <li class=\"b-icon-list__item\">\n                                    <img decoding=\"async\" src=\"https:\/\/www.covermanager.com\/fr\/wp-content\/uploads\/sites\/3\/2024\/08\/Check.svg\" class=\"attachment-full size-full\" alt=\"\" \/>                        <div class=\"content\">D\u00e9monstration en direct de la solution qui convient le mieux \u00e0 votre \u00e9tablissement.<\/div>\n        <\/li>\n            <li class=\"b-icon-list__item\">\n                                    <img decoding=\"async\" src=\"https:\/\/www.covermanager.com\/fr\/wp-content\/uploads\/sites\/3\/2024\/08\/Check.svg\" class=\"attachment-full size-full\" alt=\"\" \/>                        <div class=\"content\">Toutes les informations n\u00e9cessaires pour commencer \u00e0 utiliser CoverManager.<\/div>\n        <\/li>\n    <\/ul>\n\n\n\n\n<div id=\"block_462a4daf4bccb27f17b1874baa5fd466'\" class=\"bisiesto-block b-contact-box \">\n    <div class=\"b-contact-box__content\">\n        <h4 class=\"b-contact-box__text\">Vous avez des questions ? Parlez maintenant avec un membre de notre \u00e9quipe<\/h4>\n        <div class=\"b-contact-box__phone\">\n            <img decoding=\"async\" src=\"https:\/\/www.covermanager.com\/fr\/wp-content\/uploads\/sites\/3\/2024\/08\/icon-phone.svg\" class=\"b-contact-box__icon\" alt=\"\" \/>            <a href=\"tel:+330582950933\" class=\"b-contact-box__phone-link\">+33 05 82 95 09 33<\/a>\n        <\/div>\n    <\/div>\n\n<\/div>\n\n\n\n\n<figure class=\"wp-block-gallery has-nested-images columns-4 is-cropped wp-block-gallery-1 is-layout-flex wp-block-gallery-is-layout-flex\">\n<figure class=\"wp-block-image size-full\"><img loading=\"lazy\" decoding=\"async\" width=\"500\" height=\"500\" data-id=\"7726\" src=\"https:\/\/www.covermanager.com\/fr\/wp-content\/uploads\/sites\/3\/2024\/12\/Oustau-de-Baumaniere-Glenn-Viel-WHITE.png\" alt=\"Oustau-de-Baumaniere-Glenn-Viel\" class=\"wp-image-7726\" srcset=\"https:\/\/www.covermanager.com\/fr\/wp-content\/uploads\/sites\/3\/2024\/12\/Oustau-de-Baumaniere-Glenn-Viel-WHITE.png 500w, https:\/\/www.covermanager.com\/fr\/wp-content\/uploads\/sites\/3\/2024\/12\/Oustau-de-Baumaniere-Glenn-Viel-WHITE-300x300.png 300w, https:\/\/www.covermanager.com\/fr\/wp-content\/uploads\/sites\/3\/2024\/12\/Oustau-de-Baumaniere-Glenn-Viel-WHITE-150x150.png 150w\" sizes=\"auto, (max-width: 500px) 100vw, 500px\" \/><\/figure>\n\n\n\n<figure class=\"wp-block-image size-full\"><img loading=\"lazy\" decoding=\"async\" width=\"500\" height=\"500\" data-id=\"7725\" src=\"https:\/\/www.covermanager.com\/fr\/wp-content\/uploads\/sites\/3\/2024\/12\/Maison-Bras-Sebastien-Bras-WHITE.png\" alt=\"Maison-Bras-Sebastien-Bras\" class=\"wp-image-7725\" srcset=\"https:\/\/www.covermanager.com\/fr\/wp-content\/uploads\/sites\/3\/2024\/12\/Maison-Bras-Sebastien-Bras-WHITE.png 500w, https:\/\/www.covermanager.com\/fr\/wp-content\/uploads\/sites\/3\/2024\/12\/Maison-Bras-Sebastien-Bras-WHITE-300x300.png 300w, https:\/\/www.covermanager.com\/fr\/wp-content\/uploads\/sites\/3\/2024\/12\/Maison-Bras-Sebastien-Bras-WHITE-150x150.png 150w\" sizes=\"auto, (max-width: 500px) 100vw, 500px\" \/><\/figure>\n\n\n\n<figure class=\"wp-block-image size-full\"><img loading=\"lazy\" decoding=\"async\" width=\"559\" height=\"559\" data-id=\"7736\" src=\"https:\/\/www.covermanager.com\/fr\/wp-content\/uploads\/sites\/3\/2024\/12\/logo-Fleur-de-Loire-white.png\" alt=\"logo fleur de loire white \" class=\"wp-image-7736\" srcset=\"https:\/\/www.covermanager.com\/fr\/wp-content\/uploads\/sites\/3\/2024\/12\/logo-Fleur-de-Loire-white.png 559w, https:\/\/www.covermanager.com\/fr\/wp-content\/uploads\/sites\/3\/2024\/12\/logo-Fleur-de-Loire-white-300x300.png 300w, https:\/\/www.covermanager.com\/fr\/wp-content\/uploads\/sites\/3\/2024\/12\/logo-Fleur-de-Loire-white-150x150.png 150w\" sizes=\"auto, (max-width: 559px) 100vw, 559px\" \/><\/figure>\n\n\n\n<figure class=\"wp-block-image size-full\"><img loading=\"lazy\" decoding=\"async\" width=\"500\" height=\"500\" data-id=\"7723\" src=\"https:\/\/www.covermanager.com\/fr\/wp-content\/uploads\/sites\/3\/2024\/12\/AM-Alexandre-Mazzia-WHITE.png\" alt=\"AM Alexandre Mazzia\" class=\"wp-image-7723\" srcset=\"https:\/\/www.covermanager.com\/fr\/wp-content\/uploads\/sites\/3\/2024\/12\/AM-Alexandre-Mazzia-WHITE.png 500w, https:\/\/www.covermanager.com\/fr\/wp-content\/uploads\/sites\/3\/2024\/12\/AM-Alexandre-Mazzia-WHITE-300x300.png 300w, https:\/\/www.covermanager.com\/fr\/wp-content\/uploads\/sites\/3\/2024\/12\/AM-Alexandre-Mazzia-WHITE-150x150.png 150w\" sizes=\"auto, (max-width: 500px) 100vw, 500px\" \/><\/figure>\n\n\n\n<figure class=\"wp-block-image size-full\"><img loading=\"lazy\" decoding=\"async\" width=\"229\" height=\"100\" data-id=\"1136\" src=\"https:\/\/www.covermanager.com\/fr\/wp-content\/uploads\/sites\/3\/2024\/09\/bistrot.png\" alt=\"bistrot\" class=\"wp-image-1136\"\/><\/figure>\n\n\n\n<figure class=\"wp-block-image size-full\"><img loading=\"lazy\" decoding=\"async\" width=\"732\" height=\"159\" data-id=\"1142\" src=\"https:\/\/www.covermanager.com\/fr\/wp-content\/uploads\/sites\/3\/2024\/09\/les-jardins.png\" alt=\"les jardins\" class=\"wp-image-1142\" srcset=\"https:\/\/www.covermanager.com\/fr\/wp-content\/uploads\/sites\/3\/2024\/09\/les-jardins.png 732w, https:\/\/www.covermanager.com\/fr\/wp-content\/uploads\/sites\/3\/2024\/09\/les-jardins-300x65.png 300w\" sizes=\"auto, (max-width: 732px) 100vw, 732px\" \/><\/figure>\n\n\n\n<figure class=\"wp-block-image size-full\"><img loading=\"lazy\" decoding=\"async\" width=\"780\" height=\"800\" data-id=\"1146\" src=\"https:\/\/www.covermanager.com\/fr\/wp-content\/uploads\/sites\/3\/2024\/09\/pecora.png\" alt=\"\" class=\"wp-image-1146\" srcset=\"https:\/\/www.covermanager.com\/fr\/wp-content\/uploads\/sites\/3\/2024\/09\/pecora.png 780w, https:\/\/www.covermanager.com\/fr\/wp-content\/uploads\/sites\/3\/2024\/09\/pecora-293x300.png 293w, https:\/\/www.covermanager.com\/fr\/wp-content\/uploads\/sites\/3\/2024\/09\/pecora-768x788.png 768w\" sizes=\"auto, (max-width: 780px) 100vw, 780px\" \/><\/figure>\n\n\n\n<figure class=\"wp-block-image size-full\"><img loading=\"lazy\" decoding=\"async\" width=\"256\" height=\"98\" data-id=\"1144\" src=\"https:\/\/www.covermanager.com\/fr\/wp-content\/uploads\/sites\/3\/2024\/09\/marie-akaneya.png\" alt=\"marie akaneya\" class=\"wp-image-1144\"\/><\/figure>\n<\/figure>\n\n<\/div>\n        <\/div>\n    <\/div>\n<\/div>\n\n\n\n\n\n\n\n<div class=\"wp-block-group alignfull has-black-background-color has-background is-layout-constrained wp-block-group-is-layout-constrained\" style=\"padding-top:var(--wp--preset--spacing--50);padding-bottom:var(--wp--preset--spacing--50)\">\n<p class=\"is-style-caption has-white-color has-text-color has-link-color wp-elements-ae437f44d17650b105bf62e47f6abb92\">Restaurant Booking &amp; Distribution Services S.L. sera responsable du traitement de vos donn\u00e9es personnelles afin de g\u00e9rer l&rsquo;envoi d&rsquo;informations et la prospection commerciale li\u00e9e \u00e0 nos services et\/ou produits. Vous pouvez exercer vos droits et retirer votre consentement au traitement de vos donn\u00e9es personnelles \u00e0 l&rsquo;adresse dpo@covermanager.com. Plus d&rsquo;informations sur la protection des donn\u00e9es \u00e0 l&rsquo;adresse https:\/\/www.covermanager.com\/politica-privacidad<\/p>\n<\/div>\n","protected":false},"excerpt":{"rendered":"<p>Restaurant Booking &amp; Distribution Services S.L. sera responsable du traitement de vos donn\u00e9es personnelles afin de g\u00e9rer l&rsquo;envoi d&rsquo;informations et la prospection commerciale li\u00e9e \u00e0 nos services et\/ou produits. Vous pouvez exercer vos droits et retirer votre consentement au traitement de vos donn\u00e9es personnelles \u00e0 l&rsquo;adresse dpo@covermanager.com. Plus d&rsquo;informations sur la protection des donn\u00e9es \u00e0 [&hellip;]<\/p>\n","protected":false},"author":1,"featured_media":0,"parent":0,"menu_order":0,"comment_status":"closed","ping_status":"closed","template":"page-landing.php","meta":{"_acf_changed":false,"footnotes":""},"class_list":["post-11","page","type-page","status-publish","hentry"],"acf":[],"_links":{"self":[{"href":"https:\/\/www.covermanager.com\/fr\/wp-json\/wp\/v2\/pages\/11","targetHints":{"allow":["GET"]}}],"collection":[{"href":"https:\/\/www.covermanager.com\/fr\/wp-json\/wp\/v2\/pages"}],"about":[{"href":"https:\/\/www.covermanager.com\/fr\/wp-json\/wp\/v2\/types\/page"}],"author":[{"embeddable":true,"href":"https:\/\/www.covermanager.com\/fr\/wp-json\/wp\/v2\/users\/1"}],"replies":[{"embeddable":true,"href":"https:\/\/www.covermanager.com\/fr\/wp-json\/wp\/v2\/comments?post=11"}],"version-history":[{"count":19,"href":"https:\/\/www.covermanager.com\/fr\/wp-json\/wp\/v2\/pages\/11\/revisions"}],"predecessor-version":[{"id":8360,"href":"https:\/\/www.covermanager.com\/fr\/wp-json\/wp\/v2\/pages\/11\/revisions\/8360"}],"wp:attachment":[{"href":"https:\/\/www.covermanager.com\/fr\/wp-json\/wp\/v2\/media?parent=11"}],"curies":[{"name":"wp","href":"https:\/\/api.w.org\/{rel}","templated":true}]}}