{"id":13,"date":"2024-08-05T07:51:41","date_gmt":"2024-08-05T07:51:41","guid":{"rendered":"https:\/\/www.covermanager.com\/?page_id=13"},"modified":"2026-02-04T19:28:34","modified_gmt":"2026-02-04T18:28:34","slug":"home","status":"publish","type":"page","link":"https:\/\/www.covermanager.com\/fr\/","title":{"rendered":"Home"},"content":{"rendered":"\n\n<div id=\"block_c043af8edbf8c7b5d5a41b9070ef9c3a\" class=\"bisiesto-block b-cabecera  is-layout-constrained alignfull u_bg-dark\">\n    <div class=\"b-cabecera__wrapper\">\n        <h1 class=\"b-cabecera__heading\">\n            CoverManager n\u2019est pas disponible en France, mais Zenchef vous accompagne                    <\/h1>\n        <div class=\"b-cabecera__data\">\n            <div class=\"b-cabecera__button\" data-aos=\"fade-up\"><a href=\"https:\/\/www.zenchef.com\/fr\/?utm_complement=covermanager\" class=\"btn btn-primary\" target=\"\" rel=\"noopener\">D\u00e9couvrir Zenchef<\/a><\/div>            <div class=\"b-cabecera__data-list\">\n                            <\/div>\n        <\/div>\n                    <div class=\"b-cabecera__multimedia\" data-aos=\"fade\">\n                <img loading=\"lazy\" decoding=\"async\" width=\"2560\" height=\"1920\" src=\"https:\/\/www.covermanager.com\/fr\/wp-content\/uploads\/sites\/3\/2026\/02\/Hero_Image-1-scaled.png\" class=\"attachment-full size-full\" alt=\"\" srcset=\"https:\/\/www.covermanager.com\/fr\/wp-content\/uploads\/sites\/3\/2026\/02\/Hero_Image-1-scaled.png 2560w, https:\/\/www.covermanager.com\/fr\/wp-content\/uploads\/sites\/3\/2026\/02\/Hero_Image-1-300x225.png 300w, https:\/\/www.covermanager.com\/fr\/wp-content\/uploads\/sites\/3\/2026\/02\/Hero_Image-1-1024x768.png 1024w, https:\/\/www.covermanager.com\/fr\/wp-content\/uploads\/sites\/3\/2026\/02\/Hero_Image-1-768x576.png 768w, https:\/\/www.covermanager.com\/fr\/wp-content\/uploads\/sites\/3\/2026\/02\/Hero_Image-1-1536x1152.png 1536w, https:\/\/www.covermanager.com\/fr\/wp-content\/uploads\/sites\/3\/2026\/02\/Hero_Image-1-2048x1536.png 2048w\" sizes=\"auto, (max-width: 2560px) 100vw, 2560px\" \/>            <\/div>\n            <\/div>\n<\/div>\n\n\n\n\n\n<div class=\"wp-block-group alignfull has-black-background-color has-background is-vertical is-content-justification-center is-layout-flex wp-container-core-group-is-layout-8d91fcb2 wp-block-group-is-layout-flex\" style=\"margin-top:0;margin-bottom:0;padding-top:0;padding-bottom:0\">\n<h2 class=\"wp-block-heading alignfull has-text-align-center is-style-h4 has-accent-color has-black-background-color has-text-color has-background has-link-color wp-elements-16897456ef98948428059f5f35ed6e1d\">Vous \u00eates client CoverManager en France ? Votre compte reste actif : connectez-vous ici<\/h2>\n\n\n\n<div class=\"wp-block-buttons alignwide has-black-background-color has-background is-horizontal is-content-justification-center is-layout-flex wp-container-core-buttons-is-layout-ddb39544 wp-block-buttons-is-layout-flex\">\n<div class=\"wp-block-button has-custom-width wp-block-button__width-100 is-style-fill\"><a class=\"wp-block-button__link has-black-color has-accent-background-color has-text-color has-background has-link-color wp-element-button\" href=\"https:\/\/www.covermanager.com\/login?lang=fr\">Se connecter<\/a><\/div>\n<\/div>\n<\/div>\n\n\n\n\n<div id=\"block_ab23b3cfb74528b40b76ed9318a0eb3b\" class=\"bisiesto-block b-tabs  is-layout-constrained alignfull\">\n            <div class=\"b-tabs__intro u_text-center\">\n                            <h5 class=\"b-tabs__pre-heading\">D\u00e9couvrez ZenchefOS<\/h5>\n                                        <h2 class=\"b-tabs__heading\">Simplifiez la gestion de votre restaurant avec des outils puissants<\/h2>\n                    <\/div>\n    \n            <div class=\"b-tabs__tags alignwide\">\n\n                    <label class=\"b-tabs__tag tag h5\" for=\"block_71044dc0776d3e81147504094f0580bd\">\n                R\u00e9servations            <\/label>\n                    <label class=\"b-tabs__tag tag h5\" for=\"block_ff3b057116f32bc7a5255330aea46876\">\n                Vues multiples            <\/label>\n                    <label class=\"b-tabs__tag tag h5\" for=\"block_c99e5dffc7de90ce88d76ffc8d1848f9\">\n                Paiement            <\/label>\n                    <label class=\"b-tabs__tag tag h5\" for=\"block_c44404451de62cd385e752325fb2beba\">\n                \u00c9v\u00e9nements             <\/label>\n                    <label class=\"b-tabs__tag tag h5\" for=\"block_591d83ac5b693a0e324c64f5e5fbf933\">\n                CRM            <\/label>\n                    <label class=\"b-tabs__tag tag h5\" for=\"block_ea1a93c83ad47de2ba52d1c449010013\">\n                IA            <\/label>\n                <\/div>\n\n    \n\n\n    <div class=\"b-tabs__tabs alignfull\">\n\n<input class=\"c_tab__input u_hidden\" type=\"radio\" name=\"paso-tab\" id=\"block_71044dc0776d3e81147504094f0580bd\">\n\n<div class=\"b-tab__accordion c_tab__accordion\">\n    <div class=\"c_tab__content-wrap\">\n        <div class=\"b-tab__content\">\n            <div class=\"b-tab__image\">\n                <img loading=\"lazy\" decoding=\"async\" width=\"2560\" height=\"2137\" src=\"https:\/\/www.covermanager.com\/fr\/wp-content\/uploads\/sites\/3\/2026\/02\/Widget-scaled.webp\" class=\"attachment-full size-full\" alt=\"\" srcset=\"https:\/\/www.covermanager.com\/fr\/wp-content\/uploads\/sites\/3\/2026\/02\/Widget-scaled.webp 2560w, https:\/\/www.covermanager.com\/fr\/wp-content\/uploads\/sites\/3\/2026\/02\/Widget-300x250.webp 300w, https:\/\/www.covermanager.com\/fr\/wp-content\/uploads\/sites\/3\/2026\/02\/Widget-1024x855.webp 1024w, https:\/\/www.covermanager.com\/fr\/wp-content\/uploads\/sites\/3\/2026\/02\/Widget-768x641.webp 768w, https:\/\/www.covermanager.com\/fr\/wp-content\/uploads\/sites\/3\/2026\/02\/Widget-1536x1282.webp 1536w, https:\/\/www.covermanager.com\/fr\/wp-content\/uploads\/sites\/3\/2026\/02\/Widget-2048x1709.webp 2048w\" sizes=\"auto, (max-width: 2560px) 100vw, 2560px\" \/>            <\/div>\n            <div class=\"b-tab__text-content is-prose\">\n\n<h3 class=\"wp-block-heading is-style-h3\"><strong>Gestion des r\u00e9servations<\/strong><\/h3>\n\n\n\n<p>Rendez les r\u00e9servations simples et m\u00e9morables<\/p>\n\n\n\n<div class=\"wp-block-button is-style-outline is-style-outline--1\"><a class=\"wp-block-button__link wp-element-button\" href=\"https:\/\/www.zenchef.com\/fr\/?utm_complement=covermanager\" target=\"_blank\" rel=\"noopener\"><strong>D\u00e9couvrir Zenchef<\/strong><\/a><\/div>\n\n<\/div>\n        <\/div>\n    <\/div>\n<\/div>\n\n\n\n<input class=\"c_tab__input u_hidden\" type=\"radio\" name=\"paso-tab\" id=\"block_ff3b057116f32bc7a5255330aea46876\">\n\n<div class=\"b-tab__accordion c_tab__accordion\">\n    <div class=\"c_tab__content-wrap\">\n        <div class=\"b-tab__content\">\n            <div class=\"b-tab__image\">\n                <img loading=\"lazy\" decoding=\"async\" width=\"2560\" height=\"2137\" src=\"https:\/\/www.covermanager.com\/fr\/wp-content\/uploads\/sites\/3\/2026\/02\/Reservation-views-scaled.webp\" class=\"attachment-full size-full\" alt=\"\" srcset=\"https:\/\/www.covermanager.com\/fr\/wp-content\/uploads\/sites\/3\/2026\/02\/Reservation-views-scaled.webp 2560w, https:\/\/www.covermanager.com\/fr\/wp-content\/uploads\/sites\/3\/2026\/02\/Reservation-views-300x250.webp 300w, https:\/\/www.covermanager.com\/fr\/wp-content\/uploads\/sites\/3\/2026\/02\/Reservation-views-1024x855.webp 1024w, https:\/\/www.covermanager.com\/fr\/wp-content\/uploads\/sites\/3\/2026\/02\/Reservation-views-768x641.webp 768w, https:\/\/www.covermanager.com\/fr\/wp-content\/uploads\/sites\/3\/2026\/02\/Reservation-views-1536x1282.webp 1536w, https:\/\/www.covermanager.com\/fr\/wp-content\/uploads\/sites\/3\/2026\/02\/Reservation-views-2048x1709.webp 2048w\" sizes=\"auto, (max-width: 2560px) 100vw, 2560px\" \/>            <\/div>\n            <div class=\"b-tab__text-content is-prose\">\n\n<h3 class=\"wp-block-heading is-style-h3\"><strong>Vues multiples des r\u00e9servations<\/strong><\/h3>\n\n\n\n<p>Basculez facilement entre les diff\u00e9rentes vues<\/p>\n\n\n\n<div class=\"wp-block-button is-style-outline is-style-outline--2\"><a class=\"wp-block-button__link wp-element-button\" href=\"https:\/\/www.zenchef.com\/fr\/?utm_complement=covermanager\" target=\"_blank\" rel=\"noopener\"><strong>D\u00e9couvrir Zenchef<\/strong><\/a><\/div>\n\n<\/div>\n        <\/div>\n    <\/div>\n<\/div>\n\n\n\n<input class=\"c_tab__input u_hidden\" type=\"radio\" name=\"paso-tab\" id=\"block_c99e5dffc7de90ce88d76ffc8d1848f9\">\n\n<div class=\"b-tab__accordion c_tab__accordion\">\n    <div class=\"c_tab__content-wrap\">\n        <div class=\"b-tab__content\">\n            <div class=\"b-tab__image\">\n                <img loading=\"lazy\" decoding=\"async\" width=\"2560\" height=\"2137\" src=\"https:\/\/www.covermanager.com\/fr\/wp-content\/uploads\/sites\/3\/2026\/02\/Payment-scaled.webp\" class=\"attachment-full size-full\" alt=\"\" srcset=\"https:\/\/www.covermanager.com\/fr\/wp-content\/uploads\/sites\/3\/2026\/02\/Payment-scaled.webp 2560w, https:\/\/www.covermanager.com\/fr\/wp-content\/uploads\/sites\/3\/2026\/02\/Payment-300x250.webp 300w, https:\/\/www.covermanager.com\/fr\/wp-content\/uploads\/sites\/3\/2026\/02\/Payment-1024x855.webp 1024w, https:\/\/www.covermanager.com\/fr\/wp-content\/uploads\/sites\/3\/2026\/02\/Payment-768x641.webp 768w, https:\/\/www.covermanager.com\/fr\/wp-content\/uploads\/sites\/3\/2026\/02\/Payment-1536x1282.webp 1536w, https:\/\/www.covermanager.com\/fr\/wp-content\/uploads\/sites\/3\/2026\/02\/Payment-2048x1709.webp 2048w\" sizes=\"auto, (max-width: 2560px) 100vw, 2560px\" \/>            <\/div>\n            <div class=\"b-tab__text-content is-prose\">\n\n<h3 class=\"wp-block-heading is-style-h3\"><strong>Solutions de paiement<\/strong><\/h3>\n\n\n\n<p>Activez des paiements rapides et mobiles<\/p>\n\n\n\n<div class=\"wp-block-button is-style-outline is-style-outline--3\"><a class=\"wp-block-button__link wp-element-button\" href=\"https:\/\/www.zenchef.com\/fr\/?utm_complement=covermanager\" target=\"_blank\" rel=\"noopener\"><strong>D\u00e9couvrir Zenchef<\/strong><\/a><\/div>\n\n<\/div>\n        <\/div>\n    <\/div>\n<\/div>\n\n\n\n<input class=\"c_tab__input u_hidden\" type=\"radio\" name=\"paso-tab\" id=\"block_c44404451de62cd385e752325fb2beba\">\n\n<div class=\"b-tab__accordion c_tab__accordion\">\n    <div class=\"c_tab__content-wrap\">\n        <div class=\"b-tab__content\">\n            <div class=\"b-tab__image\">\n                <img loading=\"lazy\" decoding=\"async\" width=\"2560\" height=\"2137\" src=\"https:\/\/www.covermanager.com\/fr\/wp-content\/uploads\/sites\/3\/2026\/02\/Experiences-scaled.webp\" class=\"attachment-full size-full\" alt=\"\" srcset=\"https:\/\/www.covermanager.com\/fr\/wp-content\/uploads\/sites\/3\/2026\/02\/Experiences-scaled.webp 2560w, https:\/\/www.covermanager.com\/fr\/wp-content\/uploads\/sites\/3\/2026\/02\/Experiences-300x250.webp 300w, https:\/\/www.covermanager.com\/fr\/wp-content\/uploads\/sites\/3\/2026\/02\/Experiences-1024x855.webp 1024w, https:\/\/www.covermanager.com\/fr\/wp-content\/uploads\/sites\/3\/2026\/02\/Experiences-768x641.webp 768w, https:\/\/www.covermanager.com\/fr\/wp-content\/uploads\/sites\/3\/2026\/02\/Experiences-1536x1282.webp 1536w, https:\/\/www.covermanager.com\/fr\/wp-content\/uploads\/sites\/3\/2026\/02\/Experiences-2048x1709.webp 2048w\" sizes=\"auto, (max-width: 2560px) 100vw, 2560px\" \/>            <\/div>\n            <div class=\"b-tab__text-content is-prose\">\n\n<h3 class=\"wp-block-heading is-style-h3\"><strong>\u00c9v\u00e9nements<\/strong> &amp; Promotions<\/h3>\n\n\n\n<p>Anciennement appel\u00e9s Tickets ou Promotions, d\u00e9sormais regroup\u00e9s sous le nom Exp\u00e9riences dans ZenchefOS<\/p>\n\n\n\n<div class=\"wp-block-button is-style-outline is-style-outline--4\"><a class=\"wp-block-button__link wp-element-button\" href=\"https:\/\/www.zenchef.com\/fr\/?utm_complement=covermanager\" target=\"_blank\" rel=\"noopener\"><strong>D\u00e9couvrir Zenchef<\/strong><\/a><\/div>\n\n<\/div>\n        <\/div>\n    <\/div>\n<\/div>\n\n\n\n<input class=\"c_tab__input u_hidden\" type=\"radio\" name=\"paso-tab\" id=\"block_591d83ac5b693a0e324c64f5e5fbf933\">\n\n<div class=\"b-tab__accordion c_tab__accordion\">\n    <div class=\"c_tab__content-wrap\">\n        <div class=\"b-tab__content\">\n            <div class=\"b-tab__image\">\n                <img loading=\"lazy\" decoding=\"async\" width=\"2560\" height=\"2137\" src=\"https:\/\/www.covermanager.com\/fr\/wp-content\/uploads\/sites\/3\/2026\/02\/CRM-scaled.webp\" class=\"attachment-full size-full\" alt=\"\" srcset=\"https:\/\/www.covermanager.com\/fr\/wp-content\/uploads\/sites\/3\/2026\/02\/CRM-scaled.webp 2560w, https:\/\/www.covermanager.com\/fr\/wp-content\/uploads\/sites\/3\/2026\/02\/CRM-300x250.webp 300w, https:\/\/www.covermanager.com\/fr\/wp-content\/uploads\/sites\/3\/2026\/02\/CRM-1024x855.webp 1024w, https:\/\/www.covermanager.com\/fr\/wp-content\/uploads\/sites\/3\/2026\/02\/CRM-768x641.webp 768w, https:\/\/www.covermanager.com\/fr\/wp-content\/uploads\/sites\/3\/2026\/02\/CRM-1536x1282.webp 1536w, https:\/\/www.covermanager.com\/fr\/wp-content\/uploads\/sites\/3\/2026\/02\/CRM-2048x1709.webp 2048w\" sizes=\"auto, (max-width: 2560px) 100vw, 2560px\" \/>            <\/div>\n            <div class=\"b-tab__text-content is-prose\">\n\n<h3 class=\"wp-block-heading is-style-h3\">Fid\u00e9lit\u00e9 et CRM<\/h3>\n\n\n\n<p>Tout ce que vous devez savoir, dans un seul profil<\/p>\n\n\n\n<div class=\"wp-block-button is-style-outline is-style-outline--5\"><a class=\"wp-block-button__link wp-element-button\" href=\"https:\/\/www.zenchef.com\/fr\/?utm_complement=covermanager\" target=\"_blank\" rel=\"noopener\"><strong>D\u00e9couvrir Zenchef<\/strong><\/a><\/div>\n\n<\/div>\n        <\/div>\n    <\/div>\n<\/div>\n\n\n\n<input class=\"c_tab__input u_hidden\" type=\"radio\" name=\"paso-tab\" id=\"block_ea1a93c83ad47de2ba52d1c449010013\">\n\n<div class=\"b-tab__accordion c_tab__accordion\">\n    <div class=\"c_tab__content-wrap\">\n        <div class=\"b-tab__content\">\n            <div class=\"b-tab__image\">\n                <img loading=\"lazy\" decoding=\"async\" width=\"2560\" height=\"2137\" src=\"https:\/\/www.covermanager.com\/fr\/wp-content\/uploads\/sites\/3\/2026\/02\/Avis-IA-scaled.webp\" class=\"attachment-full size-full\" alt=\"\" srcset=\"https:\/\/www.covermanager.com\/fr\/wp-content\/uploads\/sites\/3\/2026\/02\/Avis-IA-scaled.webp 2560w, https:\/\/www.covermanager.com\/fr\/wp-content\/uploads\/sites\/3\/2026\/02\/Avis-IA-300x250.webp 300w, https:\/\/www.covermanager.com\/fr\/wp-content\/uploads\/sites\/3\/2026\/02\/Avis-IA-1024x855.webp 1024w, https:\/\/www.covermanager.com\/fr\/wp-content\/uploads\/sites\/3\/2026\/02\/Avis-IA-768x641.webp 768w, https:\/\/www.covermanager.com\/fr\/wp-content\/uploads\/sites\/3\/2026\/02\/Avis-IA-1536x1282.webp 1536w, https:\/\/www.covermanager.com\/fr\/wp-content\/uploads\/sites\/3\/2026\/02\/Avis-IA-2048x1709.webp 2048w\" sizes=\"auto, (max-width: 2560px) 100vw, 2560px\" \/>            <\/div>\n            <div class=\"b-tab__text-content is-prose\">\n\n<h3 class=\"wp-block-heading is-style-h3\">R\u00e9pondez aux avis avec l\u2019IA<\/h3>\n\n\n\n<p>Collectez des avis apr\u00e8s chaque exp\u00e9rience client<\/p>\n\n\n\n<div class=\"wp-block-button is-style-outline is-style-outline--6\"><a class=\"wp-block-button__link wp-element-button\" href=\"https:\/\/www.zenchef.com\/fr\/?utm_complement=covermanager\" target=\"_blank\" rel=\"noopener\"><strong>D\u00e9couvrir Zenchef<\/strong><\/a><\/div>\n\n<\/div>\n        <\/div>\n    <\/div>\n<\/div>\n\n<\/div>\n<\/div>\n\n\n\n\n\n<div id=\"block_06f0739be53cda1ba845daf4e8e56431\" class=\"bisiesto-block b-imagen-texto  is-layout-constrained alignfull\">\n    <div class=\"b-imagen-texto__wrapper alignwide\">\n        <div class=\"b-imagen-texto__content\" data-aos=\"fade-up\">\n                        <div class=\"is-prose\">\n\n<h2 class=\"wp-block-heading is-style-h2\">AUGMENTEZ VOS R\u00c9SERVATIONS<\/h2>\n\n\n\n<p>Cr\u00e9ez des exp\u00e9riences en ligne attrayantes gr\u00e2ce \u00e0 un logiciel de r\u00e9servation qui ne pr\u00e9l\u00e8ve aucune commission sur les r\u00e9servations des clients. Remplissez vos tables et \u00e9vitez les \u00ab\u00a0no-shows\u00a0\u00bb gr\u00e2ce au widget, aux listes d&rsquo;attente, aux pr\u00e9paiements et bien plus encore.<\/p>\n\n<\/div>\n        <\/div>\n                <div class=\"b-imagen-texto__image\">\n            <img loading=\"lazy\" decoding=\"async\" width=\"1600\" height=\"2000\" src=\"https:\/\/www.covermanager.com\/fr\/wp-content\/uploads\/sites\/3\/2026\/02\/ZENCHEF_PARIS-76-1.png\" class=\"attachment-full size-full\" alt=\"\" srcset=\"https:\/\/www.covermanager.com\/fr\/wp-content\/uploads\/sites\/3\/2026\/02\/ZENCHEF_PARIS-76-1.png 1600w, https:\/\/www.covermanager.com\/fr\/wp-content\/uploads\/sites\/3\/2026\/02\/ZENCHEF_PARIS-76-1-240x300.png 240w, https:\/\/www.covermanager.com\/fr\/wp-content\/uploads\/sites\/3\/2026\/02\/ZENCHEF_PARIS-76-1-819x1024.png 819w, https:\/\/www.covermanager.com\/fr\/wp-content\/uploads\/sites\/3\/2026\/02\/ZENCHEF_PARIS-76-1-768x960.png 768w, https:\/\/www.covermanager.com\/fr\/wp-content\/uploads\/sites\/3\/2026\/02\/ZENCHEF_PARIS-76-1-1229x1536.png 1229w\" sizes=\"auto, (max-width: 1600px) 100vw, 1600px\" \/>        <\/div>\n            <\/div>\n<\/div>\n\n\n\n\n\n<div id=\"block_35868dd20cabb7e464ce9371060ca39c\" class=\"bisiesto-block b-imagen-texto  is-layout-constrained alignfull\">\n    <div class=\"b-imagen-texto__wrapper alignwide image-left\">\n        <div class=\"b-imagen-texto__content\" data-aos=\"fade-up\">\n                        <div class=\"is-prose\">\n\n<h2 class=\"wp-block-heading is-style-h2\">AUGMENTEZ VOS REVENUS<\/h2>\n\n\n\n<p>Restez comp\u00e9titif et augmentez votre chiffre d\u2019affaires gr\u00e2ce \u00e0 des outils innovants comme le paiement \u00e0 la table, ou bien en exploitant pleinement vos donn\u00e9es clients gr\u00e2ce aux fichiers personnalis\u00e9s. Cr\u00e9ez des sources de revenus suppl\u00e9mentaires \u00e0 l\u2019aide des bons cadeaux et du Click &amp; Collect.<\/p>\n\n<\/div>\n        <\/div>\n                <div class=\"b-imagen-texto__image\">\n            <img loading=\"lazy\" decoding=\"async\" width=\"1624\" height=\"2110\" src=\"https:\/\/www.covermanager.com\/fr\/wp-content\/uploads\/sites\/3\/2026\/02\/Prepayment-FR.png\" class=\"attachment-full size-full\" alt=\"\" srcset=\"https:\/\/www.covermanager.com\/fr\/wp-content\/uploads\/sites\/3\/2026\/02\/Prepayment-FR.png 1624w, https:\/\/www.covermanager.com\/fr\/wp-content\/uploads\/sites\/3\/2026\/02\/Prepayment-FR-231x300.png 231w, https:\/\/www.covermanager.com\/fr\/wp-content\/uploads\/sites\/3\/2026\/02\/Prepayment-FR-788x1024.png 788w, https:\/\/www.covermanager.com\/fr\/wp-content\/uploads\/sites\/3\/2026\/02\/Prepayment-FR-768x998.png 768w, https:\/\/www.covermanager.com\/fr\/wp-content\/uploads\/sites\/3\/2026\/02\/Prepayment-FR-1182x1536.png 1182w, https:\/\/www.covermanager.com\/fr\/wp-content\/uploads\/sites\/3\/2026\/02\/Prepayment-FR-1576x2048.png 1576w\" sizes=\"auto, (max-width: 1624px) 100vw, 1624px\" \/>        <\/div>\n            <\/div>\n<\/div>\n\n\n\n\n\n<div id=\"block_c44bb170110602e45a9b2649734f0d64\" class=\"bisiesto-block b-imagen-texto  is-layout-constrained alignfull\">\n    <div class=\"b-imagen-texto__wrapper alignwide\">\n        <div class=\"b-imagen-texto__content\" data-aos=\"fade-up\">\n                        <div class=\"is-prose\">\n\n<h2 class=\"wp-block-heading is-style-h2\">TISSEZ DES LIENS AVEC VOS CLIENTS<\/h2>\n\n\n\n<p>\u00c9tablissez des relations durables avec les clients de votre restaurant gr\u00e2ce \u00e0 des outils de marketing et de connaissance clients vous permettant de cr\u00e9er des exp\u00e9riences culinaires plus personnalis\u00e9es, en ligne et hors ligne.<\/p>\n\n<\/div>\n        <\/div>\n                <div class=\"b-imagen-texto__image\">\n            <img loading=\"lazy\" decoding=\"async\" width=\"1600\" height=\"2000\" src=\"https:\/\/www.covermanager.com\/fr\/wp-content\/uploads\/sites\/3\/2026\/02\/ZENCHEF_PARIS-76-2.png\" class=\"attachment-full size-full\" alt=\"\" srcset=\"https:\/\/www.covermanager.com\/fr\/wp-content\/uploads\/sites\/3\/2026\/02\/ZENCHEF_PARIS-76-2.png 1600w, https:\/\/www.covermanager.com\/fr\/wp-content\/uploads\/sites\/3\/2026\/02\/ZENCHEF_PARIS-76-2-240x300.png 240w, https:\/\/www.covermanager.com\/fr\/wp-content\/uploads\/sites\/3\/2026\/02\/ZENCHEF_PARIS-76-2-819x1024.png 819w, https:\/\/www.covermanager.com\/fr\/wp-content\/uploads\/sites\/3\/2026\/02\/ZENCHEF_PARIS-76-2-768x960.png 768w, https:\/\/www.covermanager.com\/fr\/wp-content\/uploads\/sites\/3\/2026\/02\/ZENCHEF_PARIS-76-2-1229x1536.png 1229w\" sizes=\"auto, (max-width: 1600px) 100vw, 1600px\" \/>        <\/div>\n            <\/div>\n<\/div>\n\n\n","protected":false},"excerpt":{"rendered":"<p>Vous \u00eates client CoverManager en France ? Votre compte reste actif : connectez-vous ici<\/p>\n","protected":false},"author":1,"featured_media":0,"parent":0,"menu_order":0,"comment_status":"closed","ping_status":"closed","template":"page-landing.php","meta":{"_acf_changed":false,"footnotes":""},"class_list":["post-13","page","type-page","status-publish","hentry"],"acf":[],"_links":{"self":[{"href":"https:\/\/www.covermanager.com\/fr\/wp-json\/wp\/v2\/pages\/13","targetHints":{"allow":["GET"]}}],"collection":[{"href":"https:\/\/www.covermanager.com\/fr\/wp-json\/wp\/v2\/pages"}],"about":[{"href":"https:\/\/www.covermanager.com\/fr\/wp-json\/wp\/v2\/types\/page"}],"author":[{"embeddable":true,"href":"https:\/\/www.covermanager.com\/fr\/wp-json\/wp\/v2\/users\/1"}],"replies":[{"embeddable":true,"href":"https:\/\/www.covermanager.com\/fr\/wp-json\/wp\/v2\/comments?post=13"}],"version-history":[{"count":99,"href":"https:\/\/www.covermanager.com\/fr\/wp-json\/wp\/v2\/pages\/13\/revisions"}],"predecessor-version":[{"id":8967,"href":"https:\/\/www.covermanager.com\/fr\/wp-json\/wp\/v2\/pages\/13\/revisions\/8967"}],"wp:attachment":[{"href":"https:\/\/www.covermanager.com\/fr\/wp-json\/wp\/v2\/media?parent=13"}],"curies":[{"name":"wp","href":"https:\/\/api.w.org\/{rel}","templated":true}]}}