{"id":8263,"date":"2025-02-06T15:44:27","date_gmt":"2025-02-06T14:44:27","guid":{"rendered":"https:\/\/www.covermanager.com\/fr\/?page_id=8263"},"modified":"2025-02-07T13:12:50","modified_gmt":"2025-02-07T12:12:50","slug":"webinaires","status":"publish","type":"page","link":"https:\/\/www.covermanager.com\/fr\/webinaires\/","title":{"rendered":"Webinaires"},"content":{"rendered":"\n<div id=\"block_856c940973342c144eafbd6199592f5b\" class=\"bisiesto-block b-imagen-texto  is-style-cabecera is-layout-constrained alignfull\">\n    <div class=\"b-imagen-texto__wrapper alignwide\">\n        <div class=\"b-imagen-texto__content\" data-aos=\"fade-up\">\n                        <div class=\"is-prose\">\n\n<h1 class=\"wp-block-heading\">Webinaires<\/h1>\n\n\n\n<p>Notre objectif est de construire et partager ensemble le futur de la restauration. Nous organisons r\u00e9guli\u00e8rement des webinaires gratuits avec les partenaires de notre \u00e9cosyst\u00e8me. D\u00e9couvrez ou red\u00e9couvrez nos webinaires th\u00e9matiques.<\/p>\n\n\n\n<div class=\"wp-block-buttons is-layout-flex wp-block-buttons-is-layout-flex\">\n<div class=\"wp-block-button\"><a class=\"wp-block-button__link wp-element-button\"><strong>D<\/strong>\u00e9couvrez nos replays<\/a><\/div>\n<\/div>\n\n<\/div>\n        <\/div>\n            <\/div>\n<\/div>\n\n\n\n\n\n<div style=\"height:20px\" aria-hidden=\"true\" class=\"wp-block-spacer\"><\/div>\n\n\n\n<div class=\"wp-block-columns is-layout-flex wp-container-core-columns-is-layout-9d6595d7 wp-block-columns-is-layout-flex\">\n<div class=\"wp-block-column is-vertically-aligned-center is-layout-flow wp-block-column-is-layout-flow\">\n<figure class=\"wp-block-image size-large\"><a href=\"https:\/\/youtu.be\/UClenD7Rksg\" target=\"_blank\" rel=\"noopener\"><img loading=\"lazy\" decoding=\"async\" width=\"1024\" height=\"576\" src=\"https:\/\/www.covermanager.com\/fr\/wp-content\/uploads\/sites\/3\/2025\/02\/Webinaires-2022-4-1024x576.webp\" alt=\"\" class=\"wp-image-8270\" srcset=\"https:\/\/www.covermanager.com\/fr\/wp-content\/uploads\/sites\/3\/2025\/02\/Webinaires-2022-4-1024x576.webp 1024w, https:\/\/www.covermanager.com\/fr\/wp-content\/uploads\/sites\/3\/2025\/02\/Webinaires-2022-4-300x169.webp 300w, https:\/\/www.covermanager.com\/fr\/wp-content\/uploads\/sites\/3\/2025\/02\/Webinaires-2022-4-768x432.webp 768w, https:\/\/www.covermanager.com\/fr\/wp-content\/uploads\/sites\/3\/2025\/02\/Webinaires-2022-4-1536x864.webp 1536w, https:\/\/www.covermanager.com\/fr\/wp-content\/uploads\/sites\/3\/2025\/02\/Webinaires-2022-4.webp 1920w\" sizes=\"auto, (max-width: 1024px) 100vw, 1024px\" \/><\/a><\/figure>\n<\/div>\n\n\n\n<div class=\"wp-block-column is-layout-flow wp-block-column-is-layout-flow\">\n<figure class=\"wp-block-image size-large\"><a href=\"https:\/\/youtu.be\/WxiMP4Qgw4Y\" target=\"_blank\" rel=\"noopener\"><img loading=\"lazy\" decoding=\"async\" width=\"1024\" height=\"576\" src=\"https:\/\/www.covermanager.com\/fr\/wp-content\/uploads\/sites\/3\/2025\/02\/Webinaires-2022-5-1024x576.webp\" alt=\"\" class=\"wp-image-8271\" srcset=\"https:\/\/www.covermanager.com\/fr\/wp-content\/uploads\/sites\/3\/2025\/02\/Webinaires-2022-5-1024x576.webp 1024w, https:\/\/www.covermanager.com\/fr\/wp-content\/uploads\/sites\/3\/2025\/02\/Webinaires-2022-5-300x169.webp 300w, https:\/\/www.covermanager.com\/fr\/wp-content\/uploads\/sites\/3\/2025\/02\/Webinaires-2022-5-768x432.webp 768w, https:\/\/www.covermanager.com\/fr\/wp-content\/uploads\/sites\/3\/2025\/02\/Webinaires-2022-5-1536x864.webp 1536w, https:\/\/www.covermanager.com\/fr\/wp-content\/uploads\/sites\/3\/2025\/02\/Webinaires-2022-5.webp 1920w\" sizes=\"auto, (max-width: 1024px) 100vw, 1024px\" \/><\/a><\/figure>\n<\/div>\n<\/div>\n\n\n\n<div class=\"wp-block-columns is-layout-flex wp-container-core-columns-is-layout-9d6595d7 wp-block-columns-is-layout-flex\">\n<div class=\"wp-block-column is-vertically-aligned-center is-layout-flow wp-block-column-is-layout-flow\">\n<figure class=\"wp-block-image aligncenter size-large\"><a href=\"https:\/\/youtu.be\/CKtPyU4Xh80\" target=\"_blank\" rel=\"noopener\"><img loading=\"lazy\" decoding=\"async\" width=\"1024\" height=\"576\" src=\"https:\/\/www.covermanager.com\/fr\/wp-content\/uploads\/sites\/3\/2025\/02\/Webinaires-2022-6-1024x576.webp\" alt=\"\" class=\"wp-image-8272\" srcset=\"https:\/\/www.covermanager.com\/fr\/wp-content\/uploads\/sites\/3\/2025\/02\/Webinaires-2022-6-1024x576.webp 1024w, https:\/\/www.covermanager.com\/fr\/wp-content\/uploads\/sites\/3\/2025\/02\/Webinaires-2022-6-300x169.webp 300w, https:\/\/www.covermanager.com\/fr\/wp-content\/uploads\/sites\/3\/2025\/02\/Webinaires-2022-6-768x432.webp 768w, https:\/\/www.covermanager.com\/fr\/wp-content\/uploads\/sites\/3\/2025\/02\/Webinaires-2022-6-1536x864.webp 1536w, https:\/\/www.covermanager.com\/fr\/wp-content\/uploads\/sites\/3\/2025\/02\/Webinaires-2022-6.webp 1920w\" sizes=\"auto, (max-width: 1024px) 100vw, 1024px\" \/><\/a><\/figure>\n<\/div>\n\n\n\n<div class=\"wp-block-column is-vertically-aligned-center is-layout-flow wp-block-column-is-layout-flow\">\n<figure class=\"wp-block-image aligncenter size-large\"><a href=\"https:\/\/youtu.be\/kgcAc0vGuxo\" target=\"_blank\" rel=\"noopener\"><img loading=\"lazy\" decoding=\"async\" width=\"1024\" height=\"576\" src=\"https:\/\/www.covermanager.com\/fr\/wp-content\/uploads\/sites\/3\/2025\/02\/Webinaire-vente-a-emporter-1024x576.webp\" alt=\"\" class=\"wp-image-8277\" srcset=\"https:\/\/www.covermanager.com\/fr\/wp-content\/uploads\/sites\/3\/2025\/02\/Webinaire-vente-a-emporter-1024x576.webp 1024w, https:\/\/www.covermanager.com\/fr\/wp-content\/uploads\/sites\/3\/2025\/02\/Webinaire-vente-a-emporter-300x169.webp 300w, https:\/\/www.covermanager.com\/fr\/wp-content\/uploads\/sites\/3\/2025\/02\/Webinaire-vente-a-emporter-768x432.webp 768w, https:\/\/www.covermanager.com\/fr\/wp-content\/uploads\/sites\/3\/2025\/02\/Webinaire-vente-a-emporter-1536x864.webp 1536w, https:\/\/www.covermanager.com\/fr\/wp-content\/uploads\/sites\/3\/2025\/02\/Webinaire-vente-a-emporter.webp 1920w\" sizes=\"auto, (max-width: 1024px) 100vw, 1024px\" \/><\/a><\/figure>\n<\/div>\n<\/div>\n\n\n\n<div class=\"wp-block-columns is-layout-flex wp-container-core-columns-is-layout-9d6595d7 wp-block-columns-is-layout-flex\">\n<div class=\"wp-block-column is-vertically-aligned-center is-layout-flow wp-block-column-is-layout-flow\">\n<figure class=\"wp-block-image aligncenter size-large\"><a href=\"https:\/\/youtu.be\/nUA8UE6F-Zk\" target=\"_blank\" rel=\"noopener\"><img loading=\"lazy\" decoding=\"async\" width=\"1024\" height=\"576\" src=\"https:\/\/www.covermanager.com\/fr\/wp-content\/uploads\/sites\/3\/2025\/02\/Webinaire-flux-reservations-1024x576.webp\" alt=\"\" class=\"wp-image-8280\" srcset=\"https:\/\/www.covermanager.com\/fr\/wp-content\/uploads\/sites\/3\/2025\/02\/Webinaire-flux-reservations-1024x576.webp 1024w, https:\/\/www.covermanager.com\/fr\/wp-content\/uploads\/sites\/3\/2025\/02\/Webinaire-flux-reservations-300x169.webp 300w, https:\/\/www.covermanager.com\/fr\/wp-content\/uploads\/sites\/3\/2025\/02\/Webinaire-flux-reservations-768x432.webp 768w, https:\/\/www.covermanager.com\/fr\/wp-content\/uploads\/sites\/3\/2025\/02\/Webinaire-flux-reservations-1536x864.webp 1536w, https:\/\/www.covermanager.com\/fr\/wp-content\/uploads\/sites\/3\/2025\/02\/Webinaire-flux-reservations.webp 1920w\" sizes=\"auto, (max-width: 1024px) 100vw, 1024px\" \/><\/a><\/figure>\n<\/div>\n\n\n\n<div class=\"wp-block-column is-vertically-aligned-center is-layout-flow wp-block-column-is-layout-flow\">\n<figure class=\"wp-block-image aligncenter size-large\"><a href=\"https:\/\/youtu.be\/aHxKhtSwwuY\" target=\"_blank\" rel=\"noopener\"><img loading=\"lazy\" decoding=\"async\" width=\"1024\" height=\"576\" src=\"https:\/\/www.covermanager.com\/fr\/wp-content\/uploads\/sites\/3\/2025\/02\/Webinaire-fichier-clients-1024x576.webp\" alt=\"\" class=\"wp-image-8281\" srcset=\"https:\/\/www.covermanager.com\/fr\/wp-content\/uploads\/sites\/3\/2025\/02\/Webinaire-fichier-clients-1024x576.webp 1024w, https:\/\/www.covermanager.com\/fr\/wp-content\/uploads\/sites\/3\/2025\/02\/Webinaire-fichier-clients-300x169.webp 300w, https:\/\/www.covermanager.com\/fr\/wp-content\/uploads\/sites\/3\/2025\/02\/Webinaire-fichier-clients-768x432.webp 768w, https:\/\/www.covermanager.com\/fr\/wp-content\/uploads\/sites\/3\/2025\/02\/Webinaire-fichier-clients-1536x864.webp 1536w, https:\/\/www.covermanager.com\/fr\/wp-content\/uploads\/sites\/3\/2025\/02\/Webinaire-fichier-clients.webp 1920w\" sizes=\"auto, (max-width: 1024px) 100vw, 1024px\" \/><\/a><\/figure>\n<\/div>\n<\/div>\n\n\n\n<div class=\"wp-block-columns is-layout-flex wp-container-core-columns-is-layout-9d6595d7 wp-block-columns-is-layout-flex\">\n<div class=\"wp-block-column is-vertically-aligned-center is-layout-flow wp-block-column-is-layout-flow\">\n<figure class=\"wp-block-image aligncenter size-large\"><a href=\"https:\/\/youtu.be\/uaNC5O1khyM\" target=\"_blank\" rel=\"noopener\"><img loading=\"lazy\" decoding=\"async\" width=\"1024\" height=\"576\" src=\"https:\/\/www.covermanager.com\/fr\/wp-content\/uploads\/sites\/3\/2025\/02\/Webinaire-reservation-Google-1024x576.webp\" alt=\"\" class=\"wp-image-8283\" srcset=\"https:\/\/www.covermanager.com\/fr\/wp-content\/uploads\/sites\/3\/2025\/02\/Webinaire-reservation-Google-1024x576.webp 1024w, https:\/\/www.covermanager.com\/fr\/wp-content\/uploads\/sites\/3\/2025\/02\/Webinaire-reservation-Google-300x169.webp 300w, https:\/\/www.covermanager.com\/fr\/wp-content\/uploads\/sites\/3\/2025\/02\/Webinaire-reservation-Google-768x432.webp 768w, https:\/\/www.covermanager.com\/fr\/wp-content\/uploads\/sites\/3\/2025\/02\/Webinaire-reservation-Google-1536x864.webp 1536w, https:\/\/www.covermanager.com\/fr\/wp-content\/uploads\/sites\/3\/2025\/02\/Webinaire-reservation-Google.webp 1920w\" sizes=\"auto, (max-width: 1024px) 100vw, 1024px\" \/><\/a><\/figure>\n<\/div>\n\n\n\n<div class=\"wp-block-column is-vertically-aligned-center is-layout-flow wp-block-column-is-layout-flow\">\n<figure class=\"wp-block-image aligncenter size-large\"><a href=\"https:\/\/youtu.be\/C0FncdZmWSw\" target=\"_blank\" rel=\"noopener\"><img loading=\"lazy\" decoding=\"async\" width=\"1024\" height=\"576\" src=\"https:\/\/www.covermanager.com\/fr\/wp-content\/uploads\/sites\/3\/2025\/02\/Webinaire-tendances-consommation-1024x576.webp\" alt=\"\" class=\"wp-image-8284\" srcset=\"https:\/\/www.covermanager.com\/fr\/wp-content\/uploads\/sites\/3\/2025\/02\/Webinaire-tendances-consommation-1024x576.webp 1024w, https:\/\/www.covermanager.com\/fr\/wp-content\/uploads\/sites\/3\/2025\/02\/Webinaire-tendances-consommation-300x169.webp 300w, https:\/\/www.covermanager.com\/fr\/wp-content\/uploads\/sites\/3\/2025\/02\/Webinaire-tendances-consommation-768x432.webp 768w, https:\/\/www.covermanager.com\/fr\/wp-content\/uploads\/sites\/3\/2025\/02\/Webinaire-tendances-consommation-1536x864.webp 1536w, https:\/\/www.covermanager.com\/fr\/wp-content\/uploads\/sites\/3\/2025\/02\/Webinaire-tendances-consommation.webp 1920w\" sizes=\"auto, (max-width: 1024px) 100vw, 1024px\" \/><\/a><\/figure>\n<\/div>\n<\/div>\n\n\n\n<div class=\"wp-block-columns is-layout-flex wp-container-core-columns-is-layout-9d6595d7 wp-block-columns-is-layout-flex\">\n<div class=\"wp-block-column is-vertically-aligned-center is-layout-flow wp-block-column-is-layout-flow\">\n<figure class=\"wp-block-image aligncenter size-large\"><a href=\"https:\/\/youtu.be\/QhXCH7beoFk\" target=\"_blank\" rel=\"noopener\"><img loading=\"lazy\" decoding=\"async\" width=\"1024\" height=\"576\" src=\"https:\/\/www.covermanager.com\/fr\/wp-content\/uploads\/sites\/3\/2025\/02\/Webinaire-experience-clients-1024x576.webp\" alt=\"\" class=\"wp-image-8286\" srcset=\"https:\/\/www.covermanager.com\/fr\/wp-content\/uploads\/sites\/3\/2025\/02\/Webinaire-experience-clients-1024x576.webp 1024w, https:\/\/www.covermanager.com\/fr\/wp-content\/uploads\/sites\/3\/2025\/02\/Webinaire-experience-clients-300x169.webp 300w, https:\/\/www.covermanager.com\/fr\/wp-content\/uploads\/sites\/3\/2025\/02\/Webinaire-experience-clients-768x432.webp 768w, https:\/\/www.covermanager.com\/fr\/wp-content\/uploads\/sites\/3\/2025\/02\/Webinaire-experience-clients-1536x864.webp 1536w, https:\/\/www.covermanager.com\/fr\/wp-content\/uploads\/sites\/3\/2025\/02\/Webinaire-experience-clients.webp 1920w\" sizes=\"auto, (max-width: 1024px) 100vw, 1024px\" \/><\/a><\/figure>\n<\/div>\n\n\n\n<div class=\"wp-block-column is-vertically-aligned-center is-layout-flow wp-block-column-is-layout-flow\">\n<figure class=\"wp-block-image aligncenter size-large\"><a href=\"https:\/\/youtu.be\/5xNXrpXV1mY\" target=\"_blank\" rel=\"noopener\"><img loading=\"lazy\" decoding=\"async\" width=\"1024\" height=\"576\" src=\"https:\/\/www.covermanager.com\/fr\/wp-content\/uploads\/sites\/3\/2025\/02\/Webinaire-reservation-table-1024x576.webp\" alt=\"\" class=\"wp-image-8287\" srcset=\"https:\/\/www.covermanager.com\/fr\/wp-content\/uploads\/sites\/3\/2025\/02\/Webinaire-reservation-table-1024x576.webp 1024w, https:\/\/www.covermanager.com\/fr\/wp-content\/uploads\/sites\/3\/2025\/02\/Webinaire-reservation-table-300x169.webp 300w, https:\/\/www.covermanager.com\/fr\/wp-content\/uploads\/sites\/3\/2025\/02\/Webinaire-reservation-table-768x432.webp 768w, https:\/\/www.covermanager.com\/fr\/wp-content\/uploads\/sites\/3\/2025\/02\/Webinaire-reservation-table-1536x864.webp 1536w, https:\/\/www.covermanager.com\/fr\/wp-content\/uploads\/sites\/3\/2025\/02\/Webinaire-reservation-table.webp 1920w\" sizes=\"auto, (max-width: 1024px) 100vw, 1024px\" \/><\/a><\/figure>\n<\/div>\n<\/div>\n\n\n\n<div class=\"wp-block-columns is-layout-flex wp-container-core-columns-is-layout-9d6595d7 wp-block-columns-is-layout-flex\">\n<div class=\"wp-block-column is-vertically-aligned-center is-layout-flow wp-block-column-is-layout-flow\">\n<figure class=\"wp-block-image aligncenter size-large\"><a href=\"https:\/\/youtu.be\/5hK5XmZsntQ\" target=\"_blank\" rel=\"noopener\"><img loading=\"lazy\" decoding=\"async\" width=\"1024\" height=\"576\" src=\"https:\/\/www.covermanager.com\/fr\/wp-content\/uploads\/sites\/3\/2025\/02\/Webinaire-gaspillage-alimentaire-1024x576.webp\" alt=\"\" class=\"wp-image-8288\" srcset=\"https:\/\/www.covermanager.com\/fr\/wp-content\/uploads\/sites\/3\/2025\/02\/Webinaire-gaspillage-alimentaire-1024x576.webp 1024w, https:\/\/www.covermanager.com\/fr\/wp-content\/uploads\/sites\/3\/2025\/02\/Webinaire-gaspillage-alimentaire-300x169.webp 300w, https:\/\/www.covermanager.com\/fr\/wp-content\/uploads\/sites\/3\/2025\/02\/Webinaire-gaspillage-alimentaire-768x432.webp 768w, https:\/\/www.covermanager.com\/fr\/wp-content\/uploads\/sites\/3\/2025\/02\/Webinaire-gaspillage-alimentaire-1536x864.webp 1536w, https:\/\/www.covermanager.com\/fr\/wp-content\/uploads\/sites\/3\/2025\/02\/Webinaire-gaspillage-alimentaire.webp 1920w\" sizes=\"auto, (max-width: 1024px) 100vw, 1024px\" \/><\/a><\/figure>\n<\/div>\n\n\n\n<div class=\"wp-block-column is-vertically-aligned-center is-layout-flow wp-block-column-is-layout-flow\">\n<figure class=\"wp-block-image aligncenter size-large\"><a href=\"https:\/\/youtu.be\/TKMukUuOYkw\" target=\"_blank\" rel=\"noopener\"><img loading=\"lazy\" decoding=\"async\" width=\"1024\" height=\"576\" src=\"https:\/\/www.covermanager.com\/fr\/wp-content\/uploads\/sites\/3\/2025\/02\/Webinaire-relation-client-1024x576.webp\" alt=\"\" class=\"wp-image-8289\" srcset=\"https:\/\/www.covermanager.com\/fr\/wp-content\/uploads\/sites\/3\/2025\/02\/Webinaire-relation-client-1024x576.webp 1024w, https:\/\/www.covermanager.com\/fr\/wp-content\/uploads\/sites\/3\/2025\/02\/Webinaire-relation-client-300x169.webp 300w, https:\/\/www.covermanager.com\/fr\/wp-content\/uploads\/sites\/3\/2025\/02\/Webinaire-relation-client-768x432.webp 768w, https:\/\/www.covermanager.com\/fr\/wp-content\/uploads\/sites\/3\/2025\/02\/Webinaire-relation-client-1536x864.webp 1536w, https:\/\/www.covermanager.com\/fr\/wp-content\/uploads\/sites\/3\/2025\/02\/Webinaire-relation-client.webp 1920w\" sizes=\"auto, (max-width: 1024px) 100vw, 1024px\" \/><\/a><\/figure>\n<\/div>\n<\/div>\n\n\n\n<div class=\"wp-block-columns is-layout-flex wp-container-core-columns-is-layout-9d6595d7 wp-block-columns-is-layout-flex\">\n<div class=\"wp-block-column is-vertically-aligned-center is-layout-flow wp-block-column-is-layout-flow\">\n<figure class=\"wp-block-image aligncenter size-large\"><a href=\"https:\/\/youtu.be\/PivXz28weJY\" target=\"_blank\" rel=\"noopener\"><img loading=\"lazy\" decoding=\"async\" width=\"1024\" height=\"576\" src=\"https:\/\/www.covermanager.com\/fr\/wp-content\/uploads\/sites\/3\/2025\/02\/Webinaire-Google-My-Business-1024x576.webp\" alt=\"\" class=\"wp-image-8290\" srcset=\"https:\/\/www.covermanager.com\/fr\/wp-content\/uploads\/sites\/3\/2025\/02\/Webinaire-Google-My-Business-1024x576.webp 1024w, https:\/\/www.covermanager.com\/fr\/wp-content\/uploads\/sites\/3\/2025\/02\/Webinaire-Google-My-Business-300x169.webp 300w, https:\/\/www.covermanager.com\/fr\/wp-content\/uploads\/sites\/3\/2025\/02\/Webinaire-Google-My-Business-768x432.webp 768w, https:\/\/www.covermanager.com\/fr\/wp-content\/uploads\/sites\/3\/2025\/02\/Webinaire-Google-My-Business-1536x864.webp 1536w, https:\/\/www.covermanager.com\/fr\/wp-content\/uploads\/sites\/3\/2025\/02\/Webinaire-Google-My-Business.webp 1920w\" sizes=\"auto, (max-width: 1024px) 100vw, 1024px\" \/><\/a><\/figure>\n<\/div>\n\n\n\n<div class=\"wp-block-column is-vertically-aligned-center is-layout-flow wp-block-column-is-layout-flow\">\n<figure class=\"wp-block-image aligncenter size-large\"><a href=\"https:\/\/youtu.be\/lYKfhRLmOCo\" target=\"_blank\" rel=\"noopener\"><img loading=\"lazy\" decoding=\"async\" width=\"1024\" height=\"576\" src=\"https:\/\/www.covermanager.com\/fr\/wp-content\/uploads\/sites\/3\/2025\/02\/Webinaire-Google-Reservation-1024x576.webp\" alt=\"\" class=\"wp-image-8291\" srcset=\"https:\/\/www.covermanager.com\/fr\/wp-content\/uploads\/sites\/3\/2025\/02\/Webinaire-Google-Reservation-1024x576.webp 1024w, https:\/\/www.covermanager.com\/fr\/wp-content\/uploads\/sites\/3\/2025\/02\/Webinaire-Google-Reservation-300x169.webp 300w, https:\/\/www.covermanager.com\/fr\/wp-content\/uploads\/sites\/3\/2025\/02\/Webinaire-Google-Reservation-768x432.webp 768w, https:\/\/www.covermanager.com\/fr\/wp-content\/uploads\/sites\/3\/2025\/02\/Webinaire-Google-Reservation-1536x864.webp 1536w, https:\/\/www.covermanager.com\/fr\/wp-content\/uploads\/sites\/3\/2025\/02\/Webinaire-Google-Reservation.webp 1920w\" sizes=\"auto, (max-width: 1024px) 100vw, 1024px\" \/><\/a><\/figure>\n<\/div>\n<\/div>\n\n\n\n<div id=\"block_009a9c789ffb5d10dcb46cd40f051465\" class=\"bisiesto-block b-banner  is-layout-constrained alignfull u_bg-dark\">\n    <div class=\" b-banner__wrapper alignwide\">\n        <div class=\"b-banner__image\" data-aos=\"fade\">\n            <figure data-aos=\"fade-up\">\n            <img loading=\"lazy\" decoding=\"async\" width=\"2334\" height=\"1850\" src=\"https:\/\/www.covermanager.com\/fr\/wp-content\/uploads\/sites\/3\/2024\/09\/banner.webp\" class=\"attachment-full size-full\" alt=\"\" srcset=\"https:\/\/www.covermanager.com\/fr\/wp-content\/uploads\/sites\/3\/2024\/09\/banner.webp 2334w, https:\/\/www.covermanager.com\/fr\/wp-content\/uploads\/sites\/3\/2024\/09\/banner-300x238.webp 300w, https:\/\/www.covermanager.com\/fr\/wp-content\/uploads\/sites\/3\/2024\/09\/banner-1024x812.webp 1024w, https:\/\/www.covermanager.com\/fr\/wp-content\/uploads\/sites\/3\/2024\/09\/banner-768x609.webp 768w, https:\/\/www.covermanager.com\/fr\/wp-content\/uploads\/sites\/3\/2024\/09\/banner-1536x1217.webp 1536w, https:\/\/www.covermanager.com\/fr\/wp-content\/uploads\/sites\/3\/2024\/09\/banner-2048x1623.webp 2048w\" sizes=\"auto, (max-width: 2334px) 100vw, 2334px\" \/>            <\/figure>\n        <\/div>\n        <div class=\"b-banner__content\" data-aos=\"fade-up\">\n            <div class=\"is-prose\">\n\n<p class=\"is-style-h5\">Votre \u00e9tablissement dans votre poche<\/p>\n\n\n\n<h2 class=\"wp-block-heading is-style-h2\"><strong>G\u00e9rez et contr\u00f4lez votre \u00e9tablissement \u00e0 partir de votre t\u00e9l\u00e9phone portable<\/strong><\/h2>\n\n\n\n<p class=\"is-style-default\">Avec l&rsquo;application Cover, vous et votre \u00e9quipe aurez acc\u00e8s \u00e0 diff\u00e9rentes fonctionnalit\u00e9s pour g\u00e9rer les r\u00e9servations et les \u00e9v\u00e9nements depuis n&rsquo;importe quel appareil, n&rsquo;importe o\u00f9.<\/p>\n\n\n\n<div class=\"wp-block-buttons is-layout-flex wp-block-buttons-is-layout-flex\">\n<div class=\"wp-block-button\"><a class=\"wp-block-button__link wp-element-button\" href=\"https:\/\/www.covermanager.com\/fr\/demander-une-demo\/\"><strong>Demandez votre d\u00e9mo<\/strong><\/a><\/div>\n<\/div>\n\n<\/div>\n        <\/div>\n\n    <\/div>\n<\/div>\n\n\n","protected":false},"excerpt":{"rendered":"","protected":false},"author":9,"featured_media":0,"parent":0,"menu_order":0,"comment_status":"closed","ping_status":"closed","template":"","meta":{"_acf_changed":false,"footnotes":""},"class_list":["post-8263","page","type-page","status-publish","hentry"],"acf":[],"_links":{"self":[{"href":"https:\/\/www.covermanager.com\/fr\/wp-json\/wp\/v2\/pages\/8263","targetHints":{"allow":["GET"]}}],"collection":[{"href":"https:\/\/www.covermanager.com\/fr\/wp-json\/wp\/v2\/pages"}],"about":[{"href":"https:\/\/www.covermanager.com\/fr\/wp-json\/wp\/v2\/types\/page"}],"author":[{"embeddable":true,"href":"https:\/\/www.covermanager.com\/fr\/wp-json\/wp\/v2\/users\/9"}],"replies":[{"embeddable":true,"href":"https:\/\/www.covermanager.com\/fr\/wp-json\/wp\/v2\/comments?post=8263"}],"version-history":[{"count":14,"href":"https:\/\/www.covermanager.com\/fr\/wp-json\/wp\/v2\/pages\/8263\/revisions"}],"predecessor-version":[{"id":8293,"href":"https:\/\/www.covermanager.com\/fr\/wp-json\/wp\/v2\/pages\/8263\/revisions\/8293"}],"wp:attachment":[{"href":"https:\/\/www.covermanager.com\/fr\/wp-json\/wp\/v2\/media?parent=8263"}],"curies":[{"name":"wp","href":"https:\/\/api.w.org\/{rel}","templated":true}]}}