{"id":8294,"date":"2025-02-07T13:26:00","date_gmt":"2025-02-07T12:26:00","guid":{"rendered":"https:\/\/www.covermanager.com\/fr\/?page_id=8294"},"modified":"2025-04-28T12:17:18","modified_gmt":"2025-04-28T10:17:18","slug":"livres-blancs","status":"publish","type":"page","link":"https:\/\/www.covermanager.com\/fr\/livres-blancs\/","title":{"rendered":"Livres blancs"},"content":{"rendered":"\n<div id=\"block_511f01b83ba80698c10c04b47521b22e\" class=\"bisiesto-block b-imagen-texto  is-style-cabecera is-layout-constrained alignfull\">\n    <div class=\"b-imagen-texto__wrapper alignwide\">\n        <div class=\"b-imagen-texto__content\" data-aos=\"fade-up\">\n                        <div class=\"is-prose\">\n\n<h1 class=\"wp-block-heading\">Livres blancs<\/h1>\n\n\n\n<p>T\u00e9l\u00e9chargez gratuitement nos livres blancs pour votre restaurant. Boostez les r\u00e9servations et assurez votre visibilit\u00e9 en ligne.<\/p>\n\n\n\n<div class=\"wp-block-buttons is-layout-flex wp-block-buttons-is-layout-flex\">\n<div class=\"wp-block-button\"><a class=\"wp-block-button__link wp-element-button\"><strong>D<\/strong>\u00e9couvrez nos livres blancs<\/a><\/div>\n<\/div>\n\n<\/div>\n        <\/div>\n            <\/div>\n<\/div>\n\n\n\n\n\n<div style=\"height:20px\" aria-hidden=\"true\" class=\"wp-block-spacer\"><\/div>\n\n\n\n<div class=\"wp-block-columns is-layout-flex wp-container-core-columns-is-layout-9d6595d7 wp-block-columns-is-layout-flex\">\n<div class=\"wp-block-column is-layout-flow wp-block-column-is-layout-flow\" style=\"flex-basis:25%\"><\/div>\n\n\n\n<div class=\"wp-block-column is-layout-flow wp-block-column-is-layout-flow\" style=\"flex-basis:50%\"><\/div>\n\n\n\n<div class=\"wp-block-column is-layout-flow wp-block-column-is-layout-flow\" style=\"flex-basis:25%\"><\/div>\n<\/div>\n\n\n\n<div class=\"wp-block-columns is-layout-flex wp-container-core-columns-is-layout-9d6595d7 wp-block-columns-is-layout-flex\">\n<div class=\"wp-block-column is-layout-flow wp-block-column-is-layout-flow\">\n<figure class=\"wp-block-image aligncenter size-medium\"><img loading=\"lazy\" decoding=\"async\" width=\"212\" height=\"300\" src=\"https:\/\/www.covermanager.com\/fr\/wp-content\/uploads\/sites\/3\/2025\/04\/Couverture-livre-blanc-fete-des-meres-et-des-peres-212x300.jpg\" alt=\"\" class=\"wp-image-8779\" srcset=\"https:\/\/www.covermanager.com\/fr\/wp-content\/uploads\/sites\/3\/2025\/04\/Couverture-livre-blanc-fete-des-meres-et-des-peres-212x300.jpg 212w, https:\/\/www.covermanager.com\/fr\/wp-content\/uploads\/sites\/3\/2025\/04\/Couverture-livre-blanc-fete-des-meres-et-des-peres-724x1024.jpg 724w, https:\/\/www.covermanager.com\/fr\/wp-content\/uploads\/sites\/3\/2025\/04\/Couverture-livre-blanc-fete-des-meres-et-des-peres-768x1086.jpg 768w, https:\/\/www.covermanager.com\/fr\/wp-content\/uploads\/sites\/3\/2025\/04\/Couverture-livre-blanc-fete-des-meres-et-des-peres.jpg 800w\" sizes=\"auto, (max-width: 212px) 100vw, 212px\" \/><\/figure>\n\n\n\n<p class=\"has-text-align-center\"><strong>\u00ab&nbsp;Augmentez votre rentabilit\u00e9 pour la f\u00eate des m\u00e8res et des p\u00e8res \u00bb<\/strong><\/p>\n\n\n\n<div class=\"wp-block-buttons is-content-justification-center is-layout-flex wp-container-core-buttons-is-layout-16018d1d wp-block-buttons-is-layout-flex\">\n<div class=\"wp-block-button\"><a class=\"wp-block-button__link wp-element-button\" href=\"https:\/\/www.covermanager.com\/fr\/livre-blanc-restaurants-rentabilite-fete-des-peres\/\">T\u00e9l\u00e9charger<\/a><\/div>\n<\/div>\n<\/div>\n\n\n\n<div class=\"wp-block-column is-layout-flow wp-block-column-is-layout-flow\">\n<figure class=\"wp-block-image aligncenter size-medium\"><img loading=\"lazy\" decoding=\"async\" width=\"212\" height=\"300\" src=\"https:\/\/www.covermanager.com\/fr\/wp-content\/uploads\/sites\/3\/2025\/03\/Checklist-GMB-Checklist-Google-My-Business-Restaurant-preview-212x300.jpg\" alt=\"Checklist GMB - Checklist-Google-My-Business-Restaurant-preview\" class=\"wp-image-8637\" srcset=\"https:\/\/www.covermanager.com\/fr\/wp-content\/uploads\/sites\/3\/2025\/03\/Checklist-GMB-Checklist-Google-My-Business-Restaurant-preview-212x300.jpg 212w, https:\/\/www.covermanager.com\/fr\/wp-content\/uploads\/sites\/3\/2025\/03\/Checklist-GMB-Checklist-Google-My-Business-Restaurant-preview.jpg 595w\" sizes=\"auto, (max-width: 212px) 100vw, 212px\" \/><\/figure>\n\n\n\n<p class=\"has-text-align-center\"><strong>\u00ab Google My Business : faites d\u00e9coller votre restaurant<\/strong> <strong>\u00bb<\/strong><\/p>\n\n\n\n<div class=\"wp-block-buttons is-content-justification-center is-layout-flex wp-container-core-buttons-is-layout-16018d1d wp-block-buttons-is-layout-flex\">\n<div class=\"wp-block-button\"><a class=\"wp-block-button__link wp-element-button\" href=\"https:\/\/www.covermanager.com\/fr\/google-my-business-restaurant\/\">T\u00e9l\u00e9charger<\/a><\/div>\n<\/div>\n<\/div>\n\n\n\n<div class=\"wp-block-column is-layout-flow wp-block-column-is-layout-flow\">\n<figure class=\"wp-block-image aligncenter size-medium\"><img loading=\"lazy\" decoding=\"async\" width=\"212\" height=\"300\" src=\"https:\/\/www.covermanager.com\/fr\/wp-content\/uploads\/sites\/3\/2025\/03\/Checklist-Business-Plan-restaurant-preview-212x300.jpg\" alt=\"Checklist Business Plan restaurant-preview\" class=\"wp-image-8642\" srcset=\"https:\/\/www.covermanager.com\/fr\/wp-content\/uploads\/sites\/3\/2025\/03\/Checklist-Business-Plan-restaurant-preview-212x300.jpg 212w, https:\/\/www.covermanager.com\/fr\/wp-content\/uploads\/sites\/3\/2025\/03\/Checklist-Business-Plan-restaurant-preview.jpg 595w\" sizes=\"auto, (max-width: 212px) 100vw, 212px\" \/><\/figure>\n\n\n\n<p class=\"has-text-align-center\"><strong>\u00ab&nbsp;Business plan restaurant : \u00e9tapes cl\u00e9s et guide complet \u00bb<\/strong><\/p>\n\n\n\n<div class=\"wp-block-buttons is-content-justification-center is-layout-flex wp-container-core-buttons-is-layout-16018d1d wp-block-buttons-is-layout-flex\">\n<div class=\"wp-block-button\"><a class=\"wp-block-button__link wp-element-button\" href=\"https:\/\/www.covermanager.com\/fr\/guide-business-plan-restaurant\/\">T\u00e9l\u00e9charger<\/a><\/div>\n<\/div>\n<\/div>\n<\/div>\n\n\n\n<div class=\"wp-block-columns is-layout-flex wp-container-core-columns-is-layout-9d6595d7 wp-block-columns-is-layout-flex\">\n<div class=\"wp-block-column is-layout-flow wp-block-column-is-layout-flow\">\n<figure class=\"wp-block-image aligncenter size-medium\"><img loading=\"lazy\" decoding=\"async\" width=\"191\" height=\"300\" src=\"https:\/\/www.covermanager.com\/fr\/wp-content\/uploads\/sites\/3\/2025\/02\/Livre-Blanc-Rentabilite-couverture-191x300.webp\" alt=\"Livre Blanc Rentabilite\u0301 couverture\" class=\"wp-image-8343\" srcset=\"https:\/\/www.covermanager.com\/fr\/wp-content\/uploads\/sites\/3\/2025\/02\/Livre-Blanc-Rentabilite-couverture-191x300.webp 191w, https:\/\/www.covermanager.com\/fr\/wp-content\/uploads\/sites\/3\/2025\/02\/Livre-Blanc-Rentabilite-couverture-653x1024.webp 653w, https:\/\/www.covermanager.com\/fr\/wp-content\/uploads\/sites\/3\/2025\/02\/Livre-Blanc-Rentabilite-couverture-768x1203.webp 768w, https:\/\/www.covermanager.com\/fr\/wp-content\/uploads\/sites\/3\/2025\/02\/Livre-Blanc-Rentabilite-couverture-980x1536.webp 980w, https:\/\/www.covermanager.com\/fr\/wp-content\/uploads\/sites\/3\/2025\/02\/Livre-Blanc-Rentabilite-couverture.webp 1037w\" sizes=\"auto, (max-width: 191px) 100vw, 191px\" \/><\/figure>\n\n\n\n<p class=\"has-text-align-center\"><strong>\u00ab&nbsp;Comment am\u00e9liorer la rentabilit\u00e9 de votre restaurant ?&nbsp;\u00bb<\/strong><\/p>\n\n\n\n<div class=\"wp-block-buttons is-content-justification-center is-layout-flex wp-container-core-buttons-is-layout-16018d1d wp-block-buttons-is-layout-flex\">\n<div class=\"wp-block-button\"><a class=\"wp-block-button__link wp-element-button\" href=\"https:\/\/www.covermanager.com\/fr\/livre-blanc-rentabilite-restaurant\/\">T\u00e9l\u00e9charger<\/a><\/div>\n<\/div>\n<\/div>\n\n\n\n<div class=\"wp-block-column is-layout-flow wp-block-column-is-layout-flow\">\n<figure class=\"wp-block-image aligncenter size-medium\"><img loading=\"lazy\" decoding=\"async\" width=\"191\" height=\"300\" src=\"https:\/\/www.covermanager.com\/fr\/wp-content\/uploads\/sites\/3\/2025\/02\/Livre-Blanc-Experience-client-restaurant-CoverManager-couverture-191x300.jpg\" alt=\"Livre Blanc - Expe\u0301rience client restaurant CoverManager couverture\" class=\"wp-image-8425\" srcset=\"https:\/\/www.covermanager.com\/fr\/wp-content\/uploads\/sites\/3\/2025\/02\/Livre-Blanc-Experience-client-restaurant-CoverManager-couverture-191x300.jpg 191w, https:\/\/www.covermanager.com\/fr\/wp-content\/uploads\/sites\/3\/2025\/02\/Livre-Blanc-Experience-client-restaurant-CoverManager-couverture-653x1024.jpg 653w, https:\/\/www.covermanager.com\/fr\/wp-content\/uploads\/sites\/3\/2025\/02\/Livre-Blanc-Experience-client-restaurant-CoverManager-couverture-768x1203.jpg 768w, https:\/\/www.covermanager.com\/fr\/wp-content\/uploads\/sites\/3\/2025\/02\/Livre-Blanc-Experience-client-restaurant-CoverManager-couverture-980x1536.jpg 980w, https:\/\/www.covermanager.com\/fr\/wp-content\/uploads\/sites\/3\/2025\/02\/Livre-Blanc-Experience-client-restaurant-CoverManager-couverture.jpg 1037w\" sizes=\"auto, (max-width: 191px) 100vw, 191px\" \/><\/figure>\n\n\n\n<p class=\"has-text-align-center\"><strong>\u00ab&nbsp;Quels outils pour ma\u00eetriser l\u2019exp\u00e9rience client au restaurant ? \u00bb<\/strong><\/p>\n\n\n\n<div class=\"wp-block-buttons is-content-justification-center is-layout-flex wp-container-core-buttons-is-layout-16018d1d wp-block-buttons-is-layout-flex\">\n<div class=\"wp-block-button\"><a class=\"wp-block-button__link wp-element-button\" href=\"https:\/\/www.covermanager.com\/fr\/livre-blanc-experience-client-au-restaurant\/\">T\u00e9l\u00e9charger<\/a><\/div>\n<\/div>\n<\/div>\n\n\n\n<div class=\"wp-block-column is-layout-flow wp-block-column-is-layout-flow\">\n<figure class=\"wp-block-image aligncenter size-medium\"><img loading=\"lazy\" decoding=\"async\" width=\"191\" height=\"300\" src=\"https:\/\/www.covermanager.com\/fr\/wp-content\/uploads\/sites\/3\/2025\/03\/Livre-Blanc-Reseaux-Sociaux-Restaurant-CoverManager-191x300.jpg\" alt=\"Livre Blanc - Re\u0301seaux Sociaux Restaurant CoverManager\" class=\"wp-image-8467\" srcset=\"https:\/\/www.covermanager.com\/fr\/wp-content\/uploads\/sites\/3\/2025\/03\/Livre-Blanc-Reseaux-Sociaux-Restaurant-CoverManager-191x300.jpg 191w, https:\/\/www.covermanager.com\/fr\/wp-content\/uploads\/sites\/3\/2025\/03\/Livre-Blanc-Reseaux-Sociaux-Restaurant-CoverManager-653x1024.jpg 653w, https:\/\/www.covermanager.com\/fr\/wp-content\/uploads\/sites\/3\/2025\/03\/Livre-Blanc-Reseaux-Sociaux-Restaurant-CoverManager-768x1203.jpg 768w, https:\/\/www.covermanager.com\/fr\/wp-content\/uploads\/sites\/3\/2025\/03\/Livre-Blanc-Reseaux-Sociaux-Restaurant-CoverManager-980x1536.jpg 980w, https:\/\/www.covermanager.com\/fr\/wp-content\/uploads\/sites\/3\/2025\/03\/Livre-Blanc-Reseaux-Sociaux-Restaurant-CoverManager.jpg 1037w\" sizes=\"auto, (max-width: 191px) 100vw, 191px\" \/><\/figure>\n\n\n\n<p class=\"has-text-align-center\"><strong>\u00ab Comment optimiser les r\u00e9seaux sociaux pour votre restaurant ? \u00bb<\/strong><\/p>\n\n\n\n<div class=\"wp-block-buttons is-content-justification-center is-layout-flex wp-container-core-buttons-is-layout-16018d1d wp-block-buttons-is-layout-flex\">\n<div class=\"wp-block-button\"><a class=\"wp-block-button__link wp-element-button\" href=\"https:\/\/www.covermanager.com\/fr\/livre-blanc-reseaux-sociaux-pour-votre-restaurant\/\">T\u00e9l\u00e9charger<\/a><\/div>\n<\/div>\n<\/div>\n<\/div>\n\n\n\n<div id=\"block_c5b0fb2bcbdcccfc2726f8db37e04ab5\" class=\"bisiesto-block b-banner  is-layout-constrained alignfull u_bg-dark\">\n    <div class=\" b-banner__wrapper alignwide\">\n        <div class=\"b-banner__image\" data-aos=\"fade\">\n            <figure data-aos=\"fade-up\">\n            <img loading=\"lazy\" decoding=\"async\" width=\"2334\" height=\"1850\" src=\"https:\/\/www.covermanager.com\/fr\/wp-content\/uploads\/sites\/3\/2024\/09\/banner.webp\" class=\"attachment-full size-full\" alt=\"\" srcset=\"https:\/\/www.covermanager.com\/fr\/wp-content\/uploads\/sites\/3\/2024\/09\/banner.webp 2334w, https:\/\/www.covermanager.com\/fr\/wp-content\/uploads\/sites\/3\/2024\/09\/banner-300x238.webp 300w, https:\/\/www.covermanager.com\/fr\/wp-content\/uploads\/sites\/3\/2024\/09\/banner-1024x812.webp 1024w, https:\/\/www.covermanager.com\/fr\/wp-content\/uploads\/sites\/3\/2024\/09\/banner-768x609.webp 768w, https:\/\/www.covermanager.com\/fr\/wp-content\/uploads\/sites\/3\/2024\/09\/banner-1536x1217.webp 1536w, https:\/\/www.covermanager.com\/fr\/wp-content\/uploads\/sites\/3\/2024\/09\/banner-2048x1623.webp 2048w\" sizes=\"auto, (max-width: 2334px) 100vw, 2334px\" \/>            <\/figure>\n        <\/div>\n        <div class=\"b-banner__content\" data-aos=\"fade-up\">\n            <div class=\"is-prose\">\n\n<p class=\"is-style-h5\">Votre \u00e9tablissement dans votre poche<\/p>\n\n\n\n<h2 class=\"wp-block-heading is-style-h2\"><strong>G\u00e9rez et contr\u00f4lez votre \u00e9tablissement \u00e0 partir de votre t\u00e9l\u00e9phone portable<\/strong><\/h2>\n\n\n\n<p class=\"is-style-default\">Avec l&rsquo;application Cover, vous et votre \u00e9quipe aurez acc\u00e8s \u00e0 diff\u00e9rentes fonctionnalit\u00e9s pour g\u00e9rer les r\u00e9servations et les \u00e9v\u00e9nements depuis n&rsquo;importe quel appareil, n&rsquo;importe o\u00f9.<\/p>\n\n\n\n<div class=\"wp-block-buttons is-layout-flex wp-block-buttons-is-layout-flex\">\n<div class=\"wp-block-button\"><a class=\"wp-block-button__link wp-element-button\" href=\"https:\/\/www.covermanager.com\/fr\/demander-une-demo\/\"><strong>Demandez votre d\u00e9mo<\/strong><\/a><\/div>\n<\/div>\n\n<\/div>\n        <\/div>\n\n    <\/div>\n<\/div>\n\n\n\n\n\n\n","protected":false},"excerpt":{"rendered":"<p>\u00ab&nbsp;Augmentez votre rentabilit\u00e9 pour la f\u00eate des m\u00e8res et des p\u00e8res \u00bb \u00ab Google My Business : faites d\u00e9coller votre restaurant \u00bb \u00ab&nbsp;Business plan restaurant : \u00e9tapes cl\u00e9s et guide complet \u00bb \u00ab&nbsp;Comment am\u00e9liorer la rentabilit\u00e9 de votre restaurant ?&nbsp;\u00bb \u00ab&nbsp;Quels outils pour ma\u00eetriser l\u2019exp\u00e9rience client au restaurant ? \u00bb \u00ab Comment optimiser les r\u00e9seaux [&hellip;]<\/p>\n","protected":false},"author":9,"featured_media":8343,"parent":0,"menu_order":0,"comment_status":"closed","ping_status":"closed","template":"","meta":{"_acf_changed":false,"footnotes":""},"class_list":["post-8294","page","type-page","status-publish","has-post-thumbnail","hentry"],"acf":[],"_links":{"self":[{"href":"https:\/\/www.covermanager.com\/fr\/wp-json\/wp\/v2\/pages\/8294","targetHints":{"allow":["GET"]}}],"collection":[{"href":"https:\/\/www.covermanager.com\/fr\/wp-json\/wp\/v2\/pages"}],"about":[{"href":"https:\/\/www.covermanager.com\/fr\/wp-json\/wp\/v2\/types\/page"}],"author":[{"embeddable":true,"href":"https:\/\/www.covermanager.com\/fr\/wp-json\/wp\/v2\/users\/9"}],"replies":[{"embeddable":true,"href":"https:\/\/www.covermanager.com\/fr\/wp-json\/wp\/v2\/comments?post=8294"}],"version-history":[{"count":53,"href":"https:\/\/www.covermanager.com\/fr\/wp-json\/wp\/v2\/pages\/8294\/revisions"}],"predecessor-version":[{"id":8780,"href":"https:\/\/www.covermanager.com\/fr\/wp-json\/wp\/v2\/pages\/8294\/revisions\/8780"}],"wp:featuredmedia":[{"embeddable":true,"href":"https:\/\/www.covermanager.com\/fr\/wp-json\/wp\/v2\/media\/8343"}],"wp:attachment":[{"href":"https:\/\/www.covermanager.com\/fr\/wp-json\/wp\/v2\/media?parent=8294"}],"curies":[{"name":"wp","href":"https:\/\/api.w.org\/{rel}","templated":true}]}}