{"id":8311,"date":"2025-02-10T14:09:21","date_gmt":"2025-02-10T13:09:21","guid":{"rendered":"https:\/\/www.covermanager.com\/fr\/?page_id=8311"},"modified":"2025-03-07T12:43:24","modified_gmt":"2025-03-07T11:43:24","slug":"livre-blanc-rentabilite-restaurant","status":"publish","type":"page","link":"https:\/\/www.covermanager.com\/fr\/livre-blanc-rentabilite-restaurant\/","title":{"rendered":"Am\u00e9liorer la rentabilit\u00e9 de son restaurant &#8211; Notre livre blanc"},"content":{"rendered":"\n<div id=\"block_e5ba11e7537c87390ab6023af8bec17b\" class=\"bisiesto-block b-imagen-texto  is-style-cabecera is-layout-constrained alignfull\">\n    <div class=\"b-imagen-texto__wrapper alignwide\">\n        <div class=\"b-imagen-texto__content\" data-aos=\"fade-up\">\n                        <div class=\"is-prose\">\n\n<h1 class=\"wp-block-heading\">Comment am\u00e9liorer la rentabilit\u00e9 de votre restaurant ?<\/h1>\n\n\n\n<p>D\u00e9couvrez une s\u00e9rie de leviers cl\u00e9s afin d&rsquo;am\u00e9liorer efficacement la rentabilit\u00e9 de votre restaurant et d\u00e9velopper son attractivit\u00e9.<\/p>\n\n\n\n<div class=\"wp-block-buttons is-layout-flex wp-block-buttons-is-layout-flex\">\n<div class=\"wp-block-button\"><a class=\"wp-block-button__link wp-element-button\"><strong>D<\/strong>\u00e9couvrez notre livre blanc<\/a><\/div>\n<\/div>\n\n<\/div>\n        <\/div>\n            <\/div>\n<\/div>\n\n\n\n\n\n<div style=\"height:20px\" aria-hidden=\"true\" class=\"wp-block-spacer\"><\/div>\n\n\n\n<div id=\"block_46fd1ae8532d46d84d6e74a4bbd7d93a\" class=\"bisiesto-block b-imagen-texto  is-layout-constrained alignfull\">\n    <div class=\"b-imagen-texto__wrapper alignwide\">\n        <div class=\"b-imagen-texto__content\" data-aos=\"fade-up\">\n                        <div class=\"is-prose\">\n\n<h2 class=\"wp-block-heading\"><strong>Pourquoi t\u00e9l\u00e9charger ce livre blanc ?\u200b<\/strong><\/h2>\n\n\n\n<p>Nous avons compil\u00e9 dans un livre blanc avec notre partenaire Lightspeed les bonnes pratiques \u00e0 mettre en place pour optimiser votre activit\u00e9 au quotidien ainsi qu&rsquo;une s\u00e9rie d&rsquo;outils pratiques. \ud83d\ude80<\/p>\n\n\n\n<p>Repartez avec des conseils et astuces concr\u00e8tes de deux experts du secteur de la restauration en d\u00e9couvrant :<\/p>\n\n\n\n<p>\ud83d\udcd5 Comment optimiser la&nbsp;<strong>gestion de vos r\u00e9servations pour augmenter votre C.A<\/strong><\/p>\n\n\n\n<p>\ud83d\udcb8 Les meilleures pratiques \u00e0 adopter <strong>pour ma\u00eetriser efficacement vos co\u00fbts<\/strong><\/p>\n\n\n\n<p>\ud83d\ude4b&nbsp;Des strat\u00e9gies \u00e9prouv\u00e9es pour<strong>&nbsp;attirer et fid\u00e9lisez les clients dans votre restaurant<\/strong><\/p>\n\n\n\n<p>\u26a1 Commentau quotidien,<strong> gagner du temps tout en augmentant votre rentabilit\u00e9 avec la r\u00e9servation<\/strong><\/p>\n\n\n\n<p>\u2705 La checklist ultime pour <strong>am\u00e9liorer de mani\u00e8re concr\u00e8te la rentabilit\u00e9 de votre restaurant<\/strong><\/p>\n\n<\/div>\n        <\/div>\n                <div class=\"b-imagen-texto__image\">\n            <img loading=\"lazy\" decoding=\"async\" width=\"1037\" height=\"1625\" src=\"https:\/\/www.covermanager.com\/fr\/wp-content\/uploads\/sites\/3\/2025\/02\/Livre-Blanc-Rentabilite-couverture.webp\" class=\"attachment-full size-full\" alt=\"Livre Blanc Rentabilite\u0301 couverture\" srcset=\"https:\/\/www.covermanager.com\/fr\/wp-content\/uploads\/sites\/3\/2025\/02\/Livre-Blanc-Rentabilite-couverture.webp 1037w, https:\/\/www.covermanager.com\/fr\/wp-content\/uploads\/sites\/3\/2025\/02\/Livre-Blanc-Rentabilite-couverture-191x300.webp 191w, https:\/\/www.covermanager.com\/fr\/wp-content\/uploads\/sites\/3\/2025\/02\/Livre-Blanc-Rentabilite-couverture-653x1024.webp 653w, https:\/\/www.covermanager.com\/fr\/wp-content\/uploads\/sites\/3\/2025\/02\/Livre-Blanc-Rentabilite-couverture-768x1203.webp 768w, https:\/\/www.covermanager.com\/fr\/wp-content\/uploads\/sites\/3\/2025\/02\/Livre-Blanc-Rentabilite-couverture-980x1536.webp 980w\" sizes=\"auto, (max-width: 1037px) 100vw, 1037px\" \/>        <\/div>\n            <\/div>\n<\/div>\n\n\n\n\n\n\n<div id=\"block_d6fc1d07d6618fb7454d07ba4eac5fac\" class=\"bisiesto-block b-landing-formulario  is-style-dark is-layout-constrained alignfull\">\n    <div class=\"b-landing-formulario__wrapper alignwide b-landing-formulario--inverted\">\n        <div class=\"b-landing-formulario__heading\" data-aos=\"fade-up\">\n                            <img loading=\"lazy\" decoding=\"async\" width=\"595\" height=\"842\" src=\"https:\/\/www.covermanager.com\/fr\/wp-content\/uploads\/sites\/3\/2025\/02\/Livre-Blanc-Rentabilite-Restaurant-preview.jpg\" class=\"b-landing-formulario__image\" alt=\"Livre Blanc Rentabilite\u0301 Restaurant preview\" srcset=\"https:\/\/www.covermanager.com\/fr\/wp-content\/uploads\/sites\/3\/2025\/02\/Livre-Blanc-Rentabilite-Restaurant-preview.jpg 595w, https:\/\/www.covermanager.com\/fr\/wp-content\/uploads\/sites\/3\/2025\/02\/Livre-Blanc-Rentabilite-Restaurant-preview-212x300.jpg 212w\" sizes=\"auto, (max-width: 595px) 100vw, 595px\" \/>                        <h2 class=\"b-landing-formulario__heading\">Livre Blanc \u00e0 t\u00e9l\u00e9charger \ud83e\uddd1\u200d\ud83c\udf73<\/h2>        <\/div>\n        <div class=\"b-landing-formulario__form u_text-positive\" data-aos=\"fade-up\">\n                                    <div class='_form_130'><\/div><script type='text\/javascript' src='https:\/\/covermanager.activehosted.com\/f\/embed.php?static=0&#038;id=130&#038;69FA3ECB7F450&#038;nostyles=1&#038;preview=0'><\/script>        <\/div>\n        <div class=\"b-landing-formulario__content\" data-aos=\"fade-up\">\n            <div class=\"is-prose\"><\/div>\n        <\/div>\n    <\/div>\n<\/div>\n\n\n\n\n","protected":false},"excerpt":{"rendered":"","protected":false},"author":9,"featured_media":0,"parent":0,"menu_order":0,"comment_status":"closed","ping_status":"closed","template":"page-landing.php","meta":{"_acf_changed":false,"footnotes":""},"class_list":["post-8311","page","type-page","status-publish","hentry"],"acf":[],"_links":{"self":[{"href":"https:\/\/www.covermanager.com\/fr\/wp-json\/wp\/v2\/pages\/8311","targetHints":{"allow":["GET"]}}],"collection":[{"href":"https:\/\/www.covermanager.com\/fr\/wp-json\/wp\/v2\/pages"}],"about":[{"href":"https:\/\/www.covermanager.com\/fr\/wp-json\/wp\/v2\/types\/page"}],"author":[{"embeddable":true,"href":"https:\/\/www.covermanager.com\/fr\/wp-json\/wp\/v2\/users\/9"}],"replies":[{"embeddable":true,"href":"https:\/\/www.covermanager.com\/fr\/wp-json\/wp\/v2\/comments?post=8311"}],"version-history":[{"count":12,"href":"https:\/\/www.covermanager.com\/fr\/wp-json\/wp\/v2\/pages\/8311\/revisions"}],"predecessor-version":[{"id":8493,"href":"https:\/\/www.covermanager.com\/fr\/wp-json\/wp\/v2\/pages\/8311\/revisions\/8493"}],"wp:attachment":[{"href":"https:\/\/www.covermanager.com\/fr\/wp-json\/wp\/v2\/media?parent=8311"}],"curies":[{"name":"wp","href":"https:\/\/api.w.org\/{rel}","templated":true}]}}