{"id":8326,"date":"2025-02-10T15:01:59","date_gmt":"2025-02-10T14:01:59","guid":{"rendered":"https:\/\/www.covermanager.com\/fr\/?page_id=8326"},"modified":"2025-03-07T12:43:34","modified_gmt":"2025-03-07T11:43:34","slug":"livre-blanc-reseaux-sociaux-pour-votre-restaurant","status":"publish","type":"page","link":"https:\/\/www.covermanager.com\/fr\/livre-blanc-reseaux-sociaux-pour-votre-restaurant\/","title":{"rendered":"Les r\u00e9seaux sociaux pour votre restaurant &#8211; Notre livre blanc"},"content":{"rendered":"\n<div id=\"block_ced76acf8eff8e448080f112b48fa620\" class=\"bisiesto-block b-imagen-texto  is-style-cabecera is-layout-constrained alignfull\">\n    <div class=\"b-imagen-texto__wrapper alignwide\">\n        <div class=\"b-imagen-texto__content\" data-aos=\"fade-up\">\n                        <div class=\"is-prose\">\n\n<h1 class=\"wp-block-heading\">Comment optimiser les r\u00e9seaux sociaux pour d\u00e9velopper votre restaurant ?<\/h1>\n\n\n\n<p>Facebook, Instagram, TikTok : comment utiliser les r\u00e9seaux sociaux pour am\u00e9liorer la communication de votre restaurant ? T\u00e9l\u00e9chargez notre livre blanc.<\/p>\n\n\n\n<div class=\"wp-block-buttons is-layout-flex wp-block-buttons-is-layout-flex\">\n<div class=\"wp-block-button\"><a class=\"wp-block-button__link wp-element-button\"><strong>D<\/strong>\u00e9couvrez notre livre blanc<\/a><\/div>\n<\/div>\n\n<\/div>\n        <\/div>\n            <\/div>\n<\/div>\n\n\n\n\n\n<div style=\"height:20px\" aria-hidden=\"true\" class=\"wp-block-spacer\"><\/div>\n\n\n\n<div id=\"block_2ad2852a0d7e7b9d5961cae200a06232\" class=\"bisiesto-block b-imagen-texto  is-layout-constrained alignfull\">\n    <div class=\"b-imagen-texto__wrapper alignwide\">\n        <div class=\"b-imagen-texto__content\" data-aos=\"fade-up\">\n                        <div class=\"is-prose\">\n\n<h2 class=\"wp-block-heading\"><strong>Pourquoi t\u00e9l\u00e9charger ce livre blanc ?\u200b<\/strong><\/h2>\n\n\n\n<p>Notre guide pratique de 17 pages vous d\u00e9taille des conseils, astuces et bonnes pratiques pour communiquer efficacement sur les r\u00e9seaux sociaux. Que ce soit pour Facebook, Instagram ou TikTok, nous vous donnons des cl\u00e9s pour :&nbsp;<\/p>\n\n\n\n<p><strong>D\u00e9crypter\u200b<\/strong> \ud83d\udc4c<br>Comprendre les sp\u00e9cificit\u00e9s, en termes d\u2019audience et de contenus, de chaque r\u00e9seau social, avec des exemples concrets de publications.<br><br><strong>Orchestrer<\/strong> \ud83c\udf7d\ufe0f<br>D\u00e9terminer les formats, les jours et heures, ainsi que les fr\u00e9quences de publication attendues pour chaque r\u00e9seau social afin d&rsquo;avoir une meilleure visibilit\u00e9.<\/p>\n\n\n\n<p><strong>Optimiser<\/strong> \ud83e\udd29<br>Construire une strat\u00e9gie de communication pour votre restaurant simple, efficace et directement actionnable en r\u00e9pondant \u00e0 5 questions strat\u00e9giques essentielles.<\/p>\n\n<\/div>\n        <\/div>\n                <div class=\"b-imagen-texto__image\">\n            <img loading=\"lazy\" decoding=\"async\" width=\"1037\" height=\"1625\" src=\"https:\/\/www.covermanager.com\/fr\/wp-content\/uploads\/sites\/3\/2025\/03\/Livre-Blanc-Reseaux-Sociaux-Restaurant-CoverManager.jpg\" class=\"attachment-full size-full\" alt=\"Livre Blanc - Re\u0301seaux Sociaux Restaurant CoverManager\" srcset=\"https:\/\/www.covermanager.com\/fr\/wp-content\/uploads\/sites\/3\/2025\/03\/Livre-Blanc-Reseaux-Sociaux-Restaurant-CoverManager.jpg 1037w, https:\/\/www.covermanager.com\/fr\/wp-content\/uploads\/sites\/3\/2025\/03\/Livre-Blanc-Reseaux-Sociaux-Restaurant-CoverManager-191x300.jpg 191w, https:\/\/www.covermanager.com\/fr\/wp-content\/uploads\/sites\/3\/2025\/03\/Livre-Blanc-Reseaux-Sociaux-Restaurant-CoverManager-653x1024.jpg 653w, https:\/\/www.covermanager.com\/fr\/wp-content\/uploads\/sites\/3\/2025\/03\/Livre-Blanc-Reseaux-Sociaux-Restaurant-CoverManager-768x1203.jpg 768w, https:\/\/www.covermanager.com\/fr\/wp-content\/uploads\/sites\/3\/2025\/03\/Livre-Blanc-Reseaux-Sociaux-Restaurant-CoverManager-980x1536.jpg 980w\" sizes=\"auto, (max-width: 1037px) 100vw, 1037px\" \/>        <\/div>\n            <\/div>\n<\/div>\n\n\n\n\n\n\n<div id=\"block_248e7025d2314aff53a5e0bfafeb86a5\" class=\"bisiesto-block b-landing-formulario  is-style-dark is-layout-constrained alignfull\">\n    <div class=\"b-landing-formulario__wrapper alignwide b-landing-formulario--inverted\">\n        <div class=\"b-landing-formulario__heading\" data-aos=\"fade-up\">\n                            <img loading=\"lazy\" decoding=\"async\" width=\"595\" height=\"842\" src=\"https:\/\/www.covermanager.com\/fr\/wp-content\/uploads\/sites\/3\/2025\/03\/Reseaux-Sociaux-preview.jpg\" class=\"b-landing-formulario__image\" alt=\"Livre blanc - Re\u0301seaux sociaux restaurant preview\" srcset=\"https:\/\/www.covermanager.com\/fr\/wp-content\/uploads\/sites\/3\/2025\/03\/Reseaux-Sociaux-preview.jpg 595w, https:\/\/www.covermanager.com\/fr\/wp-content\/uploads\/sites\/3\/2025\/03\/Reseaux-Sociaux-preview-212x300.jpg 212w\" sizes=\"auto, (max-width: 595px) 100vw, 595px\" \/>                        <h2 class=\"b-landing-formulario__heading\">Livre Blanc \u00e0 t\u00e9l\u00e9charger \ud83e\uddd1\u200d\ud83c\udf73<\/h2>        <\/div>\n        <div class=\"b-landing-formulario__form u_text-positive\" data-aos=\"fade-up\">\n                                    <div class='_form_126'><\/div><script type='text\/javascript' src='https:\/\/covermanager.activehosted.com\/f\/embed.php?static=0&#038;id=126&#038;69FA3ECB058D6&#038;nostyles=1&#038;preview=0'><\/script>        <\/div>\n        <div class=\"b-landing-formulario__content\" data-aos=\"fade-up\">\n            <div class=\"is-prose\"><\/div>\n        <\/div>\n    <\/div>\n<\/div>\n\n\n\n\n","protected":false},"excerpt":{"rendered":"","protected":false},"author":9,"featured_media":0,"parent":0,"menu_order":0,"comment_status":"closed","ping_status":"closed","template":"page-landing.php","meta":{"_acf_changed":false,"footnotes":""},"class_list":["post-8326","page","type-page","status-publish","hentry"],"acf":[],"_links":{"self":[{"href":"https:\/\/www.covermanager.com\/fr\/wp-json\/wp\/v2\/pages\/8326","targetHints":{"allow":["GET"]}}],"collection":[{"href":"https:\/\/www.covermanager.com\/fr\/wp-json\/wp\/v2\/pages"}],"about":[{"href":"https:\/\/www.covermanager.com\/fr\/wp-json\/wp\/v2\/types\/page"}],"author":[{"embeddable":true,"href":"https:\/\/www.covermanager.com\/fr\/wp-json\/wp\/v2\/users\/9"}],"replies":[{"embeddable":true,"href":"https:\/\/www.covermanager.com\/fr\/wp-json\/wp\/v2\/comments?post=8326"}],"version-history":[{"count":7,"href":"https:\/\/www.covermanager.com\/fr\/wp-json\/wp\/v2\/pages\/8326\/revisions"}],"predecessor-version":[{"id":8495,"href":"https:\/\/www.covermanager.com\/fr\/wp-json\/wp\/v2\/pages\/8326\/revisions\/8495"}],"wp:attachment":[{"href":"https:\/\/www.covermanager.com\/fr\/wp-json\/wp\/v2\/media?parent=8326"}],"curies":[{"name":"wp","href":"https:\/\/api.w.org\/{rel}","templated":true}]}}