{"id":11,"date":"2024-08-05T07:51:25","date_gmt":"2024-08-05T07:51:25","guid":{"rendered":"https:\/\/www.covermanager.com\/?page_id=11"},"modified":"2025-10-24T14:16:53","modified_gmt":"2025-10-24T12:16:53","slug":"richiesta-demo","status":"publish","type":"page","link":"https:\/\/www.covermanager.com\/it\/richiesta-demo\/","title":{"rendered":"Richiesta demo"},"content":{"rendered":"\n\n<div id=\"block_aceafc2ec700eea7b86ac10c8fd05124\" class=\"bisiesto-block b-landing-formulario  is-style-dark is-layout-constrained alignfull\">\n    <div class=\"b-landing-formulario__wrapper alignwide\">\n        <div class=\"b-landing-formulario__heading\" data-aos=\"fade-up\">\n                        <h2 class=\"b-landing-formulario__heading\">Conosci come funziona CoverManager<\/h2>        <\/div>\n        <div class=\"b-landing-formulario__form u_text-positive\" data-aos=\"fade-up\">\n                                    <div class='_form_15'><\/div><script type='text\/javascript' src='https:\/\/covermanager.activehosted.com\/f\/embed.php?static=0&#038;id=15&#038;69F8970A2B0C8&#038;nostyles=1&#038;preview=0'><\/script>        <\/div>\n        <div class=\"b-landing-formulario__content\" data-aos=\"fade-up\">\n            <div class=\"is-prose\">\n\n<p class=\"is-style-h5\">Richiedi una demo del nostro software di gestione delle prenotazioni per scoprire come gli strumenti di CoverManager possono aiutarti ad aumentare la redditivit\u00e0 del tuo ristorante. Durante la demo, uno dei nostri esperti ti mostrer\u00e0 tutte le funzionalit\u00e0 del nostro software e risponder\u00e0 a tutte le tue domande.<\/p>\n\n\n\n<ul class=\"bisiesto-block b-icon-list  alignfull\" id=\"block_6ca6908db0bb60965e44a777a1b3bfbd\">\n            <li class=\"b-icon-list__item\">\n                                    <img decoding=\"async\" src=\"https:\/\/www.covermanager.com\/it\/wp-content\/uploads\/sites\/8\/2024\/08\/Check.svg\" class=\"attachment-full size-full\" alt=\"\" \/>                        <div class=\"content\">Compila il modulo e uno dei nostri esperti ti contatter\u00e0 entro le prossime 24 ore per programmare una demo.<\/div>\n        <\/li>\n            <li class=\"b-icon-list__item\">\n                                    <img decoding=\"async\" src=\"https:\/\/www.covermanager.com\/it\/wp-content\/uploads\/sites\/8\/2024\/08\/Check.svg\" class=\"attachment-full size-full\" alt=\"\" \/>                        <div class=\"content\">Dimostrazione dal vivo della soluzione che meglio si adatta alla tua attivit\u00e0. <\/div>\n        <\/li>\n            <li class=\"b-icon-list__item\">\n                                    <img decoding=\"async\" src=\"https:\/\/www.covermanager.com\/it\/wp-content\/uploads\/sites\/8\/2024\/08\/Check.svg\" class=\"attachment-full size-full\" alt=\"\" \/>                        <div class=\"content\">Tutte le informazioni necessarie per iniziare a utilizzare CoverManager.<\/div>\n        <\/li>\n    <\/ul>\n\n\n\n\n<div id=\"block_c0f0add5787e6e709a3fc04a3b1ea8a4'\" class=\"bisiesto-block b-contact-box \">\n    <div class=\"b-contact-box__content\">\n        <h4 class=\"b-contact-box__text\">Hai domande? Parla ora con un consulente commerciale<\/h4>\n        <div class=\"b-contact-box__phone\">\n            <img decoding=\"async\" src=\"https:\/\/www.covermanager.com\/it\/wp-content\/uploads\/sites\/8\/2024\/08\/icon-phone.svg\" class=\"b-contact-box__icon\" alt=\"\" \/>            <a href=\"tel:+390694505397\" class=\"b-contact-box__phone-link\">+39 06 9450 5397<\/a>\n        <\/div>\n    <\/div>\n\n<\/div>\n\n\n\n\n<p class=\"is-style-h5\"><strong>Con la fiducia di oltre 17.000 clienti in tutto il mondo<\/strong><\/p>\n\n\n\n<figure class=\"wp-block-gallery has-nested-images columns-4 is-cropped wp-block-gallery-1 is-layout-flex wp-block-gallery-is-layout-flex\">\n<figure class=\"wp-block-image size-large\"><img loading=\"lazy\" decoding=\"async\" width=\"1024\" height=\"266\" data-id=\"1011\" src=\"https:\/\/www.covermanager.com\/it\/wp-content\/uploads\/sites\/8\/2024\/09\/bioesseri-1-1024x266.png\" alt=\"\" class=\"wp-image-1011\" srcset=\"https:\/\/www.covermanager.com\/it\/wp-content\/uploads\/sites\/8\/2024\/09\/bioesseri-1-1024x266.png 1024w, https:\/\/www.covermanager.com\/it\/wp-content\/uploads\/sites\/8\/2024\/09\/bioesseri-1-300x78.png 300w, https:\/\/www.covermanager.com\/it\/wp-content\/uploads\/sites\/8\/2024\/09\/bioesseri-1-768x199.png 768w, https:\/\/www.covermanager.com\/it\/wp-content\/uploads\/sites\/8\/2024\/09\/bioesseri-1.png 1051w\" sizes=\"auto, (max-width: 1024px) 100vw, 1024px\" \/><\/figure>\n\n\n\n<figure class=\"wp-block-image size-large\"><img loading=\"lazy\" decoding=\"async\" width=\"1024\" height=\"1024\" data-id=\"1017\" src=\"https:\/\/www.covermanager.com\/it\/wp-content\/uploads\/sites\/8\/2024\/09\/justme-1-1024x1024.png\" alt=\"\" class=\"wp-image-1017\" srcset=\"https:\/\/www.covermanager.com\/it\/wp-content\/uploads\/sites\/8\/2024\/09\/justme-1-1024x1024.png 1024w, https:\/\/www.covermanager.com\/it\/wp-content\/uploads\/sites\/8\/2024\/09\/justme-1-300x300.png 300w, https:\/\/www.covermanager.com\/it\/wp-content\/uploads\/sites\/8\/2024\/09\/justme-1-150x150.png 150w, https:\/\/www.covermanager.com\/it\/wp-content\/uploads\/sites\/8\/2024\/09\/justme-1-768x768.png 768w, https:\/\/www.covermanager.com\/it\/wp-content\/uploads\/sites\/8\/2024\/09\/justme-1.png 1280w\" sizes=\"auto, (max-width: 1024px) 100vw, 1024px\" \/><\/figure>\n\n\n\n<figure class=\"wp-block-image size-large\"><img loading=\"lazy\" decoding=\"async\" width=\"1024\" height=\"474\" data-id=\"1016\" src=\"https:\/\/www.covermanager.com\/it\/wp-content\/uploads\/sites\/8\/2024\/09\/il-reffetorio-1-1024x474.png\" alt=\"\" class=\"wp-image-1016\" srcset=\"https:\/\/www.covermanager.com\/it\/wp-content\/uploads\/sites\/8\/2024\/09\/il-reffetorio-1-1024x474.png 1024w, https:\/\/www.covermanager.com\/it\/wp-content\/uploads\/sites\/8\/2024\/09\/il-reffetorio-1-300x139.png 300w, https:\/\/www.covermanager.com\/it\/wp-content\/uploads\/sites\/8\/2024\/09\/il-reffetorio-1-768x356.png 768w, https:\/\/www.covermanager.com\/it\/wp-content\/uploads\/sites\/8\/2024\/09\/il-reffetorio-1.png 1080w\" sizes=\"auto, (max-width: 1024px) 100vw, 1024px\" \/><\/figure>\n\n\n\n<figure class=\"wp-block-image size-large\"><img loading=\"lazy\" decoding=\"async\" width=\"550\" height=\"144\" data-id=\"1010\" src=\"https:\/\/www.covermanager.com\/it\/wp-content\/uploads\/sites\/8\/2024\/09\/baghetto-1.png\" alt=\"\" class=\"wp-image-1010\" srcset=\"https:\/\/www.covermanager.com\/it\/wp-content\/uploads\/sites\/8\/2024\/09\/baghetto-1.png 550w, https:\/\/www.covermanager.com\/it\/wp-content\/uploads\/sites\/8\/2024\/09\/baghetto-1-300x79.png 300w\" sizes=\"auto, (max-width: 550px) 100vw, 550px\" \/><\/figure>\n\n\n\n<figure class=\"wp-block-image size-full\"><img loading=\"lazy\" decoding=\"async\" width=\"187\" height=\"175\" data-id=\"977\" src=\"https:\/\/www.covermanager.com\/it\/wp-content\/uploads\/sites\/8\/2024\/09\/sesto-gusto.png\" alt=\"sesto gusto\" class=\"wp-image-977\"\/><\/figure>\n\n\n\n<figure class=\"wp-block-image size-full\"><img loading=\"lazy\" decoding=\"async\" width=\"847\" height=\"248\" data-id=\"1008\" src=\"https:\/\/www.covermanager.com\/it\/wp-content\/uploads\/sites\/8\/2024\/09\/andrea-monesi-1.png\" alt=\"andrea monesi\" class=\"wp-image-1008\" srcset=\"https:\/\/www.covermanager.com\/it\/wp-content\/uploads\/sites\/8\/2024\/09\/andrea-monesi-1.png 847w, https:\/\/www.covermanager.com\/it\/wp-content\/uploads\/sites\/8\/2024\/09\/andrea-monesi-1-300x88.png 300w, https:\/\/www.covermanager.com\/it\/wp-content\/uploads\/sites\/8\/2024\/09\/andrea-monesi-1-768x225.png 768w\" sizes=\"auto, (max-width: 847px) 100vw, 847px\" \/><\/figure>\n\n\n\n<figure class=\"wp-block-image size-large\"><img loading=\"lazy\" decoding=\"async\" width=\"1024\" height=\"474\" data-id=\"1016\" src=\"https:\/\/www.covermanager.com\/it\/wp-content\/uploads\/sites\/8\/2024\/09\/il-reffetorio-1-1024x474.png\" alt=\"il reffetori\" class=\"wp-image-1016\" srcset=\"https:\/\/www.covermanager.com\/it\/wp-content\/uploads\/sites\/8\/2024\/09\/il-reffetorio-1-1024x474.png 1024w, https:\/\/www.covermanager.com\/it\/wp-content\/uploads\/sites\/8\/2024\/09\/il-reffetorio-1-300x139.png 300w, https:\/\/www.covermanager.com\/it\/wp-content\/uploads\/sites\/8\/2024\/09\/il-reffetorio-1-768x356.png 768w, https:\/\/www.covermanager.com\/it\/wp-content\/uploads\/sites\/8\/2024\/09\/il-reffetorio-1.png 1080w\" sizes=\"auto, (max-width: 1024px) 100vw, 1024px\" \/><\/figure>\n\n\n\n<figure class=\"wp-block-image size-full\"><img loading=\"lazy\" decoding=\"async\" width=\"330\" height=\"330\" data-id=\"1012\" src=\"https:\/\/www.covermanager.com\/it\/wp-content\/uploads\/sites\/8\/2024\/09\/cocciuto-1.png\" alt=\"cocciuto\" class=\"wp-image-1012\" srcset=\"https:\/\/www.covermanager.com\/it\/wp-content\/uploads\/sites\/8\/2024\/09\/cocciuto-1.png 330w, https:\/\/www.covermanager.com\/it\/wp-content\/uploads\/sites\/8\/2024\/09\/cocciuto-1-300x300.png 300w, https:\/\/www.covermanager.com\/it\/wp-content\/uploads\/sites\/8\/2024\/09\/cocciuto-1-150x150.png 150w\" sizes=\"auto, (max-width: 330px) 100vw, 330px\" \/><\/figure>\n<\/figure>\n\n<\/div>\n        <\/div>\n    <\/div>\n<\/div>\n\n\n\n\n\n\n\n\n","protected":false},"excerpt":{"rendered":"","protected":false},"author":1,"featured_media":0,"parent":0,"menu_order":0,"comment_status":"closed","ping_status":"closed","template":"page-landing.php","meta":{"_acf_changed":false,"footnotes":""},"class_list":["post-11","page","type-page","status-publish","hentry"],"acf":[],"_links":{"self":[{"href":"https:\/\/www.covermanager.com\/it\/wp-json\/wp\/v2\/pages\/11","targetHints":{"allow":["GET"]}}],"collection":[{"href":"https:\/\/www.covermanager.com\/it\/wp-json\/wp\/v2\/pages"}],"about":[{"href":"https:\/\/www.covermanager.com\/it\/wp-json\/wp\/v2\/types\/page"}],"author":[{"embeddable":true,"href":"https:\/\/www.covermanager.com\/it\/wp-json\/wp\/v2\/users\/1"}],"replies":[{"embeddable":true,"href":"https:\/\/www.covermanager.com\/it\/wp-json\/wp\/v2\/comments?post=11"}],"version-history":[{"count":28,"href":"https:\/\/www.covermanager.com\/it\/wp-json\/wp\/v2\/pages\/11\/revisions"}],"predecessor-version":[{"id":7851,"href":"https:\/\/www.covermanager.com\/it\/wp-json\/wp\/v2\/pages\/11\/revisions\/7851"}],"wp:attachment":[{"href":"https:\/\/www.covermanager.com\/it\/wp-json\/wp\/v2\/media?parent=11"}],"curies":[{"name":"wp","href":"https:\/\/api.w.org\/{rel}","templated":true}]}}