{"id":416,"date":"2024-08-12T15:10:34","date_gmt":"2024-08-12T13:10:34","guid":{"rendered":"https:\/\/www.covermanager.com\/it\/?page_id=416"},"modified":"2024-10-29T14:10:25","modified_gmt":"2024-10-29T13:10:25","slug":"politica-dei-cookie","status":"publish","type":"page","link":"https:\/\/www.covermanager.com\/it\/politica-dei-cookie\/","title":{"rendered":"Politica sui cookie"},"content":{"rendered":"\n\n\n\n\n<h1 class=\"wp-block-heading\">Politica sui cookie<\/h1>\n\n\n\n<h3 class=\"wp-block-heading\"><strong>1. Cosa sono i cookie?<\/strong><\/h3>\n\n\n\n<p>In CoverManager utilizziamo cookie e\/o tecnologie simili che memorizzano e recuperano informazioni durante la navigazione, per offrirti una migliore esperienza web. In generale, queste tecnologie possono servire a scopi molto diversi, come ad esempio riconoscerti come utente, ottenere informazioni sulle tue abitudini di navigazione o personalizzare la modalit\u00e0 di visualizzazione dei contenuti. Gli usi specifici che facciamo di queste tecnologie sono descritti di seguito.<\/p>\n\n\n\n<h3 class=\"wp-block-heading\"><strong>2. Tipi di cookie<\/strong><\/h3>\n\n\n\n<h4 class=\"wp-block-heading\">A seconda dell&#8217;entit\u00e0 che gestisce il computer o dominio da cui vengono inviati i cookie ed elabora i dati ottenuti, possiamo distinguere:<\/h4>\n\n\n\n<ul class=\"wp-block-list\">\n<li><strong>Cookie propri:<\/strong> Sono quelli inviati al dispositivo dell&#8217;utente da un computer o da un dominio gestito dall&#8217;editore stesso e da cui viene fornito il servizio richiesto dall&#8217;utente. Sono chiamati anche cookie di prima parte. Nel riquadro sottostante puoi vedere quali Cookie appartengono direttamente a CoverManager.<\/li>\n\n\n\n<li><\/li>\n\n\n\n<li><strong>Cookie di terzi:<\/strong> Sono quelle inviate al dispositivo dell&#8217;utente da un computer o da un dominio che non \u00e8 gestito dall&#8217;editore, ma da un&#8217;altra entit\u00e0 che tratta i dati ottenuti attraverso i cookie. Sono chiamati anche cookie di terza parte.<\/li>\n<\/ul>\n\n\n\n<p>Nel caso in cui i cookie siano installati da un computer o dominio gestito dall&#8217;editore stesso ma le informazioni raccolte attraverso di essi sono gestite da una terza parte, sono considerati cookie di terza parte.<br>In particolare in CoverManager utilizziamo i cookie di Stripe, Tidio e Google, tra gli altri. Puoi controllare la tabella dei cookie completa di seguito. CoverManager utilizzer\u00e0 cookie di terze parti solo per scopi di marketing.<\/p>\n\n\n\n<p><strong>In base al periodo di tempo in cui rimangono attivati nell&#8217;dispositivo possiamo distinguere:<\/strong><\/p>\n\n\n\n<ul class=\"wp-block-list\">\n<li><strong>Cookie di sessione:<\/strong> Sono un tipo di cookie progettati per raccogliere e memorizzare dati quando l&#8217;utente accede a un sito web. Essi sono spesso utilizzati per memorizzare informazioni che sono utili per la fornitura del servizio richiesto dall&#8217;utente in un&#8217;unica occasione (ad esempio: un elenco di prodotti acquistati). Questi cookie vengono automaticamente cancellati quando l&#8217;utente chiude il suo browser. Nella casella Cookie troverai specificati quali sono i Cookie di sessione.<\/li>\n\n\n\n<li><strong>Cookie permanenti:<\/strong> Si tratta di un tipo di cookie in cui i dati sono ancora memorizzati nel dispositivo e possono essere accessibili e trattati per un periodo definito dal responsabile del cookie, che pu\u00f2 andare da pochi minuti a diversi anni.<\/li>\n<\/ul>\n\n\n\n<h4 class=\"wp-block-heading\"><strong>A seconda dello scopo per il quale vengono trattati i dati raccolti attraverso i cookie, possiamo distinguere tra:<\/strong><\/h4>\n\n\n\n<p><strong>Cookie tecnici:<\/strong> Si tratta di quelli che consentono all&#8217;utente di navigare su un sito web, una piattaforma o un&#8217;applicazione e di utilizzare le varie opzioni o servizi in essa disponibili, quali il controllo del traffico e della comunicazione dei dati, l&#8217;identificazione della sessione, accedere a parti ad accesso ristretto, ricordare gli elementi che compongono un ordine, utilizzare elementi di sicurezza durante la navigazione o condividere contenuti su social network. Ad esempio, utilizziamo i seguenti Cookie tecnici:<\/p>\n\n\n\n<figure class=\"wp-block-table\"><table><tbody><tr><td class=\"has-text-align-center\" data-align=\"center\">duser<br>initialTab<br>initialView<br>lastDate<br>order<br>status<br>viewByTab<\/td><\/tr><\/tbody><\/table><\/figure>\n\n\n\n\n\n\n\n<ul class=\"wp-block-list\">\n<li><strong>Cookie di personalizzazione: <\/strong>Si tratta di quelli che permettono all&#8217;utente di accedere al servizio con alcune caratteristiche generali predefinite in funzione di una serie di criteri nel dispositivo dell&#8217;utente, come ad esempio la lingua, il tipo di browser attraverso il quale accede al servizio, la configurazione regionale da cui si accede al servizio, ecc. Un esempio di questi cookie \u00e8 CookieConsent.<\/li>\n\n\n\n<li><\/li>\n\n\n\n<li><strong>Cookie di analisi:<\/strong> Si tratta di quelli che consentono al responsabile il monitoraggio e l&#8217;analisi del comportamento degli utenti dei siti a cui sono collegati. Le informazioni raccolte tramite tali cookie sono utilizzate per misurare l&#8217;attivit\u00e0 dei siti web, dell&#8217;applicazione o della piattaforma e per elaborare profili di navigazione degli utenti di tali siti, applicazioni e piattaforme, al fine di migliorare l&#8217;analisi dei dati relativi all&#8217;uso da parte degli utenti del servizio. Utilizziamo i seguenti cookie in questa categoria:<\/li>\n<\/ul>\n\n\n\n<figure class=\"wp-block-table\"><table class=\"has-fixed-layout\"><tbody><tr><td class=\"has-text-align-center\" data-align=\"center\">_gid<br>_fbp<br>_gcl_ua<br>_gat_UA-156208528-1<\/td><\/tr><\/tbody><\/table><\/figure>\n\n\n\n<ul class=\"wp-block-list\">\n<li><strong>Cookie pubblicitari:<\/strong> Sono quelle che consentono la gestione, nel modo pi\u00f9 efficace possibile, degli spazi pubblicitari che l&#8217;editore ha eventualmente inserito in un sito web, applicazione o piattaforma da cui viene fornito il servizio richiesto in base a criteri quali il contenuto modificato o la frequenza con cui vengono visualizzati gli annunci.<\/li>\n\n\n\n<li><strong>Cookie di pubblicit\u00e0 comportamentale:<\/strong> Sono quelli che consentono la gestione, nel modo pi\u00f9 efficace possibile, degli spazi pubblicitari che, in caso, l&#8217;editore ha inserito in un sito web, in un&#8217;applicazione o in una piattaforma da cui fornisce il servizio richiesto. Questi cookie memorizzano informazioni sul comportamento degli utenti ottenute attraverso l&#8217;osservazione continua delle loro abitudini di navigazione, consentendo cos\u00ec di sviluppare un profilo specifico per visualizzare pubblicit\u00e0 in funzione di ci\u00f2.<\/li>\n<\/ul>\n\n\n\n<p>Troverai l&#8217;elenco dei Cookie relativi alla Pubblicit\u00e0 nella sezione Marketing del pannello Cookie.<br>Per quanto riguarda i Trasferimenti Internazionali, \u00e8 possibile conoscere i trasferimenti verso paesi terzi che, ove opportuno, sono effettuati dalle terze parti individuate nella presente cookie policy nelle rispettive policy (si vedano i link forniti nel Cookie Panel) .<\/p>\n\n\n\n<p>Necesario (12)<\/p>\n\n\n\n<p>I cookie necessari aiutano a rendere un sito web utilizzabile attivando funzioni di base come la navigazione nella pagina e l&#8217;accesso ad aree sicure del sito. Il sito web non pu\u00f2 funzionare correttamente senza questi cookie.<br><\/p>\n\n\n\n<figure class=\"wp-block-table\"><table class=\"has-fixed-layout\"><thead><tr><th>Nome<\/th><th>Fornitore<\/th><th>Scopo<\/th><th>Scadenza<\/th><th>Tipo<\/th><\/tr><\/thead><tbody><tr><td>__cfduid [x3]<\/td><td>maxcdn.bootstrapcdn.com<br><a target=\"_blank\" rel=\"noreferrer noopener\" href=\"http:\/\/tidio.co\/en\">Tidio<\/a><\/td><td>Utilizzata dalla rete di contenuti Cloudflare per identificare il traffico web affidabile.<\/td><td>30 giorni<\/td><td>HTTP Cookie<\/td><\/tr><tr><td>__stripe_mid<\/td><td><a target=\"_blank\" rel=\"noreferrer noopener\" href=\"https:\/\/www.covermanager.com\/images\/ppcovermanager.pdf\">Cover Manager<\/a><\/td><td>Questo cookie \u00e8 necessario per effettuare transazioni con carta di credito sul sito web. Servizio fornito da Stripe.com, consente transazioni online senza memorizzare alcuna informazione della carta di credito.<\/td><td>1 anno<\/td><td>HTTP Cookie<\/td><\/tr><tr><td>__stripe_sid<\/td><td><a target=\"_blank\" rel=\"noreferrer noopener\" href=\"https:\/\/www.covermanager.com\/images\/ppcovermanager.pdf\">Cover Manager<\/a><\/td><td>Questo cookie \u00e8 necessario per effettuare transazioni con carta di credito sul sito web. Fornito da Stripe.com, consente transazioni online senza memorizzare alcuna informazione della carta di credito.<br><\/td><td>1 giorno<\/td><td>HTTP Cookie<\/td><\/tr><tr><td>ci_session<\/td><td><a target=\"_blank\" rel=\"noreferrer noopener\" href=\"https:\/\/www.covermanager.com\/images\/ppcovermanager.pdf\">Cover Manager<\/a><\/td><td>Conserva gli stati degli utenti in tutte le richieste della pagina.<\/td><td>13 giorni<\/td><td>HTTP Cookie<\/td><\/tr><tr><td>CookieConsent<\/td><td><a target=\"_blank\" rel=\"noreferrer noopener\" href=\"https:\/\/www.cookiebot.com\/goto\/privacy-policy\/\">Cookiebot<\/a><\/td><td>Memorizza lo stato del consenso dei cookie dell&#8217;utente per il dominio attuale.<\/td><td>1 anno<\/td><td>HTTP Cookie<\/td><\/tr><tr><td>https:\/\/q.stripe.com\/<\/td><td><a target=\"_blank\" rel=\"noreferrer noopener\" href=\"https:\/\/stripe.com\/en-nl\/privacy\">Stripe<\/a><\/td><td>Questo cookie \u00e8 necessario per effettuare transazioni con carta di credito sul sito web. Fornito da Stripe.com, consente transazioni online senza memorizzare alcuna informazione della carta di credito.<\/td><td>Session<\/td><td>Pixel Tracker<\/td><\/tr><tr><td>JSESSIONID<\/td><td><a target=\"_blank\" rel=\"noreferrer noopener\" href=\"https:\/\/newrelic.com\/privacy\">New Relic<\/a><\/td><td>Conserva los estados de los usuarios en todas las peticiones de la p\u00e1gina.<\/td><td>Session<\/td><td>HTTP Cookie<\/td><\/tr><tr><td>m<\/td><td><a target=\"_blank\" rel=\"noreferrer noopener\" href=\"https:\/\/stripe.com\/dk\/privacy\">Stripe<\/a><\/td><td>Conserva gli stati degli utenti in tutte le richieste della pagina.<\/td><td>2 anni<\/td><td>HTTP Cookie<\/td><\/tr><tr><td>tidio_state_vx6nktmgxwc3hsfvt04r92njpsvrzhvi<\/td><td><a target=\"_blank\" rel=\"noreferrer noopener\" href=\"http:\/\/tidio.co\/en\">Tidio<\/a><\/td><td>In sospeso<\/td><td>Persistent<\/td><td>HTML Local Storage<\/td><\/tr><tr><td>tidio_state_vx6nktmgxwc3hsfvt04r92njpsvrzhvi_widget_position<\/td><td><a target=\"_blank\" rel=\"noreferrer noopener\" href=\"http:\/\/tidio.co\/en\">Tidio<\/a><\/td><td>In sospeso<br><\/td><td>Persistent<\/td><td>HTML Local Storage<\/td><\/tr><\/tbody><\/table><\/figure>\n\n\n\n<p>Estad\u00edstica (6)<\/p>\n\n\n\n<p>Las cookies estad\u00edsticas ayudan a los propietarios de p\u00e1ginas web a comprender c\u00f3mo interact\u00faan los visitantes con las p\u00e1ginas web reuniendo y proporcionando informaci\u00f3n de forma an\u00f3nima.<\/p>\n\n\n\n<figure class=\"wp-block-table\"><table class=\"has-fixed-layout\"><thead><tr><th>Nombre<\/th><th>Proveedor<\/th><th>Prop\u00f3sito<\/th><th>Caducidad<\/th><th>Tipo<\/th><\/tr><\/thead><tbody><tr><td>_ga<\/td><td><a target=\"_blank\" rel=\"noreferrer noopener\" href=\"https:\/\/policies.google.com\/privacy\">Google<\/a><\/td><td>Memorizza un identificativo unico utilizzato per generare dati statistici su come il visitatore utilizza il sito web.<\/td><td>2 anni<br><\/td><td>HTTP Cookie<\/td><\/tr><tr><td>_ga_#<\/td><td><a target=\"_blank\" rel=\"noreferrer noopener\" href=\"https:\/\/www.covermanager.com\/images\/ppcovermanager.pdf\">Cover Manager<\/a><\/td><td>Raccoglie dati sul numero di volte che un utente ha visitato il sito web, oltre alle date della prima visita e dell&#8217;ultima. Utilizzato da Google Analytics.<\/td><td>2 anni<br><\/td><td>HTTP Cookie<\/td><\/tr><tr><td>_gat<\/td><td><a target=\"_blank\" rel=\"noreferrer noopener\" href=\"https:\/\/policies.google.com\/privacy\">Google<\/a><\/td><td>Utilizzato da Google Analytics per controllare la frequenza delle richieste.<\/td><td>1 giorno<br><\/td><td>HTTP Cookie<\/td><\/tr><tr><td>_gid<\/td><td><a target=\"_blank\" rel=\"noreferrer noopener\" href=\"https:\/\/policies.google.com\/privacy\">Google<\/a><\/td><td>Memorizza un identificativo unico utilizzato per generare dati statistici su come il visitatore utilizza il sito web.<\/td><td>1 giorno<br><\/td><td>HTTP Cookie<\/td><\/tr><tr><td>events\/1\/c55b4e89ce<\/td><td><a target=\"_blank\" rel=\"noreferrer noopener\" href=\"https:\/\/newrelic.com\/privacy\">New Relic<\/a><\/td><td>In sospeso<br><\/td><td>Session<\/td><td>Pixel Tracker<\/td><\/tr><tr><td>jserrors\/1\/#<\/td><td><a target=\"_blank\" rel=\"noreferrer noopener\" href=\"https:\/\/newrelic.com\/privacy\">New Relic<\/a><\/td><td>In sospeso<\/td><td>Session<\/td><td>Pixel Tracker<\/td><\/tr><\/tbody><\/table><\/figure>\n\n\n\n<p>Marketing (9)<\/p>\n\n\n\n<p>I cookie di marketing vengono utilizzati per tracciare i visitatori sui siti web. L&#8217;intenzione \u00e8 mostrare annunci rilevanti e attraenti per l&#8217;utente, rendendoli quindi pi\u00f9 preziosi per editori e inserzionisti terzi.<\/p>\n\n\n\n<figure class=\"wp-block-table\"><table class=\"has-fixed-layout\"><thead><tr><th>Nome<\/th><th>Fornitore<\/th><th>Scopo<\/th><th>Scadenza<\/th><th>Tipo<\/th><\/tr><\/thead><tbody><tr><td>_fbp<\/td><td><a target=\"_blank\" rel=\"noreferrer noopener\" href=\"https:\/\/www.facebook.com\/policy.php\">Facebook<\/a><\/td><td>Utilizzata da Facebook per fornire una serie di prodotti pubblicitari, come offerte in tempo reale di inserzionisti terzi.<\/td><td>3 mesi<\/td><td>HTTP Cookie<\/td><\/tr><tr><td>_gcl_au<\/td><td><a target=\"_blank\" rel=\"noreferrer noopener\" href=\"https:\/\/policies.google.com\/privacy\">Google Tag Manager<\/a><\/td><td>Utilizzata da Google AdSense per sperimentare l&#8217;efficacia pubblicitaria sui siti web che utilizzano i suoi servizi.<\/td><td>3 mesi<br><\/td><td>HTTP Cookie<\/td><\/tr><tr><td>fr<\/td><td><a target=\"_blank\" rel=\"noreferrer noopener\" href=\"https:\/\/www.facebook.com\/policies\/cookies\/\">Facebook<\/a><\/td><td>Utilizzata da Facebook per fornire una serie di prodotti pubblicitari, come le offerte in tempo reale di inserzionisti terzi.<\/td><td>3 mesi<br><\/td><td>HTTP Cookie<\/td><\/tr><tr><td>IDE<\/td><td><a target=\"_blank\" rel=\"noreferrer noopener\" href=\"https:\/\/policies.google.com\/privacy\">Google<\/a><\/td><td>Utilizzata da Google DoubleClick per registrare e segnalare le azioni dell&#8217;utente sul sito web dopo aver visualizzato o cliccato su uno degli annunci dell&#8217;inserzionista, con l&#8217;obiettivo di misurare l&#8217;efficacia di un annuncio e mostrare annunci specifici per l&#8217;utente.<\/td><td>1 anno<\/td><td>HTTP Cookie<\/td><\/tr><tr><td>pagead\/1p-user-list\/#<\/td><td><a target=\"_blank\" rel=\"noreferrer noopener\" href=\"https:\/\/policies.google.com\/privacy\">Google<\/a><\/td><td>Utilizzata per tracciare se il visitatore ha mostrato un interesse specifico per prodotti o eventi su pi\u00f9 siti web e per rilevare come il visitatore naviga tra i siti. Questo serve a misurare l&#8217;efficacia degli sforzi pubblicitari e facilitare la frequenza di diffusione tra i siti.<\/td><td>Session<\/td><td>Pixel Tracker<\/td><\/tr><tr><td>pagead\/landing [x2]<\/td><td><a target=\"_blank\" rel=\"noreferrer noopener\" href=\"https:\/\/policies.google.com\/privacy\">Google<\/a><\/td><td>Raccoglie informazioni sul comportamento dell&#8217;utente su diversi siti web per mostrare pubblicit\u00e0 pi\u00f9 rilevante. Permette inoltre al sito di limitare il numero di volte in cui l&#8217;utente visualizza lo stesso annuncio.<\/td><td>Session<\/td><td>Pixel Tracker<\/td><\/tr><tr><td>test_cookie<\/td><td><a target=\"_blank\" rel=\"noreferrer noopener\" href=\"https:\/\/policies.google.com\/privacy\">Google<\/a><\/td><td>Utilizzata per verificare se il browser dell&#8217;utente supporta i cookie.<\/td><td>1 giorno<\/td><td>HTTP Cookie<\/td><\/tr><tr><td>tr<\/td><td><a target=\"_blank\" rel=\"noreferrer noopener\" href=\"https:\/\/www.facebook.com\/policies\/cookies\/\">Facebook<\/a><\/td><td>Utilizzata da Facebook per fornire una serie di prodotti pubblicitari, come le offerte in tempo reale di inserzionisti terzi.<\/td><td>Session<\/td><td>Pixel Tracker<\/td><\/tr><\/tbody><\/table><\/figure>\n\n\n\n<h3 class=\"wp-block-heading\">3. <strong>Modalit\u00e0 per accettare, negare, revocare il consenso o eliminare i cookie.<\/strong><\/h3>\n\n\n\n<p>Quando l&#8217;utente accede a questo sito web per la prima volta, ha la possibilit\u00e0 di concedere o negare il consenso all&#8217;uso dei cookie tramite il messaggio informativo che appare sullo schermo. Il messaggio informativo rimarr\u00e0 visibile fino a quando l&#8217;utente non concede il consenso, lo nega o configura i cookie secondo le proprie preferenze.<\/p>\n\n\n\n<p>L&#8217;utente pu\u00f2 ritirare il consenso precedentemente concesso o configurare i cookie in qualsiasi momento, dal widget di consenso o nella sezione finale di questa pagina.<\/p>\n\n\n\n<h3 class=\"wp-block-heading\">4. <strong>Informazioni sui cookie fornite dal browser.<\/strong><\/h3>\n\n\n\n<p>I cookie installati sul dispositivo possono essere consentiti, bloccati o eliminati configurando le opzioni del browser installato sul dispositivo. \u00c8 possibile configurare il browser affinch\u00e9 notifichi la ricezione di nuovi cookie sullo schermo e impedisca la loro installazione. L&#8217;utente pu\u00f2 revocare il consenso precedentemente concesso per l&#8217;installazione dei cookie ed eliminarli. Eliminando i cookie, alcuni servizi o funzionalit\u00e0 di determinati siti web potrebbero risultare parzialmente o totalmente limitati. Ogni browser pu\u00f2 essere configurato per accettare o rifiutare tutti i cookie oppure per selezionare quali cookie consentire o bloccare. Di seguito i link alle pagine che forniscono informazioni su come configurare i principali browser:<\/p>\n\n\n\n<ul class=\"wp-block-list\">\n<li>Microsoft Explorer:<br><a>https:\/\/support.microsoft.com\/es-es\/windows\/cambiar-la-configuraci%C3%B3n-de-seguridad-y-privacidad-de-internet-explorer-11-9528b011-664c-b771-d757-43a2b78b2afe#ie=ie-11<\/a><\/li>\n\n\n\n<li>Mozilla Firefox:<br><a>http:\/\/support.mozilla.org\/es\/kb\/cookies-informacion-que-los-sitios-web-guardan-en-?redirectlocale=en-US&amp;redirectslug=Cookies<\/a><\/li>\n\n\n\n<li>Google Chrome:<br><a>https:\/\/support.google.com\/chrome\/answer\/95647?hl=es<\/a><\/li>\n\n\n\n<li>Safari:<br><a>https:\/\/support.apple.com\/es-es\/105082<\/a><\/li>\n<\/ul>\n\n\n\n<p>El \u201cComplemento de inhabilitaci\u00f3n para navegadores de Google Analytics\u201d a trav\u00e9s de cuyas instrucciones pueden rechazarse las cookies anal\u00edticas de dicho servicio en todos los navegadores, se puede obtener a trav\u00e9s del enlace<a>https:\/\/tools.google.com\/dlpage\/gaoptout<\/a><\/p>\n\n\n\n<p>En la siguiente p\u00e1gina se puede consultar la pol\u00edtica de privacidad de Google: <a>https:\/\/policies.google.com\/privacy?hl=es&amp;gl=es<\/a><\/p>\n\n\n\n<p>En la siguiente p\u00e1gina se puede consultar c\u00f3mo utiliza Google las cookies:<a>https:\/\/policies.google.com\/technologies\/cookies?hl=es<\/a><\/p>\n\n\n\n<p>En la siguiente p\u00e1gina se puede consultar qu\u00e9 tipos de cookies utiliza Google: <a>https:\/\/policies.google.com\/technologies\/cookies?hl=es#types-of-cookies<\/a><\/p>\n\n\n\n<h3 class=\"wp-block-heading\">5. <strong>Modifiche alla politica sui cookie:<\/strong><\/h3>\n\n\n\n<p>CoverManager pu\u00f2 apportare modifiche alla Politica sui Cookie a seguito di cambiamenti nelle finalit\u00e0 d&#8217;uso dei cookie o dei terzi che li utilizzano; a tal fine, verr\u00e0 richiesto all&#8217;utente di rinnovare il consenso e di prendere una nuova decisione riguardo ai cookie.<\/p>\n\n\n\n<h3 class=\"wp-block-heading\">6. <strong>Altre informazioni ai sensi dell&#8217;articolo 13 del GDPR<\/strong><\/h3>\n\n\n\n<p>n relazione alle informazioni richieste dall\u2019articolo 13 del GDPR che non riguardano specificamente i cookie, queste sono disponibili per l\u2019utente nella politica sulla privacy del sito web.<\/p>\n\n\n\n<p>Se hai domande su questa politica sui cookie, puoi contattare Restaurant Booking &amp; Distribution Services S.L., Avenida de la Constituci\u00f3n n\u00ba24, quarto piano (41001, Siviglia), titolare del portale accessibile all\u2019URL <a href=\"https:\/\/www.covermanager.com\/es\">https:\/\/www.covermanager.com\/<\/a>it\/.<\/p>\n\n\n\n<div id=\"block_839bcac24ba7067d9d975a3dd70a9463\" class=\"bisiesto-block b-spacer \" style=\"width:100%; height: clamp(40px, 3.4285714285714vw + 22.857142857143px, 64px);\">\n\n<\/div>\n\n","protected":false},"excerpt":{"rendered":"<p>Politica sui cookie 1. Cosa sono i cookie? In CoverManager utilizziamo cookie e\/o tecnologie simili che memorizzano e recuperano informazioni durante la navigazione, per offrirti una migliore esperienza web. In generale, queste tecnologie possono servire a scopi molto diversi, come ad esempio riconoscerti come utente, ottenere informazioni sulle tue abitudini di navigazione o personalizzare la [&hellip;]<\/p>\n","protected":false},"author":1,"featured_media":0,"parent":0,"menu_order":0,"comment_status":"closed","ping_status":"closed","template":"page-legal.php","meta":{"_acf_changed":false,"footnotes":""},"class_list":["post-416","page","type-page","status-publish","hentry"],"acf":[],"_links":{"self":[{"href":"https:\/\/www.covermanager.com\/it\/wp-json\/wp\/v2\/pages\/416","targetHints":{"allow":["GET"]}}],"collection":[{"href":"https:\/\/www.covermanager.com\/it\/wp-json\/wp\/v2\/pages"}],"about":[{"href":"https:\/\/www.covermanager.com\/it\/wp-json\/wp\/v2\/types\/page"}],"author":[{"embeddable":true,"href":"https:\/\/www.covermanager.com\/it\/wp-json\/wp\/v2\/users\/1"}],"replies":[{"embeddable":true,"href":"https:\/\/www.covermanager.com\/it\/wp-json\/wp\/v2\/comments?post=416"}],"version-history":[{"count":16,"href":"https:\/\/www.covermanager.com\/it\/wp-json\/wp\/v2\/pages\/416\/revisions"}],"predecessor-version":[{"id":7469,"href":"https:\/\/www.covermanager.com\/it\/wp-json\/wp\/v2\/pages\/416\/revisions\/7469"}],"wp:attachment":[{"href":"https:\/\/www.covermanager.com\/it\/wp-json\/wp\/v2\/media?parent=416"}],"curies":[{"name":"wp","href":"https:\/\/api.w.org\/{rel}","templated":true}]}}