{"id":418,"date":"2024-08-12T15:12:57","date_gmt":"2024-08-12T13:12:57","guid":{"rendered":"https:\/\/www.covermanager.com\/it\/?page_id=418"},"modified":"2024-10-29T14:10:18","modified_gmt":"2024-10-29T13:10:18","slug":"note-legali","status":"publish","type":"page","link":"https:\/\/www.covermanager.com\/it\/note-legali\/","title":{"rendered":"Avviso legale"},"content":{"rendered":"\n\n\n\n\n<h1 class=\"wp-block-heading\"><strong>Avviso legale<\/strong><\/h1>\n\n\n\n<p><strong>Denominazione Sociale:<\/strong> Restaurant Booking &amp; Distribution Services S.L.<\/p>\n\n\n\n<p><strong>Nome Commerciale:<\/strong> CoverManager<\/p>\n\n\n\n<p><strong>Sede legale: <\/strong>Avenida de la Constituci\u00f3n n\u00ba24 4\u00aa planta (41001, Sevilla)<\/p>\n\n\n\n<p><strong>NIF:<\/strong> B90227976<\/p>\n\n\n\n<p><strong>Telefono:&nbsp;<\/strong>+34 910 05 27 19<\/p>\n\n\n\n<p><strong>Indirizzo elettronico:<\/strong> contacto@covermanager.com<\/p>\n\n\n\n<p><strong>Dati inseriti per la registrazione: <\/strong>Iscritta nel Registro delle Imprese di Siviglia, volume 6091, foglio 7, pagina SE-106864, 1a voce<\/p>\n\n\n\n<h3 class=\"wp-block-heading\"><strong>Oggetto<\/strong><\/h3>\n\n\n\n<p>Il fornitore, responsabile del sito web, mette a disposizione degli utenti il presente documento volto a conformarsi agli obblighi previsti dalla legge 34\/2002 sui servizi della societ\u00e0 dell&#8217;informazione e del commercio elettronico (LSSI-CE)e informare tutti gli utenti del sito Web in merito alle condizioni d&#8217;uso del sito.<\/p>\n\n\n\n<p>Chiunque acceda a questo sito web assume il ruolo di utente, impegnandosi a rispettare e rispettare rigorosamente le disposizioni qui previste, nonch\u00e9 qualsiasi altra disposizione legale che sia applicabile.<\/p>\n\n\n\n<p>Il fornitore si riserva il diritto di modificare qualsiasi informazione che possa apparire sul sito web, senza che vi sia l&#8217;obbligo di preavvisare o di informare gli utenti di tali modifiche; solo sar\u00e0 sufficiente la pubblicazione sul sito web del fornitore.<\/p>\n\n\n\n<h3 class=\"wp-block-heading\"><strong>Responsabilit\u00e0<\/strong><\/h3>\n\n\n\n<p>Il fornitore \u00e8 esonerato da qualsiasi tipo di responsabilit\u00e0 derivante dalle informazioni pubblicate sul proprio sito web, eccetto nel caso in cui tali informazioni siano state manipolate o inserite da terzi al di fuori di esso.<\/p>\n\n\n\n<p>Il sito web del fornitore pu\u00f2 utilizzare i cookie (piccoli file di informazioni che il server invia al computer di chi accede al sito) per eseguire determinate funzioni che sono considerate essenziali per il corretto funzionamento e la visualizzazione del sito. I cookie utilizzati sul sito hanno, in ogni caso, carattere temporaneo al solo scopo di rendere pi\u00f9 efficace la loro ulteriore trasmissione e scompaiono al termine della sessione dell&#8217;utente. In nessun caso i cookie saranno utilizzati per raccogliere informazioni personali.<\/p>\n\n\n\n<p>Dal sito web del cliente \u00e8 possibile che si venga reindirizzati a contenuti di siti web terzi. Poich\u00e9 il fornitore non \u00e8 sempre in grado di controllare i contenuti introdotti dai terzi sui suoi siti web, questo non si assume alcuna responsabilit\u00e0 in relazione a tali contenuti. In ogni caso, il fornitore dichiara che proceder\u00e0 al ritiro immediato di qualsiasi contenuto che possa essere contrario alla legislazione nazionale o internazionale, alla morale o all&#8217;ordine pubblico, cos\u00ec come del reindirizzamento a tale sito web, informando le autorit\u00e0 competenti del contenuto.<\/p>\n\n\n\n<p>Il fornitore non \u00e8 responsabile delle informazioni e dei contenuti memorizzati, a titolo preventivo ma non limitativo in forum, chat, blogger, commenti, social network o qualsiasi altro mezzo che consenta a terzi di pubblicare contenuti in modo indipendente sul sito web del fornitore. Tuttavia e nel rispetto dell&#8217;art. 11 e 16 della LSSICE, il fornitore \u00e8 a disposizione di tutti gli utenti, autorit\u00e0 e forze dell&#8217;ordine e collabora attivamente alla rimozione o, eventualmente, al blocco di tutti i contenuti che potrebbero incidere o violare la legislazione nazionale o internazionale, i diritti di terzi o la morale e l&#8217;ordine pubblico. Nel caso in cui l&#8217;utente ritenga che sul sito web ci siano contenuti suscettibili di questa classificazione, si prega di informarne immediatamente l&#8217;amministratore del sito.<\/p>\n\n\n\n<p>Questo sito \u00e8 stato revisionato e testato per funzionare correttamente. In linea di principio, il corretto funzionamento pu\u00f2 essere garantito 365 giorni all&#8217;anno, 24 ore al giorno. Tuttavia, il fornitore non esclude la possibilit\u00e0 di errori di programmazione o di cause di forza maggiore, catastrofi naturali, scioperi o circostanze analoghe che rendono impossibile l&#8217;accesso al sito web o ai servizi forniti in tale sito.<\/p>\n\n\n\n<p>Il fornitore, responsabile del sito, \u00e8 esonerato da ogni responsabilit\u00e0 derivante dai prodotti e servizi offerti sul portale dai ristoranti aderenti all&#8217;iniziativa. In nessun caso sar\u00e0 responsabile, n\u00e9 risponder\u00e0 all&#8217;utente, dei servizi e dei termini e condizioni di questi, derivati dall&#8217;acquisto dei buoni offerti da ciascun ristorante membro. Le condizioni di acquisto dei prodotti offerti, e le relative politiche di reso, dipendono da ciascun ristorante allegato al portale.<\/p>\n\n\n\n<p>Tuttavia, Il Fornitore (Covermanager) manterr\u00e0 una vigilanza diligente affinch\u00e9 i prodotti e servizi offerti, e le condizioni di acquisto, soddisfino i criteri di buona fede, che corrispondono allo stato di allarme attuale.<\/p>\n\n\n\n<h3 class=\"wp-block-heading\"><strong>Protezione dei dati personali<\/strong><\/h3>\n\n\n\n<p>Il fornitore \u00e8 profondamente impegnato a rispettare la normativa spagnola in materia di protezione dei dati personali e garantisce il pieno rispetto degli obblighi previsti, nonch\u00e9 l&#8217;attuazione delle misure tecniche ed organizzative necessarie per garantire la sicurezza delle informazioni e dimostrare che esse sono adeguate ed efficaci.<\/p>\n\n\n\n<p>Il fornitore mette a disposizione degli utenti la Politica sulla Privacy informando gli utenti in merito alla politica di protezione dei dati personali.<\/p>\n\n\n\n<h3 class=\"wp-block-heading\"><strong>Propriet\u00e0 intellettuale e industriale<\/strong><\/h3>\n\n\n\n<p>Il sito web, includendo a titolo esemplificativo ma non limitativo la programmazione, l&#8217;editing, la compilazione e altri elementi necessari per il suo funzionamento, i disegni, loghi, testo e\/o grafica, sono di propriet\u00e0 del fornitore o, eventualmente, di terze parti in possesso di licenza o autorizzazione esplicita dell&#8217;autore. Tutti i contenuti del sito web sono adeguatamente protetti dalle norme in materia di propriet\u00e0 intellettuale e industriale e sono iscritti nei relativi registri pubblici.<\/p>\n\n\n\n<p>Indipendentemente dalla loro finalit\u00e0, la riproduzione totale o parziale, l&#8217;uso, l&#8217;utilizzazione, la distribuzione e l&#8217;immissione sul mercato richiedono in ogni caso la preventiva autorizzazione scritta del fornitore. Qualsiasi uso non autorizzato in precedenza da parte del fornitore \u00e8 considerato una grave violazione dei diritti di propriet\u00e0 intellettuale dell&#8217;autore.<\/p>\n\n\n\n<p>I disegni, i loghi, il testo e\/o la grafica esterni al fornitore e che possono apparire sul sito web appartengono ai rispettivi proprietari, e sono essi stessi responsabili di ogni eventuale controversia che possa sorgere nei loro confronti. In ogni caso, il fornitore dispone di un&#8217;autorizzazione esplicita e preventiva da parte degli stessi.<\/p>\n\n\n\n<p>Il fornitore riconosce ai propri titolari i diritti di propriet\u00e0 industriale e intellettuale pertinenti, senza che ci\u00f2 implichi la semplice menzione o la presenza sul sito web di diritti o responsabilit\u00e0 del prestatore su di essi cos\u00ed come non implica il sostegno, la sponsorizzazione o la raccomandazione da parte dello stesso.<\/p>\n\n\n\n<p>Per qualsiasi osservazione su eventuali violazioni dei diritti di propriet\u00e0 intellettuale o industriale e su qualsiasi contenuto del sito web, \u00e8 possibile farlo tramite l&#8217;e-mail del titolare del sito web.<\/p>\n\n\n\n<h3 class=\"wp-block-heading\"><strong>Legge applicabile e giurisdizione<\/strong><\/h3>\n\n\n\n<p>Per la risoluzione di tutte le controversie o questioni relative al presente sito web o alle attivit\u00e0 in esso svolte, si applica la legislazione spagnola, alla quale le parti sono espressamente soggette, essendo competenti per la risoluzione di tutte le controversie derivanti o relative al suo uso le Corti e i Tribunali di Siviglia.<\/p>\n\n\n\n<div id=\"block_c12e27fa7a9073e0fefb285e932b1d48\" class=\"bisiesto-block b-spacer \" style=\"width:100%; height: clamp(40px, 3.4285714285714vw + 22.857142857143px, 64px);\">\n\n<\/div>\n\n","protected":false},"excerpt":{"rendered":"<p>Avviso legale Denominazione Sociale: Restaurant Booking &amp; Distribution Services S.L. Nome Commerciale: CoverManager Sede legale: Avenida de la Constituci\u00f3n n\u00ba24 4\u00aa planta (41001, Sevilla) NIF: B90227976 Telefono:&nbsp;+34 910 05 27 19 Indirizzo elettronico: contacto@covermanager.com Dati inseriti per la registrazione: Iscritta nel Registro delle Imprese di Siviglia, volume 6091, foglio 7, pagina SE-106864, 1a voce Oggetto [&hellip;]<\/p>\n","protected":false},"author":1,"featured_media":0,"parent":0,"menu_order":0,"comment_status":"closed","ping_status":"closed","template":"page-legal.php","meta":{"_acf_changed":false,"footnotes":""},"class_list":["post-418","page","type-page","status-publish","hentry"],"acf":[],"_links":{"self":[{"href":"https:\/\/www.covermanager.com\/it\/wp-json\/wp\/v2\/pages\/418","targetHints":{"allow":["GET"]}}],"collection":[{"href":"https:\/\/www.covermanager.com\/it\/wp-json\/wp\/v2\/pages"}],"about":[{"href":"https:\/\/www.covermanager.com\/it\/wp-json\/wp\/v2\/types\/page"}],"author":[{"embeddable":true,"href":"https:\/\/www.covermanager.com\/it\/wp-json\/wp\/v2\/users\/1"}],"replies":[{"embeddable":true,"href":"https:\/\/www.covermanager.com\/it\/wp-json\/wp\/v2\/comments?post=418"}],"version-history":[{"count":8,"href":"https:\/\/www.covermanager.com\/it\/wp-json\/wp\/v2\/pages\/418\/revisions"}],"predecessor-version":[{"id":1276,"href":"https:\/\/www.covermanager.com\/it\/wp-json\/wp\/v2\/pages\/418\/revisions\/1276"}],"wp:attachment":[{"href":"https:\/\/www.covermanager.com\/it\/wp-json\/wp\/v2\/media?parent=418"}],"curies":[{"name":"wp","href":"https:\/\/api.w.org\/{rel}","templated":true}]}}