{"id":11,"date":"2024-08-05T07:51:25","date_gmt":"2024-08-05T07:51:25","guid":{"rendered":"https:\/\/www.covermanager.com\/?page_id=11"},"modified":"2025-10-24T14:13:59","modified_gmt":"2025-10-24T12:13:59","slug":"solicita-una-demo","status":"publish","type":"page","link":"https:\/\/www.covermanager.com\/mx\/solicita-una-demo\/","title":{"rendered":"Solicita una demo"},"content":{"rendered":"\n\n<div id=\"block_8fd3beff683a2caa46a3c87e878234de\" class=\"bisiesto-block b-landing-formulario  is-style-dark is-layout-constrained alignfull\">\n    <div class=\"b-landing-formulario__wrapper alignwide\">\n        <div class=\"b-landing-formulario__heading\" data-aos=\"fade-up\">\n                        <h1 class=\"b-landing-formulario__heading\">Conoce c\u00f3mo funciona CoverManager<\/h1>        <\/div>\n        <div class=\"b-landing-formulario__form u_text-positive\" data-aos=\"fade-up\">\n                                    <div class='_form_63'><\/div><script type='text\/javascript' src='https:\/\/covermanager.activehosted.com\/f\/embed.php?static=0&#038;id=63&#038;69F27EB3EE5AE&#038;nostyles=1&#038;preview=0'><\/script>        <\/div>\n        <div class=\"b-landing-formulario__content\" data-aos=\"fade-up\">\n            <div class=\"is-prose\">\n\n<p class=\"is-style-h5\">Solicita una demo de nuestro software de gesti\u00f3n de reservaciones para conocer c\u00f3mo las herramientas de CoverManager pueden ayudarte a aumentar la rentabilidad de tu restaurante. Durante la demo, uno de nuestros expertos te mostrar\u00e1 todas las funcionalidades de nuestro software y resolver\u00e1 todas tus dudas.<\/p>\n\n\n\n<ul class=\"bisiesto-block b-icon-list  alignfull\" id=\"block_31de973ff413fa1945c7a11b05648446\">\n            <li class=\"b-icon-list__item\">\n                                    <img decoding=\"async\" src=\"https:\/\/www.covermanager.com\/mx\/wp-content\/uploads\/sites\/10\/2024\/08\/Check.svg\" class=\"attachment-full size-full\" alt=\"Check\" title=\"\">                        <div class=\"content\">Rellena el formulario y uno de nuestros expertos se pondr\u00e1 en contacto contigo en las pr\u00f3ximas 24 horas para agendar una demo.<\/div>\n        <\/li>\n            <li class=\"b-icon-list__item\">\n                                    <img decoding=\"async\" src=\"https:\/\/www.covermanager.com\/mx\/wp-content\/uploads\/sites\/10\/2024\/08\/Check.svg\" class=\"attachment-full size-full\" alt=\"Check\" title=\"\">                        <div class=\"content\">Demostraci\u00f3n en vivo de la soluci\u00f3n que mejor se adapte a tu negocio<\/div>\n        <\/li>\n            <li class=\"b-icon-list__item\">\n                                    <img decoding=\"async\" src=\"https:\/\/www.covermanager.com\/mx\/wp-content\/uploads\/sites\/10\/2024\/08\/Check.svg\" class=\"attachment-full size-full\" alt=\"Check\" title=\"\">                        <div class=\"content\">Toda la informaci\u00f3n necesaria para empezar a utilizar CoverManager.<\/div>\n        <\/li>\n    <\/ul>\n\n\n\n\n<div id=\"block_781d2f526e92a91896d28b825908f84b'\" class=\"bisiesto-block b-contact-box \">\n    <div class=\"b-contact-box__content\">\n        <h4 class=\"b-contact-box__text\">\u00bfTienes dudas? Habla ahora con un consultor comercial<\/h4>\n        <div class=\"b-contact-box__phone\">\n            <img decoding=\"async\" src=\"https:\/\/www.covermanager.com\/mx\/wp-content\/uploads\/sites\/10\/2024\/08\/icon-phone.svg\" class=\"b-contact-box__icon\" alt=\"icon phone\" title=\"\">            <a href=\"tel:+525541629234\" class=\"b-contact-box__phone-link\">+525 55 4162 9234<\/a>\n        <\/div>\n    <\/div>\n\n<\/div>\n\n\n\n\n<p class=\"is-style-h5\"><strong>Con la confianza de m\u00e1s de 16.000 clientes en todo el mundo<\/strong><\/p>\n\n\n\n<figure class=\"wp-block-gallery has-nested-images columns-4 is-cropped wp-block-gallery-1 is-layout-flex wp-block-gallery-is-layout-flex\">\n<figure class=\"wp-block-image size-large\"><img loading=\"lazy\" decoding=\"async\" width=\"1024\" height=\"210\" data-id=\"7960\" src=\"https:\/\/www.covermanager.com\/mx\/wp-content\/uploads\/sites\/10\/2025\/04\/Auna.png\" alt=\"\" class=\"wp-image-7960\" title=\"\" srcset=\"https:\/\/www.covermanager.com\/mx\/wp-content\/uploads\/sites\/10\/2025\/04\/Auna.png 1024w, https:\/\/www.covermanager.com\/mx\/wp-content\/uploads\/sites\/10\/2025\/04\/Auna-300x62.png 300w, https:\/\/www.covermanager.com\/mx\/wp-content\/uploads\/sites\/10\/2025\/04\/Auna-768x158.png 768w\" sizes=\"auto, (max-width: 1024px) 100vw, 1024px\" \/><\/figure>\n\n\n\n<figure class=\"wp-block-image size-large\"><img loading=\"lazy\" decoding=\"async\" width=\"788\" height=\"256\" data-id=\"7963\" src=\"https:\/\/www.covermanager.com\/mx\/wp-content\/uploads\/sites\/10\/2025\/04\/Koli.png\" alt=\"\" class=\"wp-image-7963\" title=\"\" srcset=\"https:\/\/www.covermanager.com\/mx\/wp-content\/uploads\/sites\/10\/2025\/04\/Koli.png 788w, https:\/\/www.covermanager.com\/mx\/wp-content\/uploads\/sites\/10\/2025\/04\/Koli-300x97.png 300w, https:\/\/www.covermanager.com\/mx\/wp-content\/uploads\/sites\/10\/2025\/04\/Koli-768x250.png 768w\" sizes=\"auto, (max-width: 788px) 100vw, 788px\" \/><\/figure>\n\n\n\n<figure class=\"wp-block-image size-large\"><img loading=\"lazy\" decoding=\"async\" width=\"1024\" height=\"448\" data-id=\"7964\" src=\"https:\/\/www.covermanager.com\/mx\/wp-content\/uploads\/sites\/10\/2025\/04\/Levadura-de-olla-1024x448.png\" alt=\"\" class=\"wp-image-7964\" title=\"\" srcset=\"https:\/\/www.covermanager.com\/mx\/wp-content\/uploads\/sites\/10\/2025\/04\/Levadura-de-olla-1024x448.png 1024w, https:\/\/www.covermanager.com\/mx\/wp-content\/uploads\/sites\/10\/2025\/04\/Levadura-de-olla-300x131.png 300w, https:\/\/www.covermanager.com\/mx\/wp-content\/uploads\/sites\/10\/2025\/04\/Levadura-de-olla-768x336.png 768w, https:\/\/www.covermanager.com\/mx\/wp-content\/uploads\/sites\/10\/2025\/04\/Levadura-de-olla.png 1255w\" sizes=\"auto, (max-width: 1024px) 100vw, 1024px\" \/><\/figure>\n\n\n\n<figure class=\"wp-block-image size-large\"><img loading=\"lazy\" decoding=\"async\" width=\"704\" height=\"426\" data-id=\"7966\" src=\"https:\/\/www.covermanager.com\/mx\/wp-content\/uploads\/sites\/10\/2025\/04\/Los-Danzantes.png\" alt=\"\" class=\"wp-image-7966\" title=\"\" srcset=\"https:\/\/www.covermanager.com\/mx\/wp-content\/uploads\/sites\/10\/2025\/04\/Los-Danzantes.png 704w, https:\/\/www.covermanager.com\/mx\/wp-content\/uploads\/sites\/10\/2025\/04\/Los-Danzantes-300x182.png 300w\" sizes=\"auto, (max-width: 704px) 100vw, 704px\" \/><\/figure>\n\n\n\n<figure class=\"wp-block-image size-large\"><img loading=\"lazy\" decoding=\"async\" width=\"500\" height=\"250\" data-id=\"7967\" src=\"https:\/\/www.covermanager.com\/mx\/wp-content\/uploads\/sites\/10\/2025\/04\/Pangea.png\" alt=\"\" class=\"wp-image-7967\" title=\"\" srcset=\"https:\/\/www.covermanager.com\/mx\/wp-content\/uploads\/sites\/10\/2025\/04\/Pangea.png 500w, https:\/\/www.covermanager.com\/mx\/wp-content\/uploads\/sites\/10\/2025\/04\/Pangea-300x150.png 300w\" sizes=\"auto, (max-width: 500px) 100vw, 500px\" \/><\/figure>\n\n\n\n<figure class=\"wp-block-image size-large\"><img loading=\"lazy\" decoding=\"async\" width=\"544\" height=\"219\" data-id=\"7968\" src=\"https:\/\/www.covermanager.com\/mx\/wp-content\/uploads\/sites\/10\/2025\/04\/Sala-de-despecho.png\" alt=\"\" class=\"wp-image-7968\" title=\"\" srcset=\"https:\/\/www.covermanager.com\/mx\/wp-content\/uploads\/sites\/10\/2025\/04\/Sala-de-despecho.png 544w, https:\/\/www.covermanager.com\/mx\/wp-content\/uploads\/sites\/10\/2025\/04\/Sala-de-despecho-300x121.png 300w\" sizes=\"auto, (max-width: 544px) 100vw, 544px\" \/><\/figure>\n\n\n\n<figure class=\"wp-block-image size-large\"><img loading=\"lazy\" decoding=\"async\" width=\"180\" height=\"41\" data-id=\"7969\" src=\"https:\/\/www.covermanager.com\/mx\/wp-content\/uploads\/sites\/10\/2025\/04\/Siembra.png\" alt=\"\" class=\"wp-image-7969\" title=\"\"><\/figure>\n\n\n\n<figure class=\"wp-block-image size-large\"><img loading=\"lazy\" decoding=\"async\" width=\"500\" height=\"400\" data-id=\"7965\" src=\"https:\/\/www.covermanager.com\/mx\/wp-content\/uploads\/sites\/10\/2025\/04\/Limosneros.png\" alt=\"\" class=\"wp-image-7965\" title=\"\" srcset=\"https:\/\/www.covermanager.com\/mx\/wp-content\/uploads\/sites\/10\/2025\/04\/Limosneros.png 500w, https:\/\/www.covermanager.com\/mx\/wp-content\/uploads\/sites\/10\/2025\/04\/Limosneros-300x240.png 300w\" sizes=\"auto, (max-width: 500px) 100vw, 500px\" \/><\/figure>\n<\/figure>\n\n<\/div>\n        <\/div>\n    <\/div>\n<\/div>\n\n\n\n\n\n\n\n<div class=\"wp-block-group alignfull has-black-background-color has-background is-layout-constrained wp-block-group-is-layout-constrained\" style=\"padding-top:var(--wp--preset--spacing--50);padding-bottom:var(--wp--preset--spacing--50)\">\n<p class=\"is-style-caption has-white-color has-text-color has-link-color wp-elements-9c3a5feaefa593e5a4ff7a3f9d8b6b35\">Restaurant Booking &amp; Distribution Services S.L ser\u00e1 el Responsable del tratamiento de tus datos personales con la finalidad de gestionar el env\u00edo de informaci\u00f3n y prospecci\u00f3n comercial relacionada con nuestros servicios y\/o productos. Podr\u00e1s ejercer tus derechos as\u00ed como retirar el consentimiento prestado para el tratamiento a trav\u00e9s de dpo@covermanager.com. M\u00e1s info sobre Protecci\u00f3n de Datos en https:\/\/www.covermanager.com\/politica-privacidad<\/p>\n<\/div>\n","protected":false},"excerpt":{"rendered":"<p>Restaurant Booking &amp; Distribution Services S.L ser\u00e1 el Responsable del tratamiento de tus datos personales con la finalidad de gestionar el env\u00edo de informaci\u00f3n y prospecci\u00f3n comercial relacionada con nuestros servicios y\/o productos. Podr\u00e1s ejercer tus derechos as\u00ed como retirar el consentimiento prestado para el tratamiento a trav\u00e9s de dpo@covermanager.com. M\u00e1s info sobre Protecci\u00f3n de [&hellip;]<\/p>\n","protected":false},"author":1,"featured_media":0,"parent":0,"menu_order":0,"comment_status":"closed","ping_status":"closed","template":"page-landing.php","meta":{"_acf_changed":false,"footnotes":""},"class_list":["post-11","page","type-page","status-publish","hentry"],"acf":[],"_links":{"self":[{"href":"https:\/\/www.covermanager.com\/mx\/wp-json\/wp\/v2\/pages\/11","targetHints":{"allow":["GET"]}}],"collection":[{"href":"https:\/\/www.covermanager.com\/mx\/wp-json\/wp\/v2\/pages"}],"about":[{"href":"https:\/\/www.covermanager.com\/mx\/wp-json\/wp\/v2\/types\/page"}],"author":[{"embeddable":true,"href":"https:\/\/www.covermanager.com\/mx\/wp-json\/wp\/v2\/users\/1"}],"replies":[{"embeddable":true,"href":"https:\/\/www.covermanager.com\/mx\/wp-json\/wp\/v2\/comments?post=11"}],"version-history":[{"count":29,"href":"https:\/\/www.covermanager.com\/mx\/wp-json\/wp\/v2\/pages\/11\/revisions"}],"predecessor-version":[{"id":8172,"href":"https:\/\/www.covermanager.com\/mx\/wp-json\/wp\/v2\/pages\/11\/revisions\/8172"}],"wp:attachment":[{"href":"https:\/\/www.covermanager.com\/mx\/wp-json\/wp\/v2\/media?parent=11"}],"curies":[{"name":"wp","href":"https:\/\/api.w.org\/{rel}","templated":true}]}}