{"id":11,"date":"2024-08-05T07:51:25","date_gmt":"2024-08-05T07:51:25","guid":{"rendered":"https:\/\/www.covermanager.com\/?page_id=11"},"modified":"2025-10-24T14:17:29","modified_gmt":"2025-10-24T12:17:29","slug":"solicitar-uma-demo","status":"publish","type":"page","link":"https:\/\/www.covermanager.com\/pt\/solicitar-uma-demo\/","title":{"rendered":"Solicita uma demonstra\u00e7\u00e3o"},"content":{"rendered":"\n\n<div id=\"block_8a94621310a1ec1491c03a26920f0069\" class=\"bisiesto-block b-landing-formulario  is-style-dark is-layout-constrained alignfull\">\n    <div class=\"b-landing-formulario__wrapper alignwide\">\n        <div class=\"b-landing-formulario__heading\" data-aos=\"fade-up\">\n                        <h2 class=\"b-landing-formulario__heading\">Aprende como funciona a CoverManager<\/h2>        <\/div>\n        <div class=\"b-landing-formulario__form u_text-positive\" data-aos=\"fade-up\">\n                                    <div class='_form_17'><\/div><script type='text\/javascript' src='https:\/\/covermanager.activehosted.com\/f\/embed.php?static=0&#038;id=17&#038;69F9C30676C34&#038;nostyles=1&#038;preview=0'><\/script>        <\/div>\n        <div class=\"b-landing-formulario__content\" data-aos=\"fade-up\">\n            <div class=\"is-prose\">\n\n<p class=\"is-style-h5\">Solicita uma demonstra\u00e7\u00e3o do nosso software de gest\u00e3o de reservas para saber como as ferramentas CoverManager podem ajudar-te a aumentar a rentabilidade do teu restaurante. Durante a demonstra\u00e7\u00e3o, um dos nossos especialistas mostrar\u00e1 todos os recursos do nosso software e responder\u00e1 a todas as tuas perguntas.<\/p>\n\n\n\n<ul class=\"bisiesto-block b-icon-list  alignfull\" id=\"block_4f50bc3db4538cc4d4af0f5001615358\">\n            <li class=\"b-icon-list__item\">\n                                    <img decoding=\"async\" src=\"https:\/\/www.covermanager.com\/pt\/wp-content\/uploads\/sites\/4\/2024\/08\/Check.svg\" class=\"attachment-full size-full\" alt=\"\" \/>                        <div class=\"content\">Preenche o formul\u00e1rio e um dos nossos especialistas entrar\u00e1 em contato contigo dentro de 24 horas para agendar uma demonstra\u00e7\u00e3o.<\/div>\n        <\/li>\n            <li class=\"b-icon-list__item\">\n                                    <img decoding=\"async\" src=\"https:\/\/www.covermanager.com\/pt\/wp-content\/uploads\/sites\/4\/2024\/08\/Check.svg\" class=\"attachment-full size-full\" alt=\"\" \/>                        <div class=\"content\">Demonstra\u00e7\u00e3o ao vivo da solu\u00e7\u00e3o que melhor se adapta ao teu neg\u00f3cio.<\/div>\n        <\/li>\n            <li class=\"b-icon-list__item\">\n                                    <img decoding=\"async\" src=\"https:\/\/www.covermanager.com\/pt\/wp-content\/uploads\/sites\/4\/2024\/08\/Check.svg\" class=\"attachment-full size-full\" alt=\"\" \/>                        <div class=\"content\">Todas as informa\u00e7\u00f5es que precisas para come\u00e7ar a utilizar a CoverManager.<\/div>\n        <\/li>\n    <\/ul>\n\n\n\n\n<div id=\"block_78afc534fa54d8e4b13733039d85dd8a'\" class=\"bisiesto-block b-contact-box \">\n    <div class=\"b-contact-box__content\">\n        <h4 class=\"b-contact-box__text\">Tens d\u00favidas? Fala agora com um consultor de neg\u00f3cios<\/h4>\n        <div class=\"b-contact-box__phone\">\n            <img decoding=\"async\" src=\"https:\/\/www.covermanager.com\/pt\/wp-content\/uploads\/sites\/4\/2024\/08\/icon-phone.svg\" class=\"b-contact-box__icon\" alt=\"\" \/>            <a href=\"tel:+351308807516\" class=\"b-contact-box__phone-link\">+351 308 807 516<\/a>\n        <\/div>\n    <\/div>\n\n<\/div>\n\n\n\n\n<p class=\"is-style-h5\"><strong>Aprovado por mais de 17.000 clientes pelo mundo inteiro<\/strong><\/p>\n\n\n\n<figure class=\"wp-block-gallery has-nested-images columns-4 is-cropped wp-block-gallery-1 is-layout-flex wp-block-gallery-is-layout-flex\">\n<figure class=\"wp-block-image size-large\"><img loading=\"lazy\" decoding=\"async\" width=\"810\" height=\"220\" data-id=\"7428\" src=\"https:\/\/www.covermanager.com\/pt\/wp-content\/uploads\/sites\/4\/2024\/10\/logo-blanco-restaurante-palaciochido.webp\" alt=\"Logo blanco restaurante palacio chido\" class=\"wp-image-7428\" srcset=\"https:\/\/www.covermanager.com\/pt\/wp-content\/uploads\/sites\/4\/2024\/10\/logo-blanco-restaurante-palaciochido.webp 810w, https:\/\/www.covermanager.com\/pt\/wp-content\/uploads\/sites\/4\/2024\/10\/logo-blanco-restaurante-palaciochido-300x81.webp 300w, https:\/\/www.covermanager.com\/pt\/wp-content\/uploads\/sites\/4\/2024\/10\/logo-blanco-restaurante-palaciochido-768x209.webp 768w\" sizes=\"auto, (max-width: 810px) 100vw, 810px\" \/><\/figure>\n\n\n\n<figure class=\"wp-block-image size-large\"><img loading=\"lazy\" decoding=\"async\" width=\"768\" height=\"256\" data-id=\"7432\" src=\"https:\/\/www.covermanager.com\/pt\/wp-content\/uploads\/sites\/4\/2024\/10\/logo-blanco-restaurante-libertos.webp\" alt=\"Logo blanco restaurante Libertos\" class=\"wp-image-7432\" srcset=\"https:\/\/www.covermanager.com\/pt\/wp-content\/uploads\/sites\/4\/2024\/10\/logo-blanco-restaurante-libertos.webp 768w, https:\/\/www.covermanager.com\/pt\/wp-content\/uploads\/sites\/4\/2024\/10\/logo-blanco-restaurante-libertos-300x100.webp 300w\" sizes=\"auto, (max-width: 768px) 100vw, 768px\" \/><\/figure>\n\n\n\n<figure class=\"wp-block-image size-large\"><img loading=\"lazy\" decoding=\"async\" width=\"800\" height=\"400\" data-id=\"7433\" src=\"https:\/\/www.covermanager.com\/pt\/wp-content\/uploads\/sites\/4\/2024\/10\/logo-blanco-restaurante-ocean.webp\" alt=\"Logo blanco restaurante Ocean\" class=\"wp-image-7433\" srcset=\"https:\/\/www.covermanager.com\/pt\/wp-content\/uploads\/sites\/4\/2024\/10\/logo-blanco-restaurante-ocean.webp 800w, https:\/\/www.covermanager.com\/pt\/wp-content\/uploads\/sites\/4\/2024\/10\/logo-blanco-restaurante-ocean-300x150.webp 300w, https:\/\/www.covermanager.com\/pt\/wp-content\/uploads\/sites\/4\/2024\/10\/logo-blanco-restaurante-ocean-768x384.webp 768w\" sizes=\"auto, (max-width: 800px) 100vw, 800px\" \/><\/figure>\n\n\n\n<figure class=\"wp-block-image size-large\"><img loading=\"lazy\" decoding=\"async\" width=\"520\" height=\"520\" data-id=\"7435\" src=\"https:\/\/www.covermanager.com\/pt\/wp-content\/uploads\/sites\/4\/2024\/10\/logo-blanco-restaurante-kampo.webp\" alt=\"Logo blanco restaurante Kampo\" class=\"wp-image-7435\" srcset=\"https:\/\/www.covermanager.com\/pt\/wp-content\/uploads\/sites\/4\/2024\/10\/logo-blanco-restaurante-kampo.webp 520w, https:\/\/www.covermanager.com\/pt\/wp-content\/uploads\/sites\/4\/2024\/10\/logo-blanco-restaurante-kampo-300x300.webp 300w, https:\/\/www.covermanager.com\/pt\/wp-content\/uploads\/sites\/4\/2024\/10\/logo-blanco-restaurante-kampo-150x150.webp 150w\" sizes=\"auto, (max-width: 520px) 100vw, 520px\" \/><\/figure>\n\n\n\n<figure class=\"wp-block-image size-large\"><img loading=\"lazy\" decoding=\"async\" width=\"407\" height=\"120\" data-id=\"7440\" src=\"https:\/\/www.covermanager.com\/pt\/wp-content\/uploads\/sites\/4\/2024\/10\/logo-blanco-restaurante-vktavitaparc.webp\" alt=\"Logo blanco restaurante Vita Vita Parc\" class=\"wp-image-7440\" srcset=\"https:\/\/www.covermanager.com\/pt\/wp-content\/uploads\/sites\/4\/2024\/10\/logo-blanco-restaurante-vktavitaparc.webp 407w, https:\/\/www.covermanager.com\/pt\/wp-content\/uploads\/sites\/4\/2024\/10\/logo-blanco-restaurante-vktavitaparc-300x88.webp 300w\" sizes=\"auto, (max-width: 407px) 100vw, 407px\" \/><\/figure>\n\n\n\n<figure class=\"wp-block-image size-large\"><img loading=\"lazy\" decoding=\"async\" width=\"1024\" height=\"247\" data-id=\"7441\" src=\"https:\/\/www.covermanager.com\/pt\/wp-content\/uploads\/sites\/4\/2024\/10\/logo-blanco-restaurante-theyeatman-1024x247.webp\" alt=\"Logo blanco restaurante The Yeatman\" class=\"wp-image-7441\" srcset=\"https:\/\/www.covermanager.com\/pt\/wp-content\/uploads\/sites\/4\/2024\/10\/logo-blanco-restaurante-theyeatman-1024x247.webp 1024w, https:\/\/www.covermanager.com\/pt\/wp-content\/uploads\/sites\/4\/2024\/10\/logo-blanco-restaurante-theyeatman-300x72.webp 300w, https:\/\/www.covermanager.com\/pt\/wp-content\/uploads\/sites\/4\/2024\/10\/logo-blanco-restaurante-theyeatman-768x185.webp 768w, https:\/\/www.covermanager.com\/pt\/wp-content\/uploads\/sites\/4\/2024\/10\/logo-blanco-restaurante-theyeatman.webp 1280w\" sizes=\"auto, (max-width: 1024px) 100vw, 1024px\" \/><\/figure>\n\n\n\n<figure class=\"wp-block-image size-large\"><img loading=\"lazy\" decoding=\"async\" width=\"210\" height=\"115\" data-id=\"7436\" src=\"https:\/\/www.covermanager.com\/pt\/wp-content\/uploads\/sites\/4\/2024\/10\/logo-blanco-restaurante-ilovenicolau.webp\" alt=\"I Love Nicolau\" class=\"wp-image-7436\"\/><\/figure>\n\n\n\n<figure class=\"wp-block-image size-large\"><img loading=\"lazy\" decoding=\"async\" width=\"1024\" height=\"730\" data-id=\"7439\" src=\"https:\/\/www.covermanager.com\/pt\/wp-content\/uploads\/sites\/4\/2024\/10\/logo-blanco-restaurante-avertavira-1024x730.webp\" alt=\"Logo blanco restaurante A ver Tavira\" class=\"wp-image-7439\" srcset=\"https:\/\/www.covermanager.com\/pt\/wp-content\/uploads\/sites\/4\/2024\/10\/logo-blanco-restaurante-avertavira-1024x730.webp 1024w, https:\/\/www.covermanager.com\/pt\/wp-content\/uploads\/sites\/4\/2024\/10\/logo-blanco-restaurante-avertavira-300x214.webp 300w, https:\/\/www.covermanager.com\/pt\/wp-content\/uploads\/sites\/4\/2024\/10\/logo-blanco-restaurante-avertavira-768x547.webp 768w, https:\/\/www.covermanager.com\/pt\/wp-content\/uploads\/sites\/4\/2024\/10\/logo-blanco-restaurante-avertavira.webp 1200w\" sizes=\"auto, (max-width: 1024px) 100vw, 1024px\" \/><\/figure>\n<\/figure>\n\n<\/div>\n        <\/div>\n    <\/div>\n<\/div>\n\n\n\n\n\n\n\n<div class=\"wp-block-group alignfull has-black-background-color has-background is-layout-constrained wp-block-group-is-layout-constrained\" style=\"padding-top:var(--wp--preset--spacing--50);padding-bottom:var(--wp--preset--spacing--50)\">\n<p class=\"is-style-caption has-white-color has-text-color has-link-color wp-elements-b20eafe24ab30d941be976825156835a\">A Restaurant Booking &amp; Distribution Services S.L ser\u00e1 a Entidade Respons\u00e1vel pelo tratamento dos seus dados pessoais com o objetivo de gerir o envio de informa\u00e7\u00f5es e prospec\u00e7\u00e3o comercial relacionada com os nossos servi\u00e7os e\/ou produtos. Poder\u00e1 exercer os seus direitos, bem como retirar o consentimento prestado para o tratamento, atrav\u00e9s do endere\u00e7o de e-mail dpo@covermanager.com. Mais informa\u00e7\u00f5es sobre a Prote\u00e7\u00e3o de Dados podem ser encontradas em https:\/\/www.covermanager.com\/politica-privacidad.<\/p>\n<\/div>\n","protected":false},"excerpt":{"rendered":"<p>A Restaurant Booking &amp; Distribution Services S.L ser\u00e1 a Entidade Respons\u00e1vel pelo tratamento dos seus dados pessoais com o objetivo de gerir o envio de informa\u00e7\u00f5es e prospec\u00e7\u00e3o comercial relacionada com os nossos servi\u00e7os e\/ou produtos. Poder\u00e1 exercer os seus direitos, bem como retirar o consentimento prestado para o tratamento, atrav\u00e9s do endere\u00e7o de e-mail [&hellip;]<\/p>\n","protected":false},"author":1,"featured_media":0,"parent":0,"menu_order":0,"comment_status":"closed","ping_status":"closed","template":"page-landing.php","meta":{"_acf_changed":false,"footnotes":""},"class_list":["post-11","page","type-page","status-publish","hentry"],"acf":[],"_links":{"self":[{"href":"https:\/\/www.covermanager.com\/pt\/wp-json\/wp\/v2\/pages\/11","targetHints":{"allow":["GET"]}}],"collection":[{"href":"https:\/\/www.covermanager.com\/pt\/wp-json\/wp\/v2\/pages"}],"about":[{"href":"https:\/\/www.covermanager.com\/pt\/wp-json\/wp\/v2\/types\/page"}],"author":[{"embeddable":true,"href":"https:\/\/www.covermanager.com\/pt\/wp-json\/wp\/v2\/users\/1"}],"replies":[{"embeddable":true,"href":"https:\/\/www.covermanager.com\/pt\/wp-json\/wp\/v2\/comments?post=11"}],"version-history":[{"count":25,"href":"https:\/\/www.covermanager.com\/pt\/wp-json\/wp\/v2\/pages\/11\/revisions"}],"predecessor-version":[{"id":7893,"href":"https:\/\/www.covermanager.com\/pt\/wp-json\/wp\/v2\/pages\/11\/revisions\/7893"}],"wp:attachment":[{"href":"https:\/\/www.covermanager.com\/pt\/wp-json\/wp\/v2\/media?parent=11"}],"curies":[{"name":"wp","href":"https:\/\/api.w.org\/{rel}","templated":true}]}}