{"id":414,"date":"2024-08-12T14:53:45","date_gmt":"2024-08-12T12:53:45","guid":{"rendered":"https:\/\/www.covermanager.com\/pt\/?page_id=414"},"modified":"2025-08-29T12:52:33","modified_gmt":"2025-08-29T10:52:33","slug":"politica-de-privacidade","status":"publish","type":"page","link":"https:\/\/www.covermanager.com\/pt\/politica-de-privacidade\/","title":{"rendered":"Pol\u00edtica de privacidade"},"content":{"rendered":"\n<div id=\"block_2e398abe991cc9f3f119da90c969e21a\" class=\"bisiesto-block b-spacer \" style=\"width:100%; height: clamp(24px, 2.2857142857143vw + 12.571428571429px, 40px);\">\n\n<\/div>\n\n\n\n\n<h1 class=\"wp-block-heading\">Pol\u00edtica de privacidade<\/h1>\n\n\n\n<h2 class=\"wp-block-heading\"><strong>Informa\u00e7\u00e3o b\u00e1sica sobre privacidade<\/strong><\/h2>\n\n\n\n<figure class=\"wp-block-table alignwide is-style-stripes\"><table><tbody><tr><td>Respons\u00e1vel<\/td><td><br>Restaurant Booking &amp; Distribution Services S.L.<br>Avenida de la Constituci\u00f3n n\u00ba 24 4\u00aa planta (41001, Sevilla)<br>B90227976<\/td><\/tr><tr><td>Finalidade<\/td><td>Gest\u00e3o e controlo das rela\u00e7\u00f5es contratuais, bem como para a atividade de publicidade (em caso de aceita\u00e7\u00e3o) ou de prospe\u00e7\u00e3o comercial sobre os nossos produtos e servi\u00e7os, e as actividades inerentes a esses processos de sele\u00e7\u00e3o para o recrutamento de candidatos a empregos.<\/td><\/tr><tr><td>Legitima\u00e7\u00e3o<\/td><td>Consentimento inequ\u00edvoco atrav\u00e9s do acesso \u00e0 Web, execu\u00e7\u00e3o de um contrato ou medidas pr\u00e9-contratuais (contratos com clientes e fornecedores, bem como gest\u00e3o de candidatos), interesse leg\u00edtimo (contactos comerciais, execu\u00e7\u00e3o de medidas de seguran\u00e7a na empresa), obriga\u00e7\u00e3o legal (obriga\u00e7\u00f5es empresariais da empresa).<\/td><\/tr><tr><td>Medidas para assegurar que qualquer pessoa, agindo sob a autoridade da CoverManager, que tenha acesso aos dados pessoais, s\u00f3 possa processar tais dados mediante instru\u00e7\u00f5es da pr\u00f3pria empresa.<\/td><td>Desde que sejam necess\u00e1rios para atingir os objectivos da contrata\u00e7\u00e3o e de acordo com as circunst\u00e2ncias que se aplicam em cada caso por obriga\u00e7\u00e3o legal, sendo em qualquer caso, o m\u00ednimo necess\u00e1rio&#8221;;<\/td><\/tr><tr><td>Reten\u00e7\u00e3o de dados<\/td><td>Enquanto forem necess\u00e1rios para atingir os objectivos do contrato e em fun\u00e7\u00e3o das circunst\u00e2ncias que se aplicam em cada caso por obriga\u00e7\u00e3o legal, sendo em qualquer caso, o m\u00ednimo necess\u00e1rio.<\/td><\/tr><tr><td>Direitos dos titulares dos dados<\/td><td>Pode exercer os seus direitos de acesso, rectifica\u00e7\u00e3o, supress\u00e3o, oposi\u00e7\u00e3o, portabilidade, limita\u00e7\u00e3o e, quando apropriado, remo\u00e7\u00e3o do consentimento dos seus dados pessoais no endere\u00e7o de correio electr\u00f3nico dpo@covermanager.com.&#8221;;<\/td><\/tr><\/tbody><\/table><\/figure>\n\n\n\n<h2 class=\"wp-block-heading\"><strong>Pol\u00edtica de privacidade de dados<\/strong><\/h2>\n\n\n\n<p>Na CoverManager preocupamo-nos com a sua privacidade. Assim, e em conformidade com o Regulamento (UE) 2016\/679 do Parlamento Europeu e do Conselho de 27 de Abril de 2016 relativo \u00e0 protec\u00e7\u00e3o de dados das pessoas singulares e a Lei Org\u00e2nica 3\/2018 de 5 de Dezembro sobre a Protec\u00e7\u00e3o de Dados Pessoais e Garantias dos Direitos Digitais, gostar\u00edamos de lhe fornecer mais informa\u00e7\u00f5es sobre o tratamento dos dados que realizamos.<\/p>\n\n\n\n<h4 class=\"wp-block-heading\"><strong>1. Quem \u00e9 o Controlador do tratamento dos seus dados pessoais?<\/strong><\/h4>\n\n\n\n<p>Domain name: covermanager.com<\/p>\n\n\n\n<p>Company name: Restaurant Booking &amp; Distribution Services S.L.<\/p>\n\n\n\n<p>Trade Name: CoverManager<\/p>\n\n\n\n<p>Registered Office: Avenida de la Constituci\u00f3n no24 cuarta planta (41001, Sevilla)<\/p>\n\n\n\n<p>NIF:B90227976<\/p>\n\n\n\n<p>Email: dpo@covermanager.com<\/p>\n\n\n\n<p>Data protection officer: Adriana Ranchal<\/p>\n\n\n\n\n\n\n\n<div class=\"wp-block-group is-layout-flow wp-block-group-is-layout-flow\">\n<div id=\"block_566401a1512cfa79be06db48273b9958\" class=\"bisiesto-block b-spacer \" style=\"width:100%; height: clamp(12px, 1.7142857142857vw + 3.4285714285714px, 24px);\">\n\n<\/div>\n\n\n\n\n<h4 class=\"wp-block-heading\"><strong>2. Com que finalidade tratamos os seus dados pessoais?<\/strong><\/h4>\n\n\n\n<p>Como respons\u00e1vel pelo tratamento dos seus dados, s\u00f3 os processaremos para efeitos de gest\u00e3o e controlo das rela\u00e7\u00f5es contratuais com os nossos clientes; para responder \u00e0s consultas feitas pelos nossos clientes atrav\u00e9s do nosso e-mail de contacto, para actividades de prospec\u00e7\u00e3o comercial relativas aos nossos produtos e servi\u00e7os, e para as actividades envolvidas nos processos de selec\u00e7\u00e3o para o recrutamento de candidatos a emprego. Respeitamos em todos os casos o princ\u00edpio da minimiza\u00e7\u00e3o dos dados, pelo que o tratamento ser\u00e1 sempre adequado, proporcional e limitado ao estritamente necess\u00e1rio. O preenchimento de perfis n\u00e3o ser\u00e1 levado a cabo para tomar decis\u00f5es automatizadas&#8221;.<\/p>\n\n\n\n<p>Durante o processo de reserva nos s\u00edtios web dos nossos clientes, a CoverManager recebe dados pessoais ao abrigo de um contrato de processador de dados. A para evitar reservas duplicadas, os nossos clientes autorizam-nos a cruzar os dados (apenas o n\u00famero de telefone utilizado para fazer a reserva).<\/p>\n\n\n\n<div id=\"block_566401a1512cfa79be06db48273b9958\" class=\"bisiesto-block b-spacer \" style=\"width:100%; height: clamp(12px, 1.7142857142857vw + 3.4285714285714px, 24px);\">\n\n<\/div>\n\n\n\n\n<h4 class=\"wp-block-heading\"><strong>3. Por quanto tempo vamos conservar os seus dados?<\/strong><\/h4>\n\n\n\n<p>Os dados pessoais fornecidos pelos nossos clientes ser\u00e3o mantidos durante a vig\u00eancia contratual ou, quando apropriado, durante o n\u00famero m\u00ednimo de anos necess\u00e1rio para cumprir as obriga\u00e7\u00f5es legais da empresa, e sempre pelo tempo estritamente necess\u00e1rio para os fins para os quais foram recolhidos. Tudo isto desde que o direito \u00e0 supress\u00e3o, limita\u00e7\u00e3o ou cancelamento do mesmo n\u00e3o seja exercido.<\/p>\n\n\n\n<div id=\"block_566401a1512cfa79be06db48273b9958\" class=\"bisiesto-block b-spacer \" style=\"width:100%; height: clamp(12px, 1.7142857142857vw + 3.4285714285714px, 24px);\">\n\n<\/div>\n\n\n\n\n<h4 class=\"wp-block-heading\"><strong>4. Qual \u00e9 a legitimidade para o tratamento dos seus dados pessoais?<\/strong><\/h4>\n\n\n\n<p>A base jur\u00eddica em que se baseia o tratamento de dados \u00e9 o consentimento inequ\u00edvoco e expresso e o cumprimento de obriga\u00e7\u00f5es contratuais e legais&#8221;.<\/p>\n\n\n\n<div id=\"block_566401a1512cfa79be06db48273b9958\" class=\"bisiesto-block b-spacer \" style=\"width:100%; height: clamp(12px, 1.7142857142857vw + 3.4285714285714px, 24px);\">\n\n<\/div>\n\n\n\n\n<h4 class=\"wp-block-heading\"><strong>5. Quem \u00e9 o receptor dos seus dados pessoais?<\/strong><\/h4>\n\n\n\n<p>A menos que seja legalmente obrigado a faz\u00ea-lo e nos casos previstos pelos regulamentos de protec\u00e7\u00e3o de dados em vigor num determinado momento, n\u00e3o transmitiremos em circunst\u00e2ncia alguma os seus dados a terceiros para processamento sem o informar previamente e solicitar o seu consentimento;<\/p>\n\n\n\n<p>Para fornecer os seus servi\u00e7os, a CoverManager conta com uma s\u00e9rie de fornecedores (assist\u00eancia jur\u00eddica, auditores, destrui\u00e7\u00e3o de documentos, gestor de correio electr\u00f3nico) para facilitar o seu trabalho. Devido \u00e0 efici\u00eancia do servi\u00e7o, alguns destes prestadores de servi\u00e7os est\u00e3o localizados em territ\u00f3rios fora do Espa\u00e7o Econ\u00f3mico Europeu que n\u00e3o proporcionam um n\u00edvel de protec\u00e7\u00e3o de dados equivalente ao da Uni\u00e3o Europeia. Nesses casos, informamos que transferimos os seus dados com garantias adequadas e mantendo sempre a seguran\u00e7a dos seus dados, uma vez que utilizamos as ferramentas mais apropriadas para a transfer\u00eancia internacional de dados, tais como cl\u00e1usulas contratuais padr\u00e3o ou quaisquer outras medidas complementares relevantes. Em particular, utilizamos os seguintes fornecedores fora do EEE:<\/p>\n\n\n\n<ul class=\"wp-block-list\">\n<li>Gmail como fornecedor de servi\u00e7os de correio electr\u00f3nico. Pode aceder \u00e0 pol\u00edtica de privacidade do Google aqui.<\/li>\n\n\n\n<li>Ao contactar a nossa equipa de Hospitality utilizaremos a ferramenta de gest\u00e3o de entradas Freshdesk (Freshworks, Inc.), transferindo \u00fanica e exclusivamente os dados estritamente necess\u00e1rios para a resolu\u00e7\u00e3o do incidente. Pol\u00edtica de privacidade dispon\u00edvel aqui.<\/li>\n\n\n\n<li>Utilizamos Twilio Inc como fornecedor de servi\u00e7os de correio electr\u00f3nico, aceda \u00e0 sua pol\u00edtica de privacidade aqui.<\/li>\n\n\n\n<li>Jotform para o envio de formul\u00e1rios web. Informa\u00e7\u00e3o sobre a pol\u00edtica de privacidade aqui.<\/li>\n\n\n\n<li>Ocasionalmente, com a sua autoriza\u00e7\u00e3o, entraremos em contacto consigo atrav\u00e9s da WhatsApp, cuja pol\u00edtica de privacidade pode ser revista aqui..<\/li>\n<\/ul>\n\n\n\n<p>Para gerir as reservas, a CoverManager recebe os dados pessoais dos teus clientes ao abrigo de um contrato de processador; em certos casos, os nossos clientes, como respons\u00e1veis pelo tratamento dos dados, autorizar-nos-\u00e3o a transmitir os seus dados a outras empresas do seu grupo e a outras empresas com as quais cooperam. Al\u00e9m disso, se o pagamento for exigido no processo de reserva, passaremos os seus dados directamente \u00e0 Stripe Inc (ver a sua pol\u00edtica de privacidade <a href=\"https:\/\/stripe.com\/pt-pt\/privacy\" target=\"_blank\" rel=\"noreferrer noopener\">aqui<\/a>). A CoverManager n\u00e3o regista em nenhum momento os n\u00fameros dos cart\u00f5es ou detalhes de pagamento<\/p>\n\n\n\n<h4 class=\"wp-block-heading\"><strong>6. Tabela Resumo dos Tratamentos realizados atrav\u00e9s da web pela CoverManager como Controlador de Dados.<\/strong><\/h4>\n\n\n\n<figure class=\"wp-block-table\"><table class=\"has-fixed-layout\"><thead><tr><th>Finalidad del tratamiento<\/th><th>Interesados<\/th><th>Categor\u00eda de datos<\/th><th>Base legal<\/th><\/tr><\/thead><tbody><tr><td>Gest\u00e3o da prospec\u00e7\u00e3o comercial atrav\u00e9s da Newsletter<\/td><td>Empres\u00e1rios que atuem como representantes de Pessoa Jur\u00eddica<\/td><td>-Nome<br>-E- mail<\/td><td>a) para novos registros, a anu\u00eancia do interessado, que poder\u00e1 ser revogada a qualquer tempo; b) para os clientes existentes, a exce\u00e7\u00e3o prevista no artigo 21.\u00ba da ISLS.<\/td><\/tr><tr><td>Gest\u00e3o de pedidos de informa\u00e7\u00e3o comercial atrav\u00e9s da sec\u00e7\u00e3o Solicita uma DEMO<\/td><td>Empres\u00e1rios que atuem como representantes de Pessoa Jur\u00eddica<\/td><td>-Nome<br>-E- mail<\/td><td>Consentimento expresso do interessado<\/td><\/tr><tr><td>Gest\u00e3o de processos seletivos para recrutamento de candidatos a empregos<\/td><td>Pessoa f\u00edsica que tenha interesse em participar num processo de sele\u00e7\u00e3o da CoverManager<\/td><td>-Nome<br>-Detalhes de contato-Informa\u00e7\u00f5es profissionais<\/td><td>Consentimento expresso do interessado<\/td><\/tr><tr><td>Gest\u00e3o de informa\u00e7\u00f5es do cliente<\/td><td>Empres\u00e1rios que atuem como representantes de Pessoa Jur\u00eddica<\/td><td>-Nome e ID<br>-Dados corporativos<\/td><td>Execu\u00e7\u00e3o da rela\u00e7\u00e3o contratual ou pr\u00e9-contratual<\/td><\/tr><tr><td>Detetar duplica\u00e7\u00f5es nas reservas.<\/td><td>Pessoa singular que efectue uma reserva atrav\u00e9s do Portal de Reservas de um dos clientes da CoverManager<\/td><td>N\u00famero de telefone<\/td><td>Consentimento expresso do interessado<\/td><\/tr><\/tbody><\/table><\/figure>\n\n\n\n<p>Al\u00e9m dos tratamentos descritos acima, CoverManager, como Processador de Dados, supervisiona, em nome do Controlador de Dados, a gest\u00e3o de reservas e a cria\u00e7\u00e3o de bases de dados de clientes, seguindo sempre as instru\u00e7\u00f5es determinadas pelo Controlador de Dados e estabelecidas atrav\u00e9s de um Contrato do Gerente de Tratamento. Caso seja enviada uma solicita\u00e7\u00e3o de exerc\u00edcio de direitos a um usu\u00e1rio cujos dados a CoverManager trata como Processador de Dados, no seu dever de auxiliar o Controlador de Dados, a CoverManager encaminhar\u00e1 a referida solicita\u00e7\u00e3o no prazo m\u00e1ximo de 48 horas ao Controlador. Da mesma forma, responder\u00e1 \u00e0 solicita\u00e7\u00e3o recebida confirmando que a informa\u00e7\u00e3o foi transferida ao Controlador de Dados e indicando os dados de contato do Controlador de Dados relativos \u00e0 prote\u00e7\u00e3o de dados para que o usu\u00e1rio possa encaminhar suas d\u00favidas diretamente ao Controlador de Dados. CoverManager fornecer\u00e1 assist\u00eancia e suporte em todos os momentos ao Controlador e ao usu\u00e1rio, quando necess\u00e1rio.<\/p>\n\n\n\n<div id=\"block_566401a1512cfa79be06db48273b9958\" class=\"bisiesto-block b-spacer \" style=\"width:100%; height: clamp(12px, 1.7142857142857vw + 3.4285714285714px, 24px);\">\n\n<\/div>\n\n\n\n\n\n\n\n\n<h4 class=\"wp-block-heading\"><strong>7. Quais s\u00e3o os seus direitos em termos de protec\u00e7\u00e3o de dados e como podem ser exercidos?<\/strong><\/h4>\n\n\n\n<p>A qualquer momento, pode solicitar o exerc\u00edcio dos seus direitos escrevendo para a sede registada da CoverManager ou por e-mail para dpo@covermanager.com, incluindo em ambos os casos uma fotoc\u00f3pia do seu bilhete de identidade ou outro documento equivalente que comprove a sua identidade, a fim de assegurar que os direitos s\u00e3o exercidos pelas partes interessadas&#8221;;<\/p>\n\n\n\n<p>De acordo com a legisla\u00e7\u00e3o actual de protec\u00e7\u00e3o de dados, os direitos que pode exercer contra o CoverManager s\u00e3o:<\/p>\n\n\n\n<ul class=\"wp-block-list\">\n<li>Direito de solicitar acesso aos dados pessoais para obter mais informa\u00e7\u00f5es sobre os dados que processamos.<\/li>\n\n\n\n<li>Direito de pedir rectifica\u00e7\u00e3o de dados incorrectos ou incompletos<\/li>\n\n\n\n<li>Direito de pedir a elimina\u00e7\u00e3o quando, entre outras raz\u00f5es, os dados j\u00e1 n\u00e3o s\u00e3o necess\u00e1rios para os fins para os quais foram recolhidos<\/li>\n\n\n\n<li>O direito de opor-se ao processamento, caso em a CoverManager deixe de processar os dados, excepto por raz\u00f5es leg\u00edtimas imperiosas ou por defesa de poss\u00edveis reclama\u00e7\u00f5es;<\/li>\n\n\n\n<li>Direito \u00e0 portabilidade dos dados: caso pretenda que os seus dados sejam processados por outra entidade, a CoverManager facilitar\u00e1 a portabilidade dos seus dados para o novo controlador, se aplic\u00e1vel.<\/li>\n\n\n\n<li>O direito de limitar o seu processamento, em determinadas circunst\u00e2ncias previstas no Artigo 18 GDPR, caso em que ser\u00e3o mantidos apenas pelo CoverManager para a defesa de poss\u00edveis reclama\u00e7\u00f5es.<\/li>\n\n\n\n<li>Direito de retirar o consentimento: quando o consentimento tiver sido dado para um fim espec\u00edfico, tem o direito de retirar o consentimento em qualquer altura, sem afectar a legalidade do processamento baseado no consentimento antes da sua retirada.<\/li>\n<\/ul>\n\n\n\n<p>A qualquer momento, se o titular dos dados considerar que os seus dados n\u00e3o est\u00e3o a ser tratados de forma apropriada ou conforme requerido pelo titular dos dados, poder\u00e1 apresentar uma queixa ao Respons\u00e1vel pela Protec\u00e7\u00e3o de Dados do CoverManager ou \u00e0 Ag\u00eancia Espanhola de Protec\u00e7\u00e3o de Dados (www.agpd.es).<\/p>\n\n\n\n<p>Todos os dados solicitados atrav\u00e9s do website s\u00e3o obrigat\u00f3rios, uma vez que s\u00e3o necess\u00e1rios para a presta\u00e7\u00e3o de um servi\u00e7o \u00f3ptimo ao utilizador. No caso de n\u00e3o serem fornecidos todos os dados, o fornecedor n\u00e3o garante que as informa\u00e7\u00f5es e servi\u00e7os fornecidos ser\u00e3o completamente adaptados \u00e0s suas necessidades.<\/p>\n\n\n\n<p><br>Da mesma forma, o utilizador pode anular a subscri\u00e7\u00e3o de qualquer dos servi\u00e7os de subscri\u00e7\u00e3o fornecidos clicando na sec\u00e7\u00e3o de anula\u00e7\u00e3o de subscri\u00e7\u00e3o de qualquer e-mail enviado pelo fornecedor;<\/p>\n\n\n\n<p><br>O fornecedor adoptou todas as medidas t\u00e9cnicas e organizacionais necess\u00e1rias para garantir a seguran\u00e7a e integridade dos dados pessoais que processa, bem como para evitar a sua perda, altera\u00e7\u00e3o e\/ou acesso por terceiros n\u00e3o autorizados.<\/p>\n\n\n\n<div id=\"block_566401a1512cfa79be06db48273b9958\" class=\"bisiesto-block b-spacer \" style=\"width:100%; height: clamp(12px, 1.7142857142857vw + 3.4285714285714px, 24px);\">\n\n<\/div>\n\n\n\n\n<h4 class=\"wp-block-heading\"><strong>8. Que medidas de seguran\u00e7a aplicamos?<\/strong><\/h4>\n\n\n\n<p>O CoverManager mant\u00e9m os mais altos n\u00edveis de seguran\u00e7a para proteger os seus dados pessoais contra perda, destrui\u00e7\u00e3o, danos acidentais e acesso, processamento ou divulga\u00e7\u00e3o n\u00e3o autorizados ou ilegais, tais como firewalls, procedimentos de controlo de acesso e mecanismos criptogr\u00e1ficos. Para atingir estes fins, o utilizador\/cliente concorda que o fornecedor pode recolher dados para efeitos de autentica\u00e7\u00e3o dos controlos de acesso;<\/p>\n\n\n\n<p>A CoverManager efectuar\u00e1 uma avalia\u00e7\u00e3o do risco do processamento, tendo em conta o estado da t\u00e9cnica, os custos de implementa\u00e7\u00e3o, e a natureza, \u00e2mbito, contexto e objectivos do processamento, bem como os riscos de probabilidade e gravidade vari\u00e1veis para os direitos e liberdades dos indiv\u00edduos<\/p>\n\n\n\n<p>Para assegurar um n\u00edvel de seguran\u00e7a adequado, com base na avalia\u00e7\u00e3o efectuada, ser\u00e3o aplicadas, entre outras, as seguintes medidas de seguran\u00e7a, se for caso disso:<\/p>\n\n\n\n<ul class=\"wp-block-list\">\n<li>Pseudonimiza\u00e7\u00e3o e encripta\u00e7\u00e3o de dados pessoais, quando apropriado.<\/li>\n\n\n\n<li>Capacidade de assegurar a cont\u00ednua confidencialidade, integridade, disponibilidade e resili\u00eancia dos sistemas e servi\u00e7os de processamento.<\/li>\n\n\n\n<li>Capacidade de restaurar rapidamente a disponibilidade e o acesso aos dados pessoais em caso de incidente f\u00edsico ou t\u00e9cnico&#8221;;<\/li>\n\n\n\n<li>Exist\u00eancia de um processo de verifica\u00e7\u00e3o regular, avalia\u00e7\u00e3o e avalia\u00e7\u00e3o da efic\u00e1cia das medidas t\u00e9cnicas e organizacionais para garantir a seguran\u00e7a do processamento.<\/li>\n\n\n\n<li>Avalia\u00e7\u00e3o peri\u00f3dica do risco de destrui\u00e7\u00e3o acidental ou ilegal, perda ou altera\u00e7\u00e3o de, ou divulga\u00e7\u00e3o ou acesso n\u00e3o autorizado aos dados pessoais transmitidos, armazenados ou de outro modo processados.<\/li>\n\n\n\n<li>Medidas para garantir que qualquer pessoa que esteja sob a autoridade do CoverManager s\u00f3 tenha acesso aos dados pessoais de acordo com as instru\u00e7\u00f5es da pr\u00f3pria empresa CoverManager.<\/li>\n<\/ul>\n\n\n\n<div id=\"block_566401a1512cfa79be06db48273b9958\" class=\"bisiesto-block b-spacer \" style=\"width:100%; height: clamp(12px, 1.7142857142857vw + 3.4285714285714px, 24px);\">\n\n<\/div>\n\n\n\n\n<h4 class=\"wp-block-heading\">9. <strong>Confidencialidade<\/strong><\/h4>\n\n\n\n<p>A CoverManager compromete-se a tratar os dados pessoais que possam ser recolhidos com absoluta confidencialidade, comprometendo-se a mant\u00ea-los em segredo e garantir o seu dever de os salvaguardar, adoptando todas as medidas necess\u00e1rias para evitar a sua altera\u00e7\u00e3o, perda e tratamento ou acesso n\u00e3o autorizado, em conformidade com as disposi\u00e7\u00f5es da legisla\u00e7\u00e3o aplic\u00e1vel<\/p>\n\n\n\n<div id=\"block_566401a1512cfa79be06db48273b9958\" class=\"bisiesto-block b-spacer \" style=\"width:100%; height: clamp(12px, 1.7142857142857vw + 3.4285714285714px, 24px);\">\n\n<\/div>\n\n\n\n\n<h4 class=\"wp-block-heading\"><strong>10. Uso de Cookies<\/strong><\/h4>\n\n\n\n<p>A CoverManager utiliza cookies pr\u00f3prios e de terceiros, recolhendo informa\u00e7\u00f5es sobre a utiliza\u00e7\u00e3o do website para optimizar o seu funcionamento. Pode obter detalhes completos sobre a utiliza\u00e7\u00e3o de cookies pela CoverManager consultando a nossa &#8220;Pol\u00edtica de Cookies&#8221;<\/p>\n\n\n\n<div id=\"block_566401a1512cfa79be06db48273b9958\" class=\"bisiesto-block b-spacer \" style=\"width:100%; height: clamp(12px, 1.7142857142857vw + 3.4285714285714px, 24px);\">\n\n<\/div>\n\n\n\n\n<h4 class=\"wp-block-heading\"><strong>11. Responsabilidade<\/strong><\/h4>\n\n\n\n<p>A \u00fanica pessoa respons\u00e1vel pelo preenchimento dos formul\u00e1rios com dados falsos, inexactos, incompletos ou desactualizados \u00e9 o utilizador que os introduz<\/p>\n\n\n\n<div id=\"block_566401a1512cfa79be06db48273b9958\" class=\"bisiesto-block b-spacer \" style=\"width:100%; height: clamp(12px, 1.7142857142857vw + 3.4285714285714px, 24px);\">\n\n<\/div>\n\n\n\n\n<h4 class=\"wp-block-heading\"><strong>12. Actualiza\u00e7\u00f5es<\/strong><\/h4>\n\n\n\n<p>A CoverManager reserva-se o direito de modificar e\/ou actualizar a informa\u00e7\u00e3o sobre protec\u00e7\u00e3o de dados quando necess\u00e1rio para o cumprimento adequado. Em caso de quaisquer altera\u00e7\u00f5es, o novo texto ser\u00e1 publicado nesta p\u00e1gina onde poder\u00e1 consultar a vers\u00e3o mais recente da nossa Pol\u00edtica de Privacidade;<\/p>\n\n\n\n<div id=\"block_566401a1512cfa79be06db48273b9958\" class=\"bisiesto-block b-spacer \" style=\"width:100%; height: clamp(12px, 1.7142857142857vw + 3.4285714285714px, 24px);\">\n\n<\/div>\n\n<\/div>\n","protected":false},"excerpt":{"rendered":"<p>Pol\u00edtica de privacidade Informa\u00e7\u00e3o b\u00e1sica sobre privacidade Respons\u00e1vel Restaurant Booking &amp; Distribution Services S.L.Avenida de la Constituci\u00f3n n\u00ba 24 4\u00aa planta (41001, Sevilla)B90227976 Finalidade Gest\u00e3o e controlo das rela\u00e7\u00f5es contratuais, bem como para a atividade de publicidade (em caso de aceita\u00e7\u00e3o) ou de prospe\u00e7\u00e3o comercial sobre os nossos produtos e servi\u00e7os, e as actividades inerentes [&hellip;]<\/p>\n","protected":false},"author":1,"featured_media":0,"parent":0,"menu_order":0,"comment_status":"closed","ping_status":"closed","template":"page-legal.php","meta":{"_acf_changed":false,"footnotes":""},"class_list":["post-414","page","type-page","status-publish","hentry"],"acf":[],"_links":{"self":[{"href":"https:\/\/www.covermanager.com\/pt\/wp-json\/wp\/v2\/pages\/414","targetHints":{"allow":["GET"]}}],"collection":[{"href":"https:\/\/www.covermanager.com\/pt\/wp-json\/wp\/v2\/pages"}],"about":[{"href":"https:\/\/www.covermanager.com\/pt\/wp-json\/wp\/v2\/types\/page"}],"author":[{"embeddable":true,"href":"https:\/\/www.covermanager.com\/pt\/wp-json\/wp\/v2\/users\/1"}],"replies":[{"embeddable":true,"href":"https:\/\/www.covermanager.com\/pt\/wp-json\/wp\/v2\/comments?post=414"}],"version-history":[{"count":18,"href":"https:\/\/www.covermanager.com\/pt\/wp-json\/wp\/v2\/pages\/414\/revisions"}],"predecessor-version":[{"id":7869,"href":"https:\/\/www.covermanager.com\/pt\/wp-json\/wp\/v2\/pages\/414\/revisions\/7869"}],"wp:attachment":[{"href":"https:\/\/www.covermanager.com\/pt\/wp-json\/wp\/v2\/media?parent=414"}],"curies":[{"name":"wp","href":"https:\/\/api.w.org\/{rel}","templated":true}]}}