{"id":416,"date":"2024-08-12T15:10:34","date_gmt":"2024-08-12T13:10:34","guid":{"rendered":"https:\/\/www.covermanager.com\/pt\/?page_id=416"},"modified":"2024-10-29T14:11:38","modified_gmt":"2024-10-29T13:11:38","slug":"politica-de-cookies","status":"publish","type":"page","link":"https:\/\/www.covermanager.com\/pt\/politica-de-cookies\/","title":{"rendered":"Pol\u00edtica de cookies"},"content":{"rendered":"\n<div id=\"block_809e6f37c065d3caabc4dbc319ac1a41\" class=\"bisiesto-block b-spacer \" style=\"width:100%; height: clamp(24px, 2.2857142857143vw + 12.571428571429px, 40px);\">\n\n<\/div>\n\n\n\n\n<h1 class=\"wp-block-heading\">Pol\u00edtica de cookies<\/h1>\n\n\n\n<h3 class=\"wp-block-heading\">1. <strong>O que s\u00e3o cookies?<\/strong><\/h3>\n\n\n\n<p>CoverManager utiliza cookies e\/ou tecnologias semelhantes que armazenam e recuperam informa\u00e7\u00f5es, quando navega, para proporcionar uma melhor experi\u00eancia na web. Em geral, estas tecnologias podem servir uma variedade de objetivos, tais como, por exemplo, o reconhecimento como utilizador, obter informa\u00e7\u00f5es sobre os h\u00e1bitos de navega\u00e7\u00e3o, ou personalizar a forma como o conte\u00fado \u00e9 exibido. Os usos espec\u00edficos que fazemos dessas tecnologias s\u00e3o descritos abaixo.<\/p>\n\n\n\n<h3 class=\"wp-block-heading\"><strong>2. Tipos de cookies<\/strong><\/h3>\n\n\n\n<h4 class=\"wp-block-heading\">Dependendo da entidade que gere o dom\u00ednio a partir do qual os cookies s\u00e3o enviados e processa os dados obtidos, podemos distinguir:<\/h4>\n\n\n\n<ul class=\"wp-block-list\">\n<li><strong>Cookies pr\u00f3prios:<\/strong> S\u00e3o aqueles que s\u00e3o enviados para o equipamento terminal do utilizador a partir de um computador ou dom\u00ednio gerido pelo pr\u00f3prio editor, e a partir do qual o servi\u00e7o solicitado pelo utilizador \u00e9 fornecido. S\u00e3o tamb\u00e9m chamados &#8220;cookies de primeira viagem&#8221;. Na tabela abaixo pode ver quais os Cookies que pertencem directamente ao CoverManager.<\/li>\n\n\n\n<li><strong>Cookies de terceiros: <\/strong>S\u00e3o aqueles que s\u00e3o enviados para o equipamento terminal do utilizador a partir de um computador ou dom\u00ednio, que n\u00e3o \u00e9 gerido pelo editor, mas por outra entidade que processa os dados obtidos atrav\u00e9s dos cookies. S\u00e3o tamb\u00e9m chamados de &#8220;cookies de terceiros&#8221;.<\/li>\n<\/ul>\n\n\n\n<p>No caso de os cookies serem instalados a partir de um computador ou dom\u00ednio gerido pelo pr\u00f3prio editor, mas a informa\u00e7\u00e3o recolhida atrav\u00e9s deles ser gerida por um terceiro, s\u00e3o considerados cookies de terceiros.<\/p>\n\n\n\n<p>Especificamente no CoverManager utilizamos cookies da Stripe, Tidio e Google, entre outros. Pode-se consultar a tabela completa de cookies abaixo. O CoverManager s\u00f3 utilizar\u00e1 cookies de terceiros para fins de marketing<\/p>\n\n\n\n<p><strong>Dependendo do tempo em que permanecem ativos no equipamento terminal, podemos distinguir:<\/strong><\/p>\n\n\n\n<ul class=\"wp-block-list\">\n<li><strong>Cookies de sess\u00e3o: <\/strong>S\u00e3o um tipo de cookies concebido para recolher e armazenar dados enquanto o utilizador acede a uma p\u00e1gina web. S\u00e3o normalmente utilizados para armazenar informa\u00e7\u00f5es que s\u00f3 s\u00e3o relevantes para a presta\u00e7\u00e3o do servi\u00e7o solicitado pelo utilizador numa \u00fanica ocasi\u00e3o (por exemplo, uma lista de produtos adquiridos). Estes cookies s\u00e3o automaticamente eliminados quando o utilizador fecha o seu navegador. Na caixa &#8220;Cookies&#8221; encontrar\u00e1 especificado quais s\u00e3o os &#8220;Cookies&#8221; da sess\u00e3o &#8220;Cookies&#8221;;<\/li>\n\n\n\n<li><strong>Cookies persistentes:<\/strong> S\u00e3o um tipo de cookies em que os dados permanecem armazenados no terminal, e podem ser acedidos e processados durante um per\u00edodo definido pelo respons\u00e1vel pelo cookie, que pode variar de alguns minutos a v\u00e1rios anos.<\/li>\n\n\n\n<li><\/li>\n<\/ul>\n\n\n\n<h4 class=\"wp-block-heading\"><strong>Dependendo da finalidade para a qual os dados obtidos atrav\u00e9s de cookies s\u00e3o processados, podemos distinguir entre:<\/strong><\/h4>\n\n\n\n<p><strong>Cookies t\u00e9cnicos: <\/strong>S\u00e3o aqueles que permitem ao utilizador navegar atrav\u00e9s de um website, plataforma ou aplica\u00e7\u00e3o e utilizar as diferentes op\u00e7\u00f5es ou servi\u00e7os que nela existem, tais como, por exemplo, controlar o tr\u00e1fego e a comunica\u00e7\u00e3o de dados, identificar a sess\u00e3o, aceder a partes de acesso restrito, lembrar os elementos que comp\u00f5em uma ordem, utilizar elementos de seguran\u00e7a durante a navega\u00e7\u00e3o ou partilhar conte\u00fados atrav\u00e9s de redes sociais.<\/p>\n\n\n\n<figure class=\"wp-block-table\"><table><tbody><tr><td class=\"has-text-align-center\" data-align=\"center\">duser<br>initialTab<br>initialView<br>lastDate<br>order<br>status<br>viewByTab<\/td><\/tr><\/tbody><\/table><\/figure>\n\n\n\n\n\n\n\n<ul class=\"wp-block-list\">\n<li><strong>Cookies de personaliza\u00e7\u00e3o: <\/strong>S\u00e3o aqueles que permitem ao utilizador aceder ao servi\u00e7o com algumas caracter\u00edsticas gerais predefinidas de acordo com uma s\u00e9rie de crit\u00e9rios no terminal do utilizador, tais como, o idioma, o tipo de browser utilizado para aceder ao servi\u00e7o, a configura\u00e7\u00e3o regional a partir da qual o servi\u00e7o \u00e9 acedido, etc. Um exemplo destes cookies \u00e9 &#8216;CookieConsent&#8217;<br><strong>Analytics Cookies:<\/strong> S\u00e3o aqueles que permitem \u00e0 parte respons\u00e1vel por eles, monitorizar e analisar o comportamento dos utilizadores dos websites a que est\u00e3o ligados. A informa\u00e7\u00e3o recolhida atrav\u00e9s deste tipo de cookies \u00e9 utilizada para medir a atividade dos websites, aplica\u00e7\u00f5es e plataformas e para a elabora\u00e7\u00e3o de perfis de navega\u00e7\u00e3o dos utilizadores destes sites, aplica\u00e7\u00f5es e plataformas, a fim de introduzir melhorias baseadas na an\u00e1lise dos dados de utiliza\u00e7\u00e3o dos utilizadores do servi\u00e7o. Utilizamos os seguintes cookies nesta categoria:<\/li>\n<\/ul>\n\n\n\n<figure class=\"wp-block-table\"><table class=\"has-fixed-layout\"><tbody><tr><td class=\"has-text-align-center\" data-align=\"center\">_gid<br>_fbp<br>_gcl_ua<br>_gat_UA-156208528-1<\/td><\/tr><\/tbody><\/table><\/figure>\n\n\n\n\n\n\n\n<ul class=\"wp-block-list\">\n<li><strong>Cookies publicit\u00e1rios:<\/strong> S\u00e3o aqueles que permitem a gest\u00e3o, da forma mais eficiente poss\u00edvel, dos espa\u00e7os publicit\u00e1rios que, quando apropriado, o editor incluiu num website, aplica\u00e7\u00e3o ou plataforma a partir da qual fornece o servi\u00e7o solicitado, com base em crit\u00e9rios, tais como, o conte\u00fado editado ou a frequ\u00eancia com que os an\u00fancios s\u00e3o mostrados.<\/li>\n\n\n\n<li><strong>Cookies de publicidade comportamental: <\/strong>S\u00e3o aqueles que permitem a gest\u00e3o, da forma mais eficaz poss\u00edvel, dos espa\u00e7os publicit\u00e1rios que, quando apropriado, o editor tenha incluido num website, aplica\u00e7\u00e3o ou plataforma a partir da qual o servi\u00e7o solicitado \u00e9 fornecido. Estes cookies armazenam informa\u00e7\u00f5es sobre o comportamento dos utilizadores, obtidas atrav\u00e9s da observa\u00e7\u00e3o cont\u00ednua dos seus h\u00e1bitos de navega\u00e7\u00e3o, o que permite desenvolver um perfil espec\u00edfico a fim de exibir publicidade com base nesta informa\u00e7\u00e3o.<\/li>\n<\/ul>\n\n\n\n<p>Vai encontrar a lista de Cookies relacionados com Publicidade na sec\u00e7\u00e3o de Marketing do painel de Cookies.<br>En rela\u00e7\u00e3o \u00e0s Transfer\u00eancias Internacionais, pode-se saber sobre as transfer\u00eancias para pa\u00edses terceiros que, quando aplic\u00e1vel, s\u00e3o efectuadas pelos terceiros identificados nesta pol\u00edtica de cookies nas suas pol\u00edticas correspondentes (ver os links fornecidos no Painel de Cookies)<\/p>\n\n\n\n<p>Necesario (12)<\/p>\n\n\n\n<p>Os cookies necess\u00e1rios ajudam a tornar um site utiliz\u00e1vel, ativando fun\u00e7\u00f5es b\u00e1sicas como a navega\u00e7\u00e3o na p\u00e1gina e o acesso a \u00e1reas seguras do site. O site n\u00e3o pode funcionar adequadamente sem esses cookies.<\/p>\n\n\n\n\n\n\n\n\n\n<figure class=\"wp-block-table\"><table class=\"has-fixed-layout\"><thead><tr><th>Nombre<\/th><th>Proveedor<\/th><th>Prop\u00f3sito<\/th><th>Caducidad<\/th><th>Tipo<\/th><\/tr><\/thead><tbody><tr><td>__cfduid [x3]<\/td><td>maxcdn.bootstrapcdn.com<br><a target=\"_blank\" rel=\"noreferrer noopener\" href=\"http:\/\/tidio.co\/en\">Tidio<\/a><\/td><td>Utilizada pela rede de conte\u00fado Cloudflare para identificar tr\u00e1fego web confi\u00e1vel.<\/td><td>30 dias<\/td><td>HTTP Cookie<\/td><\/tr><tr><td>__stripe_mid<\/td><td><a target=\"_blank\" rel=\"noreferrer noopener\" href=\"https:\/\/www.covermanager.com\/images\/ppcovermanager.pdf\">Cover Manager<\/a><\/td><td>Este cookie \u00e9 necess\u00e1rio para realizar transa\u00e7\u00f5es com cart\u00f5es de cr\u00e9dito na web. Servi\u00e7o fornecido pela Stripe.com, permite realizar transa\u00e7\u00f5es online sem armazenar nenhuma informa\u00e7\u00e3o do cart\u00e3o de cr\u00e9dito.<br><\/td><td>1 ano<\/td><td>HTTP Cookie<\/td><\/tr><tr><td>__stripe_sid<\/td><td><a target=\"_blank\" rel=\"noreferrer noopener\" href=\"https:\/\/www.covermanager.com\/images\/ppcovermanager.pdf\">Cover Manager<\/a><\/td><td>Este cookie \u00e9 necess\u00e1rio para realizar transa\u00e7\u00f5es com cart\u00f5es de cr\u00e9dito na web. Servi\u00e7o fornecido pela Stripe.com, permite realizar transa\u00e7\u00f5es online sem armazenar nenhuma informa\u00e7\u00e3o do cart\u00e3o de cr\u00e9dito.<br><br><\/td><td>1 dia<\/td><td>HTTP Cookie<\/td><\/tr><tr><td>ci_session<\/td><td><a target=\"_blank\" rel=\"noreferrer noopener\" href=\"https:\/\/www.covermanager.com\/images\/ppcovermanager.pdf\">Cover Manager<\/a><\/td><td>Este cookie \u00e9 necess\u00e1rio para realizar transa\u00e7\u00f5es com cart\u00f5es de cr\u00e9dito na web. Servi\u00e7o fornecido pela Stripe.com, permite realizar transa\u00e7\u00f5es online sem armazenar nenhuma informa\u00e7\u00e3o do cart\u00e3o de cr\u00e9dito.<\/td><td>13 dias<\/td><td>HTTP Cookie<\/td><\/tr><tr><td>CookieConsent<\/td><td><a target=\"_blank\" rel=\"noreferrer noopener\" href=\"https:\/\/www.cookiebot.com\/goto\/privacy-policy\/\">Cookiebot<\/a><\/td><td>Armazena o estado do consentimento de cookies do usu\u00e1rio para o dom\u00ednio atual.<\/td><td>1 ano<\/td><td>HTTP Cookie<\/td><\/tr><tr><td>https:\/\/q.stripe.com\/<\/td><td><a target=\"_blank\" rel=\"noreferrer noopener\" href=\"https:\/\/stripe.com\/en-nl\/privacy\">Stripe<\/a><\/td><td>Este cookie \u00e9 necess\u00e1rio para realizar transa\u00e7\u00f5es com cart\u00f5es de cr\u00e9dito na web. Servi\u00e7o fornecido pela Stripe.com, permite realizar transa\u00e7\u00f5es online sem armazenar nenhuma informa\u00e7\u00e3o do cart\u00e3o de cr\u00e9dito.<\/td><td>Session<\/td><td>Pixel Tracker<\/td><\/tr><tr><td>JSESSIONID<\/td><td><a target=\"_blank\" rel=\"noreferrer noopener\" href=\"https:\/\/newrelic.com\/privacy\">New Relic<\/a><\/td><td>Conserva os estados dos usu\u00e1rios em todas as solicita\u00e7\u00f5es da p\u00e1gina.<\/td><td>Session<\/td><td>HTTP Cookie<\/td><\/tr><tr><td>m<\/td><td><a target=\"_blank\" rel=\"noreferrer noopener\" href=\"https:\/\/stripe.com\/dk\/privacy\">Stripe<\/a><\/td><td>Determina o dispositivo utilizado para acessar a web. Isso permite que o site seja exibido no formato adequado.<\/td><td>2 anos<\/td><td>HTTP Cookie<\/td><\/tr><tr><td>tidio_state_vx6nktmgxwc3hsfvt04r92njpsvrzhvi<\/td><td><a target=\"_blank\" rel=\"noreferrer noopener\" href=\"http:\/\/tidio.co\/en\">Tidio<\/a><\/td><td>Pendente<\/td><td>Persistent<\/td><td>HTML Local Storage<\/td><\/tr><tr><td>tidio_state_vx6nktmgxwc3hsfvt04r92njpsvrzhvi_widget_position<\/td><td><a target=\"_blank\" rel=\"noreferrer noopener\" href=\"http:\/\/tidio.co\/en\">Tidio<\/a><\/td><td>Pendente<\/td><td>Persistent<\/td><td>HTML Local Storage<\/td><\/tr><\/tbody><\/table><\/figure>\n\n\n\n<p>Estat\u00edstica (6)<\/p>\n\n\n\n<p>Os cookies estat\u00edsticos ajudam os propriet\u00e1rios de sites a entender como os visitantes interagem com as p\u00e1ginas, coletando e fornecendo informa\u00e7\u00f5es de forma an\u00f4nima.<\/p>\n\n\n\n<figure class=\"wp-block-table\"><table class=\"has-fixed-layout\"><thead><tr><th>Nome<\/th><th>Fornecedor<\/th><th>Prop\u00f3sito<\/th><th>Expira\u00e7\u00e3o<\/th><th>Tipo<\/th><\/tr><\/thead><tbody><tr><td>_ga<\/td><td><a target=\"_blank\" rel=\"noreferrer noopener\" href=\"https:\/\/policies.google.com\/privacy\">Google<\/a><\/td><td>Registra uma identifica\u00e7\u00e3o \u00fanica que \u00e9 utilizada para gerar dados estat\u00edsticos sobre como o visitante utiliza o site.<\/td><td>2 anos<\/td><td>HTTP Cookie<\/td><\/tr><tr><td>_ga_#<\/td><td><a target=\"_blank\" rel=\"noreferrer noopener\" href=\"https:\/\/www.covermanager.com\/images\/ppcovermanager.pdf\">Cover Manager<\/a><\/td><td>Coleta dados sobre o n\u00famero de vezes que um usu\u00e1rio visitou o site, al\u00e9m das datas da primeira e da \u00faltima visita. Utilizado pelo Google Analytics.<\/td><td>2 anos<\/td><td>HTTP Cookie<\/td><\/tr><tr><td>_gat<\/td><td><a target=\"_blank\" rel=\"noreferrer noopener\" href=\"https:\/\/policies.google.com\/privacy\">Google<\/a><\/td><td>Utilizado pelo Google Analytics para controlar a taxa de solicita\u00e7\u00f5es.<\/td><td>1 dia<\/td><td>HTTP Cookie<\/td><\/tr><tr><td>_gid<\/td><td><a target=\"_blank\" rel=\"noreferrer noopener\" href=\"https:\/\/policies.google.com\/privacy\">Google<\/a><\/td><td>Registra uma identifica\u00e7\u00e3o \u00fanica que \u00e9 usada para gerar dados estat\u00edsticos sobre como o visitante utiliza o site.<\/td><td>1 dia<\/td><td>HTTP Cookie<\/td><\/tr><tr><td>events\/1\/c55b4e89ce<\/td><td><a target=\"_blank\" rel=\"noreferrer noopener\" href=\"https:\/\/newrelic.com\/privacy\">New Relic<\/a><\/td><td>Pendente<\/td><td>Session<\/td><td>Pixel Tracker<\/td><\/tr><tr><td>jserrors\/1\/#<\/td><td><a target=\"_blank\" rel=\"noreferrer noopener\" href=\"https:\/\/newrelic.com\/privacy\">New Relic<\/a><\/td><td>Pendente<\/td><td>Session<\/td><td>Pixel Tracker<\/td><\/tr><\/tbody><\/table><\/figure>\n\n\n\n<p>Marketing (9)<\/p>\n\n\n\n<p>Las cookies de marketing se utilizan para rastrear a los visitantes en las p\u00e1ginas web. La intenci\u00f3n es mostrar anuncios relevantes y atractivos para el usuario individual, y por lo tanto, m\u00e1s valiosos para los editores y terceros anunciantes.<\/p>\n\n\n\n<figure class=\"wp-block-table\"><table class=\"has-fixed-layout\"><thead><tr><th>Nome<\/th><th>Fornecedor<\/th><th>Prop\u00f3sito<\/th><th>Expira\u00e7\u00e3o<\/th><th>Tipo<\/th><\/tr><\/thead><tbody><tr><td>_fbp<\/td><td><a target=\"_blank\" rel=\"noreferrer noopener\" href=\"https:\/\/www.facebook.com\/policy.php\">Facebook<\/a><\/td><td>Utilizada pelo Facebook para fornecer uma s\u00e9rie de produtos publicit\u00e1rios, como lances em tempo real de anunciantes terceiros.<\/td><td>3 meses<\/td><td>HTTP Cookie<\/td><\/tr><tr><td>_gcl_au<\/td><td><a target=\"_blank\" rel=\"noreferrer noopener\" href=\"https:\/\/policies.google.com\/privacy\">Google Tag Manager<\/a><\/td><td>Utilizada pelo Google AdSense para experimentar a efici\u00eancia publicit\u00e1ria em sites que utilizam seus servi\u00e7os.<\/td><td>3 meses<\/td><td>HTTP Cookie<\/td><\/tr><tr><td>fr<\/td><td><a target=\"_blank\" rel=\"noreferrer noopener\" href=\"https:\/\/www.facebook.com\/policies\/cookies\/\">Facebook<\/a><\/td><td>Utilizada pelo Facebook para fornecer uma s\u00e9rie de produtos publicit\u00e1rios, como lances em tempo real de anunciantes de terceiros.<\/td><td>3 meses<\/td><td>HTTP Cookie<\/td><\/tr><tr><td>IDE<\/td><td><a target=\"_blank\" rel=\"noreferrer noopener\" href=\"https:\/\/policies.google.com\/privacy\">Google<\/a><\/td><td>Utilizada pelo Google DoubleClick para registrar e informar sobre as a\u00e7\u00f5es do usu\u00e1rio no site ap\u00f3s visualizar ou clicar em um dos an\u00fancios do anunciante, com o prop\u00f3sito de medir a efic\u00e1cia de um an\u00fancio e apresentar an\u00fancios espec\u00edficos para o usu\u00e1rio.<\/td><td>1 ano<\/td><td>HTTP Cookie<\/td><\/tr><tr><td>pagead\/1p-user-list\/#<\/td><td><a target=\"_blank\" rel=\"noreferrer noopener\" href=\"https:\/\/policies.google.com\/privacy\">Google<\/a><\/td><td>Utilizada para rastrear se o visitante demonstrou interesse espec\u00edfico em produtos ou eventos atrav\u00e9s de m\u00faltiplos sites e detectar como o visitante navega entre sites. Isso \u00e9 utilizado para medir os esfor\u00e7os publicit\u00e1rios e facilitar a taxa de exibi\u00e7\u00e3o entre sites.<\/td><td>Session<\/td><td>Pixel Tracker<\/td><\/tr><tr><td>pagead\/landing [x2]<\/td><td><a target=\"_blank\" rel=\"noreferrer noopener\" href=\"https:\/\/policies.google.com\/privacy\">Google<\/a><\/td><td>Coleta informa\u00e7\u00f5es sobre o comportamento do usu\u00e1rio em diferentes sites para exibir publicidade mais relevante. Tamb\u00e9m permite ao site limitar o n\u00famero de vezes que o usu\u00e1rio \u00e9 exposto ao mesmo an\u00fancio.<\/td><td>Session<\/td><td>Pixel Tracker<\/td><\/tr><tr><td>test_cookie<\/td><td><a target=\"_blank\" rel=\"noreferrer noopener\" href=\"https:\/\/policies.google.com\/privacy\">Google<\/a><\/td><td>Utilizada para verificar se o navegador do usu\u00e1rio suporta cookies.<\/td><td>1 dia<\/td><td>HTTP Cookie<\/td><\/tr><tr><td>tr<\/td><td><a target=\"_blank\" rel=\"noreferrer noopener\" href=\"https:\/\/www.facebook.com\/policies\/cookies\/\">Facebook<\/a><\/td><td>Utilizada pelo Facebook para fornecer uma s\u00e9rie de produtos publicit\u00e1rios, como lances em tempo real de anunciantes de terceiros.<\/td><td>Session<\/td><td>Pixel Tracker<\/td><\/tr><\/tbody><\/table><\/figure>\n\n\n\n<h3 class=\"wp-block-heading\">3. <strong>Forma de aceitar, negar, revogar o eliminar cookies.<\/strong><\/h3>\n\n\n\n<p>Quando o usu\u00e1rio acessa este site pela primeira vez, \u00e9 oferecida a possibilidade de conceder ou negar seu consentimento para o uso de cookies por meio da mensagem informativa que aparece na tela. A mensagem informativa permanecer\u00e1 vis\u00edvel at\u00e9 que o usu\u00e1rio conceda o consentimento, o negue ou configure os cookies de acordo com suas prefer\u00eancias pessoais.<\/p>\n\n\n\n<p>O usu\u00e1rio poder\u00e1 retirar o consentimento previamente concedido ou configurar os cookies a qualquer momento, quando desejar, a partir do widget de consentimento ou na se\u00e7\u00e3o final desta p\u00e1gina.<\/p>\n\n\n\n<h3 class=\"wp-block-heading\">4.<strong>Informa\u00e7\u00f5es sobre cookies fornecidas pelo navegador.<\/strong><\/h3>\n\n\n\n<p>Os cookies instalados no seu dispositivo podem ser permitidos, bloqueados ou eliminados atrav\u00e9s da configura\u00e7\u00e3o das op\u00e7\u00f5es do navegador instalado em seu dispositivo. O navegador pode ser configurado para notificar na tela a recep\u00e7\u00e3o de novos cookies e para impedir sua instala\u00e7\u00e3o. O usu\u00e1rio pode revogar o consentimento concedido quando os cookies foram instalados e elimin\u00e1-los. Ao eliminar os cookies, alguns servi\u00e7os ou funcionalidades de certos sites podem ser parcialmente ou totalmente limitados. Cada navegador pode ser configurado para aceitar ou rejeitar todos os cookies ou para selecionar quais cookies permitir ou bloquear. Os links para as p\u00e1ginas que fornecem informa\u00e7\u00f5es sobre como configurar os principais navegadores s\u00e3o os seguintes:<\/p>\n\n\n\n<ul class=\"wp-block-list\">\n<li>Microsoft Explorer:<br><a>http:\/\/windows.microsoft.com\/es-es\/internet-explorer\/ie-security-privacy-settings#ie=ie-11<\/a><\/li>\n\n\n\n<li>Mozilla Firefox:<br><a>http:\/\/support.mozilla.org\/es\/kb\/cookies-informacion-que-los-sitios-web-guardan-en-?redirectlocale=en-US&amp;redirectslug=Cookies<\/a><\/li>\n\n\n\n<li>Google Chrome:<br><a>https:\/\/support.google.com\/chrome\/answer\/95647?hl=es<\/a><\/li>\n\n\n\n<li>Safari:<br><a>http:\/\/support.apple.com\/kb\/HT1677?viewlocale=es_ES&amp;locale=es_ES<\/a><\/li>\n<\/ul>\n\n\n\n<p>El \u201cComplemento de inhabilitaci\u00f3n para navegadores de Google Analytics\u201d a trav\u00e9s de cuyas instrucciones pueden rechazarse las cookies anal\u00edticas de dicho servicio en todos los navegadores, se puede obtener a trav\u00e9s del enlace<a>https:\/\/tools.google.com\/dlpage\/gaoptout<\/a><\/p>\n\n\n\n<p>En la siguiente p\u00e1gina se puede consultar la pol\u00edtica de privacidad de Google:&nbsp;<a>http:\/\/www.google.es\/intl\/es\/policies\/privacy<\/a><\/p>\n\n\n\n<p>En la siguiente p\u00e1gina se puede consultar c\u00f3mo utiliza Google las cookies:<a>http:\/\/www.google.com\/intl\/es\/policies\/technologies\/cookies\/<\/a><\/p>\n\n\n\n<p>En la siguiente p\u00e1gina se puede consultar qu\u00e9 tipos de cookies utiliza Google:&nbsp;<a>http:\/\/www.google.com\/intl\/es\/policies\/technologies\/types\/<\/a><\/p>\n\n\n\n<h3 class=\"wp-block-heading\">5. <strong>Mudan\u00e7as na pol\u00edtica de cookies<\/strong>:<\/h3>\n\n\n\n\n\n\n\n<p>A CoverManager pode fazer modifica\u00e7\u00f5es na Pol\u00edtica de Cookies devido a mudan\u00e7as nas finalidades de uso dos cookies ou nos terceiros que os utilizam. Para isso, ser\u00e1 solicitado ao usu\u00e1rio que renove o consentimento e tome uma nova decis\u00e3o sobre os cookies.<\/p>\n\n\n\n<h3 class=\"wp-block-heading\">6. Outras informa\u00e7\u00f5es do artigo 13 do RGPD<\/h3>\n\n\n\n<p>Em rela\u00e7\u00e3o \u00e0s informa\u00e7\u00f5es exigidas pelo artigo 13 do RGPD que n\u00e3o se referem especificamente aos cookies, elas est\u00e3o dispon\u00edveis para o usu\u00e1rio na pol\u00edtica de privacidade do site.<\/p>\n\n\n\n<p>Se voc\u00ea tiver d\u00favidas sobre esta pol\u00edtica de cookies, pode entrar em contato com a Restaurant Booking &amp; Distribution Services S.L., Avenida de la Constituci\u00f3n n\u00ba24, quarto andar (41001, Sevilha), titular do portal acess\u00edvel no endere\u00e7o URL <a href=\"https:\/\/www.covermanager.com\/es\/\">https:\/\/www.covermanager.com\/<\/a>pt\/.<\/p>\n\n\n\n<div id=\"block_839bcac24ba7067d9d975a3dd70a9463\" class=\"bisiesto-block b-spacer \" style=\"width:100%; height: clamp(40px, 3.4285714285714vw + 22.857142857143px, 64px);\">\n\n<\/div>\n\n","protected":false},"excerpt":{"rendered":"<p>Pol\u00edtica de cookies 1. O que s\u00e3o cookies? CoverManager utiliza cookies e\/ou tecnologias semelhantes que armazenam e recuperam informa\u00e7\u00f5es, quando navega, para proporcionar uma melhor experi\u00eancia na web. Em geral, estas tecnologias podem servir uma variedade de objetivos, tais como, por exemplo, o reconhecimento como utilizador, obter informa\u00e7\u00f5es sobre os h\u00e1bitos de navega\u00e7\u00e3o, ou personalizar [&hellip;]<\/p>\n","protected":false},"author":1,"featured_media":0,"parent":0,"menu_order":0,"comment_status":"closed","ping_status":"closed","template":"page-legal.php","meta":{"_acf_changed":false,"footnotes":""},"class_list":["post-416","page","type-page","status-publish","hentry"],"acf":[],"_links":{"self":[{"href":"https:\/\/www.covermanager.com\/pt\/wp-json\/wp\/v2\/pages\/416","targetHints":{"allow":["GET"]}}],"collection":[{"href":"https:\/\/www.covermanager.com\/pt\/wp-json\/wp\/v2\/pages"}],"about":[{"href":"https:\/\/www.covermanager.com\/pt\/wp-json\/wp\/v2\/types\/page"}],"author":[{"embeddable":true,"href":"https:\/\/www.covermanager.com\/pt\/wp-json\/wp\/v2\/users\/1"}],"replies":[{"embeddable":true,"href":"https:\/\/www.covermanager.com\/pt\/wp-json\/wp\/v2\/comments?post=416"}],"version-history":[{"count":18,"href":"https:\/\/www.covermanager.com\/pt\/wp-json\/wp\/v2\/pages\/416\/revisions"}],"predecessor-version":[{"id":7466,"href":"https:\/\/www.covermanager.com\/pt\/wp-json\/wp\/v2\/pages\/416\/revisions\/7466"}],"wp:attachment":[{"href":"https:\/\/www.covermanager.com\/pt\/wp-json\/wp\/v2\/media?parent=416"}],"curies":[{"name":"wp","href":"https:\/\/api.w.org\/{rel}","templated":true}]}}